{"id":9,"date":"2018-06-28T10:22:51","date_gmt":"2018-06-27T22:22:51","guid":{"rendered":"https:\/\/www.bbm.co.nz\/fr\/welcome-to-bbm-translation-service\/"},"modified":"2024-05-18T14:23:19","modified_gmt":"2024-05-18T02:23:19","slug":"welcome-to-bbm-translation-service","status":"publish","type":"page","link":"https:\/\/www.bbm.co.nz\/fr\/","title":{"rendered":"Bienvenue chez BBM Translation Services &#8211; Auckland &#038; Beijing"},"content":{"rendered":"<h2>Bonjour ! Hello ! Kia Ora !<\/h2>\n<p>Nous sommes une agence de traduction professionnelle bas\u00e9e \u00e0 Auckland, en Nouvelle-Z\u00e9lande, et \u00e0 P\u00e9kin, en Chine. Notre mission est de fournir des solutions linguistiques compl\u00e8tes, notamment entre le chinois et d\u2019autres langues, \u00e0 notre client\u00e8le internationale.<\/p>\n<h2>Notre Histoire<\/h2>\n<p>BBM Translation Service a connu une croissance constante depuis sa cr\u00e9ation \u00e0 P\u00e9kin en 1999, et son expansion \u00e0 Auckland en 2012. Notre engagement ind\u00e9fectible envers nos clients, notre personnel et nos parties prenantes a \u00e9t\u00e9 la pierre angulaire de notre croissance. Gr\u00e2ce au fuseau horaire UTC+12:00 de la Nouvelle-Z\u00e9lande, nous pouvons r\u00e9pondre rapidement aux besoins de nos clients.<\/p>\n<h2>Nos Services<\/h2>\n<p>Nous proposons une vaste gamme de services linguistiques, incluant <strong><a href=\"https:\/\/www.bbm.co.nz\/fr\/our-services\/document-translation\/\">la traduction de documents<\/a><\/strong>, <strong><a href=\"https:\/\/www.bbm.co.nz\/fr\/our-services\/interpretation\/\">l&rsquo;interpr\u00e9tation<\/a><\/strong>, <strong><a href=\"https:\/\/www.bbm.co.nz\/fr\/our-services\/multilingual-copywriting-your-secret-weapon-in-the-global-market\/\">la r\u00e9daction publicitaire multilingue<\/a><\/strong>, <strong><a href=\"https:\/\/www.bbm.co.nz\/fr\/our-services\/multilingual-content-writing-your-key-to-global-engagement\/\">la cr\u00e9ation de contenu multilingue<\/a><\/strong>, <strong><a href=\"https:\/\/www.bbm.co.nz\/fr\/our-services\/video-transcript\/\">la transcription vid\u00e9o<\/a><\/strong>, <strong><a href=\"https:\/\/www.bbm.co.nz\/fr\/our-services\/software-localization\/\">la localisation de logiciels<\/a><\/strong>, <strong><a href=\"https:\/\/www.bbm.co.nz\/fr\/our-services\/dtp-desktop-publishing\/\">la Publication Assist\u00e9e par Ordinateur (PAO)<\/a><\/strong>, <strong><a href=\"https:\/\/www.bbm.co.nz\/fr\/our-services\/scholarly-paper-polishing\/\">le polissage de documents acad\u00e9miques<\/a><\/strong>, <strong><a href=\"https:\/\/www.bbm.co.nz\/fr\/our-services\/literature-screening\/\">la recherche bibliographique<\/a><\/strong>, <strong><a href=\"https:\/\/www.bbm.co.nz\/fr\/our-services\/translation-training\/\">la formation en traduction<\/a><\/strong>, <strong><a href=\"https:\/\/www.bbm.co.nz\/fr\/brand-promotion\/\">la promotion de marque<\/a><\/strong>, et bien plus encore. Nous nous sp\u00e9cialisons particuli\u00e8rement dans les paires de langues telles que le chinois-anglais, le chinois-fran\u00e7ais, le chinois-allemand, le chinois-japonais, le chinois-cor\u00e9en, et bien d&rsquo;autres.<\/p>\n<h2>Notre Engagement<\/h2>\n<p>Chez BBM Translation Service, nous comprenons les subtilit\u00e9s de la linguistique et sommes pr\u00eats \u00e0 travailler avec vous pour obtenir des r\u00e9sultats satisfaisants. Notre culture de travail est guid\u00e9e par \u201cla Pr\u00e9cision, la Qualit\u00e9 et l\u2019Engagement\u201d.<\/p>\n<p>Pour plus d\u2019informations sur nos services, n\u2019h\u00e9sitez pas \u00e0 <strong><a href=\"https:\/\/www.bbm.co.nz\/fr\/contact-us\/\">nous contacter<\/a><\/strong>.<\/p>\n<p><img loading=\"lazy\" decoding=\"async\" class=\"alignnone size-full wp-image-1533\" src=\"https:\/\/www.bbm.co.nz\/wp-content\/uploads\/modern_linguistic_partner-jpg.webp\" alt=\"\" width=\"1024\" height=\"1024\" \/><\/p>\n","protected":false},"excerpt":{"rendered":"<p>Bonjour ! Hello ! Kia Ora ! Nous sommes une agence de traduction professionnelle bas\u00e9e \u00e0 Auckland, en Nouvelle-Z\u00e9lande, et \u00e0 P\u00e9kin, en Chine. Notre mission est de fournir des solutions linguistiques compl\u00e8tes, notamment entre le chinois et d\u2019autres langues, \u00e0 notre client\u00e8le internationale. Notre Histoire BBM Translation Service a connu une croissance constante depuis [&hellip;]<\/p>\n","protected":false},"author":3,"featured_media":0,"parent":0,"menu_order":0,"comment_status":"closed","ping_status":"closed","template":"","meta":{"_seopress_robots_primary_cat":"","_seopress_titles_title":"","_seopress_titles_desc":"","_seopress_robots_index":"","footnotes":""},"class_list":["post-9","page","type-page","status-publish","hentry"],"_links":{"self":[{"href":"https:\/\/www.bbm.co.nz\/fr\/wp-json\/wp\/v2\/pages\/9"}],"collection":[{"href":"https:\/\/www.bbm.co.nz\/fr\/wp-json\/wp\/v2\/pages"}],"about":[{"href":"https:\/\/www.bbm.co.nz\/fr\/wp-json\/wp\/v2\/types\/page"}],"author":[{"embeddable":true,"href":"https:\/\/www.bbm.co.nz\/fr\/wp-json\/wp\/v2\/users\/3"}],"replies":[{"embeddable":true,"href":"https:\/\/www.bbm.co.nz\/fr\/wp-json\/wp\/v2\/comments?post=9"}],"version-history":[{"count":18,"href":"https:\/\/www.bbm.co.nz\/fr\/wp-json\/wp\/v2\/pages\/9\/revisions"}],"predecessor-version":[{"id":233,"href":"https:\/\/www.bbm.co.nz\/fr\/wp-json\/wp\/v2\/pages\/9\/revisions\/233"}],"wp:attachment":[{"href":"https:\/\/www.bbm.co.nz\/fr\/wp-json\/wp\/v2\/media?parent=9"}],"curies":[{"name":"wp","href":"https:\/\/api.w.org\/{rel}","templated":true}]}}