{"id":8,"date":"2022-06-29T12:59:06","date_gmt":"2022-06-29T00:59:06","guid":{"rendered":"https:\/\/www.bbm.co.nz\/fr\/our-services\/literature-screening\/"},"modified":"2024-05-18T12:37:11","modified_gmt":"2024-05-18T00:37:11","slug":"literature-screening","status":"publish","type":"page","link":"https:\/\/www.bbm.co.nz\/fr\/our-services\/literature-screening\/","title":{"rendered":"Recherche bibliographique"},"content":{"rendered":"<div class=\"content\" tabindex=\"0\" aria-description=\"\">\n<div class=\"ac-container ac-adaptiveCard\">\n<div class=\"ac-textBlock\">\n<h2>Recherche bibliographique \u2014 Au Service de la Recherche et de la Conformit\u00e9<\/h2>\n<p>Chez BBM Translation, nous proposons un service complet de recherche bibliographique et de reporting, con\u00e7u pour r\u00e9pondre aux besoins diversifi\u00e9s de nos clients. Ce service est une partie int\u00e9grante de notre engagement \u00e0 fournir des solutions sur mesure de haute qualit\u00e9 qui soutiennent les besoins de recherche et d\u2019information de nos clients.<\/p>\n<p>Notre processus de recherche bibliographique est m\u00e9ticuleux et approfondi. Nous utilisons des strat\u00e9gies de recherche avanc\u00e9es et exploitons une large gamme de ressources pour nous assurer de capturer toute la litt\u00e9rature pertinente pour nos clients. Notre \u00e9quipe d\u2019experts est comp\u00e9tente pour identifier et \u00e9valuer la litt\u00e9rature en fonction de crit\u00e8res d\u2019inclusion et d\u2019exclusion pr\u00e9d\u00e9finis, garantissant que seule la litt\u00e9rature la plus pertinente et de haute qualit\u00e9 est incluse dans nos rapports.<\/p>\n<p>Une fois que la litt\u00e9rature a \u00e9t\u00e9 s\u00e9lectionn\u00e9e, nous passons \u00e0 la phase de reporting. Nos rapports ne sont pas seulement une compilation de litt\u00e9rature ; ce sont des documents soigneusement \u00e9labor\u00e9s qui fournissent un aper\u00e7u complet de la litt\u00e9rature s\u00e9lectionn\u00e9e. Nous pr\u00e9sentons les informations de mani\u00e8re claire et concise, facilitant ainsi la compr\u00e9hension et l\u2019utilisation des informations par nos clients.<\/p>\n<p>Notre service de recherche bibliographique et de reporting n\u2019est pas limit\u00e9 \u00e0 un domaine ou une discipline sp\u00e9cifique. Que vous travailliez dans le domaine m\u00e9dical, des affaires, de l\u2019informatique ou dans tout autre domaine, nous pouvons vous fournir un service de recherche bibliographique et de reporting qui r\u00e9pond \u00e0 vos besoins sp\u00e9cifiques.<\/p>\n<p>Chez BBM Translation, nous comprenons l\u2019importance d\u2019avoir acc\u00e8s \u00e0 des informations pr\u00e9cises et \u00e0 jour. C\u2019est pourquoi nous nous engageons \u00e0 fournir \u00e0 nos clients un service de recherche bibliographique et de reporting qui r\u00e9pond \u00e0 cette exigence. Avec notre service, vous pouvez \u00eatre s\u00fbr d\u2019avoir toutes les informations dont vous avez besoin pour prendre des d\u00e9cisions \u00e9clair\u00e9es.<\/p>\n<\/div>\n<\/div>\n<\/div>\n<p><img loading=\"lazy\" decoding=\"async\" class=\"alignnone size-full wp-image-1583\" src=\"https:\/\/www.bbm.co.nz\/wp-content\/uploads\/university_library-1-jpg.webp\" alt=\"literature screening\" width=\"1024\" height=\"1024\" \/><\/p>\n","protected":false},"excerpt":{"rendered":"<p>Recherche bibliographique \u2014 Au Service de la Recherche et de la Conformit\u00e9 Chez BBM Translation, nous proposons un service complet de recherche bibliographique et de reporting, con\u00e7u pour r\u00e9pondre aux besoins diversifi\u00e9s de nos clients. Ce service est une partie int\u00e9grante de notre engagement \u00e0 fournir des solutions sur mesure de haute qualit\u00e9 qui soutiennent [&hellip;]<\/p>\n","protected":false},"author":3,"featured_media":0,"parent":5,"menu_order":0,"comment_status":"closed","ping_status":"closed","template":"","meta":{"_seopress_robots_primary_cat":"","_seopress_titles_title":"","_seopress_titles_desc":"","_seopress_robots_index":"","footnotes":""},"class_list":["post-8","page","type-page","status-publish","hentry"],"_links":{"self":[{"href":"https:\/\/www.bbm.co.nz\/fr\/wp-json\/wp\/v2\/pages\/8"}],"collection":[{"href":"https:\/\/www.bbm.co.nz\/fr\/wp-json\/wp\/v2\/pages"}],"about":[{"href":"https:\/\/www.bbm.co.nz\/fr\/wp-json\/wp\/v2\/types\/page"}],"author":[{"embeddable":true,"href":"https:\/\/www.bbm.co.nz\/fr\/wp-json\/wp\/v2\/users\/3"}],"replies":[{"embeddable":true,"href":"https:\/\/www.bbm.co.nz\/fr\/wp-json\/wp\/v2\/comments?post=8"}],"version-history":[{"count":5,"href":"https:\/\/www.bbm.co.nz\/fr\/wp-json\/wp\/v2\/pages\/8\/revisions"}],"predecessor-version":[{"id":218,"href":"https:\/\/www.bbm.co.nz\/fr\/wp-json\/wp\/v2\/pages\/8\/revisions\/218"}],"up":[{"embeddable":true,"href":"https:\/\/www.bbm.co.nz\/fr\/wp-json\/wp\/v2\/pages\/5"}],"wp:attachment":[{"href":"https:\/\/www.bbm.co.nz\/fr\/wp-json\/wp\/v2\/media?parent=8"}],"curies":[{"name":"wp","href":"https:\/\/api.w.org\/{rel}","templated":true}]}}