{"id":6,"date":"2022-06-29T12:59:06","date_gmt":"2022-06-29T00:59:06","guid":{"rendered":"https:\/\/www.bbm.co.nz\/fr\/our-services\/scholarly-paper-polishing\/"},"modified":"2024-05-18T12:50:28","modified_gmt":"2024-05-18T00:50:28","slug":"scholarly-paper-polishing","status":"publish","type":"page","link":"https:\/\/www.bbm.co.nz\/fr\/our-services\/scholarly-paper-polishing\/","title":{"rendered":"Polissage de Documents Acad\u00e9miques"},"content":{"rendered":"<div class=\"message\">\n<div class=\"content\" tabindex=\"0\" aria-description=\"\">\n<div class=\"ac-container ac-adaptiveCard\">\n<div class=\"ac-textBlock\">\n<h2><strong>Polissage de Documents Acad\u00e9miques : Un D\u00e9fi Relev\u00e9 avec Succ\u00e8s<\/strong><\/h2>\n<p>BBM est en premi\u00e8re ligne pour fournir une gamme compl\u00e8te de services, y compris le polissage de documents acad\u00e9miques, l\u2019\u00e9dition et la pr\u00e9-publication. Notre client\u00e8le est diversifi\u00e9e, comprenant des individus engag\u00e9s dans la recherche scientifique, les \u00e9tudes acad\u00e9miques et diverses activit\u00e9s professionnelles. Ces individus aspirent \u00e0 publier leurs recherches novatrices dans des revues et des plateformes internationales renomm\u00e9es, et nous sommes l\u00e0 pour faciliter cette aspiration.<\/p>\n<p>Nos services d\u2019\u00e9dition sont vastes, couvrant un large \u00e9ventail de disciplines. Celles-ci comprennent, mais ne se limitent pas \u00e0, les sciences m\u00e9dicales avec leurs divers sous-domaines tels que les produits pharmaceutiques, les dispositifs m\u00e9dicaux et les modalit\u00e9s d\u2019imagerie m\u00e9dicale. Nous r\u00e9pondons \u00e9galement aux domaines de la psychologie, de la gestion d\u2019entreprise et de l\u2019informatique, avec un accent particulier sur le domaine \u00e9mergent de l\u2019Intelligence Artificielle.<\/p>\n<p>Chez BBM, nous avons une \u00e9quipe d\u00e9di\u00e9e d\u2019experts charg\u00e9s du polissage de documents acad\u00e9miques. Nos membres d\u2019\u00e9quipe proviennent de solides milieux de recherche scientifique, apportant une richesse de connaissances et d\u2019exp\u00e9rience \u00e0 la table. Ils sont familiers avec les subtilit\u00e9s de l\u2019\u00e9criture acad\u00e9mique et poss\u00e8dent une vaste exp\u00e9rience dans la pr\u00e9paration de manuscrits et les processus de soumission.<\/p>\n<p>Notre \u00e9quipe est pleinement consciente des diverses directives de publication et est habile \u00e0 structurer les documents, \u00e0 formuler des arguments logiques et \u00e0 prendre en charge toutes les minuties qui garantissent une publication de haute qualit\u00e9. Ils sont m\u00e9ticuleux, ax\u00e9s sur les d\u00e9tails et engag\u00e9s envers l\u2019excellence, des qualit\u00e9s qui se refl\u00e8tent dans le travail qu\u2019ils produisent.<\/p>\n<p>De plus, notre \u00e9quipe reste disponible tout au long du processus de cr\u00e9ation et de finalisation des documents acad\u00e9miques. Cela comprend la r\u00e9daction, l\u2019\u00e9dition, les r\u00e9ponses aux r\u00e9viseurs et les soumissions finales. Leur implication continue garantit un processus sans faille et un produit final poli qui r\u00e9pond aux normes les plus \u00e9lev\u00e9es de rigueur acad\u00e9mique.<\/p>\n<p>Chez BBM, nous comprenons l\u2019importance de la communication acad\u00e9mique et le r\u00f4le qu\u2019elle joue dans l\u2019avancement des connaissances et la promotion de la croissance intellectuelle. Nous nous engageons \u00e0 aider nos clients \u00e0 communiquer efficacement et pr\u00e9cis\u00e9ment leurs id\u00e9es, garantissant ainsi que leurs recherches re\u00e7oivent la reconnaissance qu\u2019elles m\u00e9ritent.<\/p>\n<\/div>\n<\/div>\n<\/div>\n<\/div>\n<p><img loading=\"lazy\" decoding=\"async\" class=\"alignnone size-full wp-image-1584\" src=\"https:\/\/www.bbm.co.nz\/wp-content\/uploads\/ancient_book-jpg.webp\" alt=\"paper polishing\" width=\"1023\" height=\"1024\" \/><\/p>\n","protected":false},"excerpt":{"rendered":"<p>Polissage de Documents Acad\u00e9miques : Un D\u00e9fi Relev\u00e9 avec Succ\u00e8s BBM est en premi\u00e8re ligne pour fournir une gamme compl\u00e8te de services, y compris le polissage de documents acad\u00e9miques, l\u2019\u00e9dition et la pr\u00e9-publication. Notre client\u00e8le est diversifi\u00e9e, comprenant des individus engag\u00e9s dans la recherche scientifique, les \u00e9tudes acad\u00e9miques et diverses activit\u00e9s professionnelles. Ces individus aspirent [&hellip;]<\/p>\n","protected":false},"author":3,"featured_media":0,"parent":5,"menu_order":0,"comment_status":"closed","ping_status":"closed","template":"","meta":{"_seopress_robots_primary_cat":"","_seopress_titles_title":"","_seopress_titles_desc":"","_seopress_robots_index":"","footnotes":""},"class_list":["post-6","page","type-page","status-publish","hentry"],"_links":{"self":[{"href":"https:\/\/www.bbm.co.nz\/fr\/wp-json\/wp\/v2\/pages\/6"}],"collection":[{"href":"https:\/\/www.bbm.co.nz\/fr\/wp-json\/wp\/v2\/pages"}],"about":[{"href":"https:\/\/www.bbm.co.nz\/fr\/wp-json\/wp\/v2\/types\/page"}],"author":[{"embeddable":true,"href":"https:\/\/www.bbm.co.nz\/fr\/wp-json\/wp\/v2\/users\/3"}],"replies":[{"embeddable":true,"href":"https:\/\/www.bbm.co.nz\/fr\/wp-json\/wp\/v2\/comments?post=6"}],"version-history":[{"count":2,"href":"https:\/\/www.bbm.co.nz\/fr\/wp-json\/wp\/v2\/pages\/6\/revisions"}],"predecessor-version":[{"id":221,"href":"https:\/\/www.bbm.co.nz\/fr\/wp-json\/wp\/v2\/pages\/6\/revisions\/221"}],"up":[{"embeddable":true,"href":"https:\/\/www.bbm.co.nz\/fr\/wp-json\/wp\/v2\/pages\/5"}],"wp:attachment":[{"href":"https:\/\/www.bbm.co.nz\/fr\/wp-json\/wp\/v2\/media?parent=6"}],"curies":[{"name":"wp","href":"https:\/\/api.w.org\/{rel}","templated":true}]}}