{"id":5,"date":"2013-09-11T09:03:16","date_gmt":"2013-09-10T21:03:16","guid":{"rendered":"https:\/\/www.bbm.co.nz\/fr\/our-services\/"},"modified":"2024-05-18T12:13:40","modified_gmt":"2024-05-18T00:13:40","slug":"our-services","status":"publish","type":"page","link":"https:\/\/www.bbm.co.nz\/fr\/our-services\/","title":{"rendered":"Nos Services"},"content":{"rendered":"\r\n<p>Chez BBM Translation Service, nous proposons une large gamme de services pour r\u00e9pondre \u00e0 vos besoins linguistiques. Cliquez sur un service pour en savoir plus :<\/p>\r\n<ul>\r\n<li><a href=\"https:\/\/www.bbm.co.nz\/fr\/our-services\/document-translation\/\"><strong>Traduction de documents<\/strong><\/a> : Nous assurons la traduction pr\u00e9cise et professionnelle de divers types de documents.<\/li>\r\n<li><a href=\"https:\/\/www.bbm.co.nz\/fr\/our-services\/interpretation\/\"><strong>Interpr\u00e9tation<\/strong> <\/a>: Nos interpr\u00e8tes qualifi\u00e9s peuvent faciliter la communication dans diverses situations.<\/li>\r\n<li><a href=\"https:\/\/www.bbm.co.nz\/fr\/our-services\/multilingual-copywriting-your-secret-weapon-in-the-global-market\/\"><strong>R\u00e9daction publicitaire multilingue<\/strong> <\/a>: Nos r\u00e9dacteurs talentueux peuvent cr\u00e9er un contenu convaincant et persuasif dans plusieurs langues, adapt\u00e9 \u00e0 votre public cible et \u00e0 votre march\u00e9.<\/li>\r\n<li><a href=\"https:\/\/www.bbm.co.nz\/fr\/our-services\/multilingual-content-writing-your-key-to-global-engagement\/\"><strong>R\u00e9daction de contenu multilingue<\/strong> <\/a>: Nous proposons des services de r\u00e9daction de contenu dans diff\u00e9rentes langues, garantissant que votre message est efficacement communiqu\u00e9 \u00e0 des publics diversifi\u00e9s.<\/li>\r\n<li><a href=\"https:\/\/www.bbm.co.nz\/fr\/our-services\/video-transcript\/\"><strong>Transcription vid\u00e9o<\/strong><\/a> : Nous pouvons transcrire et traduire vos vid\u00e9os pour atteindre un public plus large.<\/li>\r\n<li><a href=\"https:\/\/www.bbm.co.nz\/fr\/our-services\/software-localization\/\"><strong>Localisation de logiciels<\/strong><\/a> : Nous pouvons vous aider \u00e0 adapter votre logiciel \u00e0 diff\u00e9rentes langues et cultures, augmentant ainsi votre port\u00e9e globale.<\/li>\r\n<li><a href=\"https:\/\/www.bbm.co.nz\/fr\/our-services\/dtp-desktop-publishing\/\"><strong>PAO (Publication Assist\u00e9e par Ordinateur)<\/strong> <\/a>: Nos services de PAO peuvent vous aider \u00e0 cr\u00e9er des documents professionnels et visuellement attrayants dans diff\u00e9rentes langues.<\/li>\r\n<li><a href=\"https:\/\/www.bbm.co.nz\/fr\/our-services\/scholarly-paper-polishing\/\"><strong>Polissage de documents acad\u00e9miques<\/strong> <\/a>: Nous pouvons vous aider \u00e0 peaufiner et \u00e0 polir vos articles de recherche pour leur publication.<\/li>\r\n<li><a href=\"https:\/\/www.bbm.co.nz\/fr\/our-services\/literature-screening\/\"><strong>Recherche bibliographique <\/strong><\/a>: Notre \u00e9quipe peut vous aider dans la s\u00e9lection et la r\u00e9daction de revues de litt\u00e9rature dans diff\u00e9rentes langues.<\/li>\r\n<li><a href=\"https:\/\/www.bbm.co.nz\/fr\/our-services\/translation-training\/\"><strong>Formation en traduction<\/strong> <\/a>: Nous proposons des programmes de formation pour les futurs traducteurs et interpr\u00e8tes.<\/li>\r\n<li><a href=\"https:\/\/www.bbm.co.nz\/fr\/brand-promotion\/\"><strong>Promotion de marque<\/strong> <\/a>: Contrairement aux strat\u00e9gies traditionnelles de promotion de marque, nous utilisons notre expertise linguistique pour renforcer l\u2019image de votre marque.<\/li>\r\n<\/ul>\r\n<p><img loading=\"lazy\" decoding=\"async\" class=\"alignnone size-full wp-image-1585\" src=\"https:\/\/www.bbm.co.nz\/wp-content\/uploads\/group_discussion2-jpg.webp\" alt=\"BBM Services\" width=\"1024\" height=\"1024\" \/><\/p>\r\n","protected":false},"excerpt":{"rendered":"<p>Chez BBM Translation Service, nous proposons une large gamme de services pour r\u00e9pondre \u00e0 vos besoins linguistiques. Cliquez sur un service pour en savoir plus : Traduction de documents : Nous assurons la traduction pr\u00e9cise et professionnelle de divers types de documents. Interpr\u00e9tation : Nos interpr\u00e8tes qualifi\u00e9s peuvent faciliter la communication dans diverses situations. R\u00e9daction [&hellip;]<\/p>\n","protected":false},"author":3,"featured_media":0,"parent":0,"menu_order":0,"comment_status":"closed","ping_status":"closed","template":"","meta":{"_seopress_robots_primary_cat":"","_seopress_titles_title":"","_seopress_titles_desc":"","_seopress_robots_index":"","footnotes":""},"class_list":["post-5","page","type-page","status-publish","hentry"],"_links":{"self":[{"href":"https:\/\/www.bbm.co.nz\/fr\/wp-json\/wp\/v2\/pages\/5"}],"collection":[{"href":"https:\/\/www.bbm.co.nz\/fr\/wp-json\/wp\/v2\/pages"}],"about":[{"href":"https:\/\/www.bbm.co.nz\/fr\/wp-json\/wp\/v2\/types\/page"}],"author":[{"embeddable":true,"href":"https:\/\/www.bbm.co.nz\/fr\/wp-json\/wp\/v2\/users\/3"}],"replies":[{"embeddable":true,"href":"https:\/\/www.bbm.co.nz\/fr\/wp-json\/wp\/v2\/comments?post=5"}],"version-history":[{"count":8,"href":"https:\/\/www.bbm.co.nz\/fr\/wp-json\/wp\/v2\/pages\/5\/revisions"}],"predecessor-version":[{"id":215,"href":"https:\/\/www.bbm.co.nz\/fr\/wp-json\/wp\/v2\/pages\/5\/revisions\/215"}],"wp:attachment":[{"href":"https:\/\/www.bbm.co.nz\/fr\/wp-json\/wp\/v2\/media?parent=5"}],"curies":[{"name":"wp","href":"https:\/\/api.w.org\/{rel}","templated":true}]}}