{"id":4,"date":"2022-06-29T15:27:40","date_gmt":"2022-06-29T03:27:40","guid":{"rendered":"https:\/\/www.bbm.co.nz\/fr\/our-clients\/"},"modified":"2024-05-18T11:42:40","modified_gmt":"2024-05-17T23:42:40","slug":"our-clients","status":"publish","type":"page","link":"https:\/\/www.bbm.co.nz\/fr\/our-clients\/","title":{"rendered":"Nos Clients"},"content":{"rendered":"<p>Chez BBM Translation Service, nos clients sont au c\u0153ur de toutes nos actions. Nous sommes conscients que sans eux, notre entreprise ne pourrait pas prosp\u00e9rer. C\u2019est pourquoi nous mettons un point d\u2019honneur \u00e0 \u00e9tablir des relations solides et durables avec chacun d\u2019eux.<\/p>\n<p>Nos clients sont le moteur de notre entreprise. Ils nous offrent l\u2019opportunit\u00e9 de d\u00e9montrer notre expertise en mati\u00e8re de services de traduction et d\u2019avoir un impact significatif sur leur vie ou leur entreprise. Que ce soit pour la traduction de documents importants, la localisation de contenu pour des audiences internationales ou la facilitation de la communication interculturelle, nos clients nous font confiance pour fournir des solutions pr\u00e9cises et fiables qui r\u00e9pondent \u00e0 leurs besoins.<\/p>\n<p>De plus, nos clients ne sont pas seulement des transactions ; ils sont des partenaires dans un voyage vers le succ\u00e8s mutuel. Nous appr\u00e9cions leurs retours, leurs id\u00e9es et leurs perspectives uniques, qui nous aident \u00e0 am\u00e9liorer continuellement et \u00e0 innover dans nos services. En \u00e9coutant nos clients et en comprenant leurs objectifs et leurs d\u00e9fis, nous pouvons mieux aligner nos offres pour r\u00e9pondre et d\u00e9passer leurs attentes.<\/p>\n<p>Chez BBM Translation Service, nous reconnaissons que gagner et maintenir la confiance de nos clients est essentiel. C\u2019est pourquoi nous visons l\u2019excellence dans tous les aspects de nos op\u00e9rations, de la qualit\u00e9 de nos traducteurs \u00e0 l\u2019efficacit\u00e9 de nos processus de gestion de projet. Nous nous effor\u00e7ons de fournir une exp\u00e9rience fluide et exceptionnelle \u00e0 nos clients, garantissant leur satisfaction et leur fid\u00e9lit\u00e9 pour les ann\u00e9es \u00e0 venir.<\/p>\n<p>N&rsquo;h\u00e9sitez pas \u00e0 explorer davantage gr\u00e2ce \u00e0 notre <a href=\"https:\/\/www.bbm.co.nz\/fr\/our-clients\/some-of-our-esteemed-clients\/\"><strong>liste de clients<\/strong><\/a> et <a href=\"https:\/\/www.bbm.co.nz\/fr\/our-clients\/client-testimonials\/\"><strong>t\u00e9moignages de clients<\/strong><\/a>.<\/p>\n<p><img loading=\"lazy\" decoding=\"async\" class=\"alignnone size-full wp-image-1596\" src=\"https:\/\/www.bbm.co.nz\/wp-content\/uploads\/clients-jpg.webp\" alt=\"BBM Clients\" width=\"1024\" height=\"1024\" \/><\/p>\n","protected":false},"excerpt":{"rendered":"<p>Chez BBM Translation Service, nos clients sont au c\u0153ur de toutes nos actions. Nous sommes conscients que sans eux, notre entreprise ne pourrait pas prosp\u00e9rer. C\u2019est pourquoi nous mettons un point d\u2019honneur \u00e0 \u00e9tablir des relations solides et durables avec chacun d\u2019eux. Nos clients sont le moteur de notre entreprise. Ils nous offrent l\u2019opportunit\u00e9 de [&hellip;]<\/p>\n","protected":false},"author":3,"featured_media":0,"parent":0,"menu_order":0,"comment_status":"closed","ping_status":"closed","template":"","meta":{"_seopress_robots_primary_cat":"","_seopress_titles_title":"","_seopress_titles_desc":"","_seopress_robots_index":"","footnotes":""},"class_list":["post-4","page","type-page","status-publish","hentry"],"_links":{"self":[{"href":"https:\/\/www.bbm.co.nz\/fr\/wp-json\/wp\/v2\/pages\/4"}],"collection":[{"href":"https:\/\/www.bbm.co.nz\/fr\/wp-json\/wp\/v2\/pages"}],"about":[{"href":"https:\/\/www.bbm.co.nz\/fr\/wp-json\/wp\/v2\/types\/page"}],"author":[{"embeddable":true,"href":"https:\/\/www.bbm.co.nz\/fr\/wp-json\/wp\/v2\/users\/3"}],"replies":[{"embeddable":true,"href":"https:\/\/www.bbm.co.nz\/fr\/wp-json\/wp\/v2\/comments?post=4"}],"version-history":[{"count":12,"href":"https:\/\/www.bbm.co.nz\/fr\/wp-json\/wp\/v2\/pages\/4\/revisions"}],"predecessor-version":[{"id":211,"href":"https:\/\/www.bbm.co.nz\/fr\/wp-json\/wp\/v2\/pages\/4\/revisions\/211"}],"wp:attachment":[{"href":"https:\/\/www.bbm.co.nz\/fr\/wp-json\/wp\/v2\/media?parent=4"}],"curies":[{"name":"wp","href":"https:\/\/api.w.org\/{rel}","templated":true}]}}