{"id":21,"date":"2013-09-11T09:03:28","date_gmt":"2013-09-10T21:03:28","guid":{"rendered":"https:\/\/www.bbm.co.nz\/fr\/our-services\/interpretation\/"},"modified":"2024-05-18T12:34:09","modified_gmt":"2024-05-18T00:34:09","slug":"interpretation","status":"publish","type":"page","link":"https:\/\/www.bbm.co.nz\/fr\/our-services\/interpretation\/","title":{"rendered":"Interpr\u00e9tation"},"content":{"rendered":"<div class=\"content\" tabindex=\"0\" aria-description=\"\">\n<div class=\"ac-container ac-adaptiveCard\">\n<div class=\"ac-textBlock\">\n<h2><strong>Services d\u2019Interpr\u00e9tation &#8211; Agiles et Professionnels<\/strong><\/h2>\n<p>Chez BBM, nous sommes fiers de notre activit\u00e9 principale d\u2019interpr\u00e9tation. Nous \u00e9tendons nos services \u00e0 travers divers domaines tels que les affaires, l\u2019informatique, la m\u00e9decine, les dispositifs m\u00e9dicaux, les technologies de filtration, l\u2019automobile et l\u2019\u00e9nergie. L\u2019expertise de notre \u00e9quipe s\u2019aligne parfaitement avec ces domaines professionnels, refl\u00e9tant l\u2019\u00e9volution progressive de BBM.<\/p>\n<h2><strong>Langues que nous proposons <\/strong><\/h2>\n<p>Nos services d\u2019interpr\u00e9tation r\u00e9pondent \u00e0 une large gamme de situations telles que les occasions d\u2019affaires g\u00e9n\u00e9rales, les r\u00e9unions, les conf\u00e9rences, les s\u00e9minaires, les cours et l\u2019interpr\u00e9tation simultan\u00e9e. Nous proposons ces services dans plusieurs langues, dont l\u2019anglais, le japonais, le fran\u00e7ais, l\u2019allemand, l\u2019espagnol, le portugais, l\u2019italien et le russe.<\/p>\n<h2><strong>\u00c9quipe Professionnelle <\/strong><\/h2>\n<p>Notre \u00e9quipe se distingue par son \u00e9thique de travail solide, son exp\u00e9rience professionnelle, son intelligence et son exp\u00e9rience. Nous avons eu le privil\u00e8ge de fournir nos services \u00e0 l\u2019Association pour la Promotion du Commerce de la Chine lors de leur \u201cForum de D\u00e9veloppement du Commerce International\u201d, ainsi qu\u2019aux ateliers d\u2019\u00e9change acad\u00e9mique d\u2019AbacusBio, etc.<\/p>\n<p>Nous nous engageons \u00e0 vous offrir des services d\u2019interpr\u00e9tation simultan\u00e9e de la plus haute qualit\u00e9, dispens\u00e9s par nos professionnels hautement qualifi\u00e9s et exp\u00e9riment\u00e9s. Notre objectif est de construire un pont de communication entre vous et le reste du monde, afin d&rsquo;att\u00e9nuer tout stress ou anxi\u00e9t\u00e9 qui pourrait surgir \u00e0 cause des diff\u00e9rences culturelles ou du manque de connaissance.<br \/>\n<img loading=\"lazy\" decoding=\"async\" class=\"alignnone size-full wp-image-1557\" src=\"https:\/\/www.bbm.co.nz\/wp-content\/uploads\/interpreter2-jpg.webp\" alt=\"interpretation\" width=\"1024\" height=\"1024\" \/>\n<\/div>\n<\/div>\n<\/div>\n","protected":false},"excerpt":{"rendered":"<p>Services d\u2019Interpr\u00e9tation &#8211; Agiles et Professionnels Chez BBM, nous sommes fiers de notre activit\u00e9 principale d\u2019interpr\u00e9tation. Nous \u00e9tendons nos services \u00e0 travers divers domaines tels que les affaires, l\u2019informatique, la m\u00e9decine, les dispositifs m\u00e9dicaux, les technologies de filtration, l\u2019automobile et l\u2019\u00e9nergie. L\u2019expertise de notre \u00e9quipe s\u2019aligne parfaitement avec ces domaines professionnels, refl\u00e9tant l\u2019\u00e9volution progressive de [&hellip;]<\/p>\n","protected":false},"author":3,"featured_media":0,"parent":5,"menu_order":0,"comment_status":"closed","ping_status":"closed","template":"","meta":{"_seopress_robots_primary_cat":"","_seopress_titles_title":"","_seopress_titles_desc":"","_seopress_robots_index":"","footnotes":""},"class_list":["post-21","page","type-page","status-publish","hentry"],"_links":{"self":[{"href":"https:\/\/www.bbm.co.nz\/fr\/wp-json\/wp\/v2\/pages\/21"}],"collection":[{"href":"https:\/\/www.bbm.co.nz\/fr\/wp-json\/wp\/v2\/pages"}],"about":[{"href":"https:\/\/www.bbm.co.nz\/fr\/wp-json\/wp\/v2\/types\/page"}],"author":[{"embeddable":true,"href":"https:\/\/www.bbm.co.nz\/fr\/wp-json\/wp\/v2\/users\/3"}],"replies":[{"embeddable":true,"href":"https:\/\/www.bbm.co.nz\/fr\/wp-json\/wp\/v2\/comments?post=21"}],"version-history":[{"count":2,"href":"https:\/\/www.bbm.co.nz\/fr\/wp-json\/wp\/v2\/pages\/21\/revisions"}],"predecessor-version":[{"id":217,"href":"https:\/\/www.bbm.co.nz\/fr\/wp-json\/wp\/v2\/pages\/21\/revisions\/217"}],"up":[{"embeddable":true,"href":"https:\/\/www.bbm.co.nz\/fr\/wp-json\/wp\/v2\/pages\/5"}],"wp:attachment":[{"href":"https:\/\/www.bbm.co.nz\/fr\/wp-json\/wp\/v2\/media?parent=21"}],"curies":[{"name":"wp","href":"https:\/\/api.w.org\/{rel}","templated":true}]}}