{"id":20,"date":"2013-09-11T09:03:33","date_gmt":"2013-09-10T21:03:33","guid":{"rendered":"https:\/\/www.bbm.co.nz\/fr\/our-services\/video-transcript\/"},"modified":"2024-05-18T13:01:31","modified_gmt":"2024-05-18T01:01:31","slug":"video-transcript","status":"publish","type":"page","link":"https:\/\/www.bbm.co.nz\/fr\/our-services\/video-transcript\/","title":{"rendered":"Transcription vid\u00e9o"},"content":{"rendered":"<div class=\"content\" tabindex=\"0\" aria-description=\"\">\n<div class=\"ac-container ac-adaptiveCard\">\n<div class=\"ac-textBlock\">\n<h2><strong>Transcription Vid\u00e9o et Sous-titrage &#8211; Rapides et Professionnels <\/strong><\/h2>\n<p>Chez BBM, nous nous sp\u00e9cialisons dans la fourniture de services de transcription vid\u00e9o et de sous-titrage de premier ordre. Nos projets sont m\u00e9ticuleusement g\u00e9r\u00e9s par des locuteurs natifs anglophones qui, gr\u00e2ce \u00e0 leur origine culturelle chinoise, poss\u00e8dent une compr\u00e9hension profonde des diff\u00e9rences contextuelles et de la localisation. Ce m\u00e9lange unique de comp\u00e9tences linguistiques et de perspicacit\u00e9 culturelle nous permet de fournir des services marqu\u00e9s par l\u2019efficacit\u00e9, la qualit\u00e9 et la fiabilit\u00e9.<\/p>\n<p>La traduction audio et vid\u00e9o, englobant l\u2019\u00e9coute, l\u2019enregistrement et la traduction, est sans aucun doute un domaine exigeant. Cela demande non seulement de solides comp\u00e9tences d\u2019\u00e9coute et une attitude proactive, mais aussi une solide exp\u00e9rience professionnelle et des connaissances. Nous avons l&rsquo;avantage chez BBM de disposer d\u2019une \u00e9quipe plus que comp\u00e9tente pour relever ces d\u00e9fis. Notre gamme compl\u00e8te de services comprend l\u2019\u00e9coute audio, l\u2019\u00e9coute vid\u00e9o, la traduction audio, le sous-titrage vid\u00e9o et le traitement audio et vid\u00e9o. Nous proposons ces services dans plusieurs langues, dont l\u2019anglais, le chinois, le japonais, le fran\u00e7ais et l\u2019allemand.<\/p>\n<p>Notre d\u00e9partement de Traduction Audio &amp; Vid\u00e9o est compos\u00e9 d\u2019une \u00e9quipe d\u00e9di\u00e9e qui collabore parfois avec nos traducteurs internes pour certains projets. De plus, toutes les t\u00e2ches de traitement vid\u00e9o sont expertement g\u00e9r\u00e9es par nos sp\u00e9cialistes de la PAO. Cette approche collaborative garantit un flux de travail fluide et assure que chaque projet est ex\u00e9cut\u00e9 selon les normes les plus \u00e9lev\u00e9es.<\/p>\n<p>Nous comprenons qu\u2019en mati\u00e8re de transcription vid\u00e9o et de sous-titrage, la pr\u00e9cision est primordiale. Chaque mot compte, et le bon sous-titre peut faire toute la diff\u00e9rence. C\u2019est pourquoi nous nous engageons \u00e0 fournir des traductions pr\u00e9cises, opportunes et contextuellement appropri\u00e9es qui r\u00e9sonnent avec votre public cible.<\/p>\n<p>Chez BBM, nous ne proposons pas simplement un service ; nous vous aidons \u00e0 entrer en contact avec votre public, quelle que soit la langue qu\u2019il parle ou la culture d\u2019o\u00f9 il vient. Nous brisons les barri\u00e8res et construisons des ponts, une transcription vid\u00e9o \u00e0 la fois.<\/p>\n<p><img loading=\"lazy\" decoding=\"async\" class=\"alignnone size-full wp-image-1582\" src=\"https:\/\/www.bbm.co.nz\/wp-content\/uploads\/modern_office-1-jpg.webp\" alt=\"video transcript and subtitling\" width=\"1024\" height=\"1024\" \/><\/p>\n<\/div>\n<\/div>\n<\/div>\n","protected":false},"excerpt":{"rendered":"<p>Transcription Vid\u00e9o et Sous-titrage &#8211; Rapides et Professionnels Chez BBM, nous nous sp\u00e9cialisons dans la fourniture de services de transcription vid\u00e9o et de sous-titrage de premier ordre. Nos projets sont m\u00e9ticuleusement g\u00e9r\u00e9s par des locuteurs natifs anglophones qui, gr\u00e2ce \u00e0 leur origine culturelle chinoise, poss\u00e8dent une compr\u00e9hension profonde des diff\u00e9rences contextuelles et de la localisation. [&hellip;]<\/p>\n","protected":false},"author":3,"featured_media":0,"parent":5,"menu_order":0,"comment_status":"closed","ping_status":"closed","template":"","meta":{"_seopress_robots_primary_cat":"","_seopress_titles_title":"","_seopress_titles_desc":"","_seopress_robots_index":"","footnotes":""},"class_list":["post-20","page","type-page","status-publish","hentry"],"_links":{"self":[{"href":"https:\/\/www.bbm.co.nz\/fr\/wp-json\/wp\/v2\/pages\/20"}],"collection":[{"href":"https:\/\/www.bbm.co.nz\/fr\/wp-json\/wp\/v2\/pages"}],"about":[{"href":"https:\/\/www.bbm.co.nz\/fr\/wp-json\/wp\/v2\/types\/page"}],"author":[{"embeddable":true,"href":"https:\/\/www.bbm.co.nz\/fr\/wp-json\/wp\/v2\/users\/3"}],"replies":[{"embeddable":true,"href":"https:\/\/www.bbm.co.nz\/fr\/wp-json\/wp\/v2\/comments?post=20"}],"version-history":[{"count":2,"href":"https:\/\/www.bbm.co.nz\/fr\/wp-json\/wp\/v2\/pages\/20\/revisions"}],"predecessor-version":[{"id":224,"href":"https:\/\/www.bbm.co.nz\/fr\/wp-json\/wp\/v2\/pages\/20\/revisions\/224"}],"up":[{"embeddable":true,"href":"https:\/\/www.bbm.co.nz\/fr\/wp-json\/wp\/v2\/pages\/5"}],"wp:attachment":[{"href":"https:\/\/www.bbm.co.nz\/fr\/wp-json\/wp\/v2\/media?parent=20"}],"curies":[{"name":"wp","href":"https:\/\/api.w.org\/{rel}","templated":true}]}}