{"id":185,"date":"2024-02-20T18:09:05","date_gmt":"2024-02-20T05:09:05","guid":{"rendered":"https:\/\/www.bbm.co.nz\/fr\/our-services\/multilingual-copywriting-your-secret-weapon-in-the-global-market\/"},"modified":"2024-05-18T12:46:10","modified_gmt":"2024-05-18T00:46:10","slug":"multilingual-copywriting-your-secret-weapon-in-the-global-market","status":"publish","type":"page","link":"https:\/\/www.bbm.co.nz\/fr\/our-services\/multilingual-copywriting-your-secret-weapon-in-the-global-market\/","title":{"rendered":"R\u00e9daction publicitaire multilingue : Votre atout sur le march\u00e9 mondial"},"content":{"rendered":"\r\n<h2><strong>Pourquoi la r\u00e9daction publicitaire ?<\/strong><\/h2>\r\n<p>\u00c0 l&rsquo;\u00e8re num\u00e9rique d&rsquo;aujourd&rsquo;hui, la r\u00e9daction publicitaire est devenue un \u00e9l\u00e9ment crucial du marketing efficace. Elle sert de voix \u00e0 votre marque, communiquant votre message \u00e0 l&rsquo;audience de mani\u00e8re convaincante et engageante. Une bonne r\u00e9daction publicitaire peut persuader les clients potentiels, influencer leurs perceptions et, en fin de compte, les inciter \u00e0 agir. Dans le march\u00e9 anim\u00e9 d&rsquo;aujourd&rsquo;hui, o\u00f9 les consommateurs sont bombard\u00e9s d&rsquo;informations de toutes parts, une r\u00e9daction publicitaire efficace peut aider votre marque \u00e0 se d\u00e9marquer et \u00e0 laisser une impression durable.<\/p>\r\n<h2><strong>Pourquoi la r\u00e9daction publicitaire multilingue ?<\/strong><\/h2>\r\n<p>Alors que les entreprises se d\u00e9veloppent \u00e0 l&rsquo;\u00e9chelle mondiale, le besoin de r\u00e9daction publicitaire multilingue est devenu plus \u00e9vident. Voici pourquoi :<\/p>\r\n<ol>\r\n<li>Adapter pour les locaux : La r\u00e9daction publicitaire multilingue vous permet d&rsquo;adapter votre contenu pour convenir aux audiences locales. Cela signifie non seulement traduire la langue, mais aussi adapter le contenu pour qu&rsquo;il corresponde \u00e0 la culture, aux coutumes et au comportement des consommateurs locaux.<\/li>\r\n<li>Surmonter les barri\u00e8res linguistiques : La langue peut \u00eatre une barri\u00e8re significative \u00e0 la communication. En proposant du contenu en plusieurs langues, vous pouvez atteindre un public plus large et vous assurer que votre message est compris comme pr\u00e9vu.<\/li>\r\n<li>Surmonter les barri\u00e8res culturelles : Chaque culture a ses nuances et subtilit\u00e9s uniques. La r\u00e9daction publicitaire multilingue en tient compte, assurant que votre contenu r\u00e9sonne avec l&rsquo;audience \u00e0 un niveau plus profond.<\/li>\r\n<li>Am\u00e9liorer votre visibilit\u00e9 : Les moteurs de recherche favorisent les sites web avec du contenu multilingue. En proposant du contenu en plusieurs langues, vous pouvez am\u00e9liorer votre SEO, augmenter votre visibilit\u00e9 et attirer plus de trafic vers votre site.<\/li>\r\n<\/ol>\r\n<h2><strong>Pourquoi choisir BBM pour la r\u00e9daction publicitaire multilingue ?<\/strong><\/h2>\r\n<p>En mati\u00e8re de r\u00e9daction publicitaire multilingue, BBM se distingue par son engagement envers la pr\u00e9cision, la qualit\u00e9 et l&rsquo;engagement. Voici pourquoi vous devriez choisir BBM :<\/p>\r\n<ol>\r\n<li>Capacit\u00e9 de service multilingue : BBM est fier de sa capacit\u00e9 \u00e0 offrir des services en plusieurs langues, assurant que votre message atteint un public aussi large que possible.<\/li>\r\n<li>Compr\u00e9hension des connotations linguistiques et culturelles : L&rsquo;\u00e9quipe de r\u00e9dacteurs qualifi\u00e9s de BBM a une compr\u00e9hension profonde des diff\u00e9rentes langues et cultures. Ils savent comment adapter votre message pour r\u00e9sonner avec diff\u00e9rentes audiences, en tenant compte des connotations et nuances culturelles.<\/li>\r\n<li>\u00c9quipe solide : Chez BBM, nous croyons en la puissance du travail d&rsquo;\u00e9quipe. Notre \u00e9quipe solide de professionnels d\u00e9vou\u00e9s travaille ensemble pour offrir les meilleurs r\u00e9sultats \u00e0 nos clients.<\/li>\r\n<\/ol>\r\n<p>La r\u00e9daction publicitaire multilingue est un outil essentiel pour toute entreprise cherchant \u00e0 faire sa marque sur le march\u00e9 mondial. Et avec BBM, vous pouvez \u00eatre s\u00fbr d&rsquo;obtenir le meilleur dans le domaine.<\/p>\r\n<p><img loading=\"lazy\" decoding=\"async\" class=\"alignnone size-full wp-image-1617\" src=\"https:\/\/www.bbm.co.nz\/wp-content\/uploads\/copywriting-jpg.webp\" alt=\"copywriting\" width=\"1024\" height=\"1024\" \/>\u00a0<\/p>\r\n","protected":false},"excerpt":{"rendered":"<p>Pourquoi la r\u00e9daction publicitaire ? \u00c0 l&rsquo;\u00e8re num\u00e9rique d&rsquo;aujourd&rsquo;hui, la r\u00e9daction publicitaire est devenue un \u00e9l\u00e9ment crucial du marketing efficace. Elle sert de voix \u00e0 votre marque, communiquant votre message \u00e0 l&rsquo;audience de mani\u00e8re convaincante et engageante. Une bonne r\u00e9daction publicitaire peut persuader les clients potentiels, influencer leurs perceptions et, en fin de compte, les [&hellip;]<\/p>\n","protected":false},"author":3,"featured_media":0,"parent":5,"menu_order":0,"comment_status":"closed","ping_status":"closed","template":"","meta":{"_seopress_robots_primary_cat":"","_seopress_titles_title":"","_seopress_titles_desc":"","_seopress_robots_index":"","footnotes":""},"class_list":["post-185","page","type-page","status-publish","hentry"],"_links":{"self":[{"href":"https:\/\/www.bbm.co.nz\/fr\/wp-json\/wp\/v2\/pages\/185"}],"collection":[{"href":"https:\/\/www.bbm.co.nz\/fr\/wp-json\/wp\/v2\/pages"}],"about":[{"href":"https:\/\/www.bbm.co.nz\/fr\/wp-json\/wp\/v2\/types\/page"}],"author":[{"embeddable":true,"href":"https:\/\/www.bbm.co.nz\/fr\/wp-json\/wp\/v2\/users\/3"}],"replies":[{"embeddable":true,"href":"https:\/\/www.bbm.co.nz\/fr\/wp-json\/wp\/v2\/comments?post=185"}],"version-history":[{"count":3,"href":"https:\/\/www.bbm.co.nz\/fr\/wp-json\/wp\/v2\/pages\/185\/revisions"}],"predecessor-version":[{"id":220,"href":"https:\/\/www.bbm.co.nz\/fr\/wp-json\/wp\/v2\/pages\/185\/revisions\/220"}],"up":[{"embeddable":true,"href":"https:\/\/www.bbm.co.nz\/fr\/wp-json\/wp\/v2\/pages\/5"}],"wp:attachment":[{"href":"https:\/\/www.bbm.co.nz\/fr\/wp-json\/wp\/v2\/media?parent=185"}],"curies":[{"name":"wp","href":"https:\/\/api.w.org\/{rel}","templated":true}]}}