{"id":184,"date":"2024-02-20T18:16:24","date_gmt":"2024-02-20T05:16:24","guid":{"rendered":"https:\/\/www.bbm.co.nz\/fr\/our-services\/multilingual-content-writing-your-key-to-global-engagement\/"},"modified":"2024-05-18T12:42:03","modified_gmt":"2024-05-18T00:42:03","slug":"multilingual-content-writing-your-key-to-global-engagement","status":"publish","type":"page","link":"https:\/\/www.bbm.co.nz\/fr\/our-services\/multilingual-content-writing-your-key-to-global-engagement\/","title":{"rendered":"R\u00e9daction de contenu multilingue : Votre cl\u00e9 pour un engagement mondial"},"content":{"rendered":"\r\n<h2><strong>Pourquoi la r\u00e9daction de contenu ?<\/strong><\/h2>\r\n<p>Contrairement \u00e0 la r\u00e9daction publicitaire, ax\u00e9e sur la vente et la persuasion, la r\u00e9daction de contenu vise \u00e0 informer, \u00e0 engager et \u00e0 \u00e9tablir des relations avec votre public. Il s&rsquo;agit de fournir de la valeur, que ce soit par des articles informatifs, des blogs engageants ou des histoires divertissantes. Dans le march\u00e9 num\u00e9rique d&rsquo;aujourd&rsquo;hui, la r\u00e9daction de contenu est plus importante que jamais. Elle vous aide \u00e0 \u00e9tablir la confiance avec votre public, \u00e0 positionner votre marque comme une autorit\u00e9 et \u00e0 inciter les gens \u00e0 revenir pour en savoir plus.<\/p>\r\n<h2><strong>Pourquoi la r\u00e9daction de contenu multilingue ?<\/strong><\/h2>\r\n<p>La r\u00e9daction de contenu multilingue est un v\u00e9ritable changement de jeu :<\/p>\r\n<ol>\r\n<li>Surmonter les barri\u00e8res linguistiques : La langue peut \u00eatre un \u00e9norme obstacle lorsque vous essayez d&rsquo;atteindre un public mondial. Avec du contenu multilingue, vous pouvez vous assurer que votre message est compris par tout le monde, quelle que soit la langue qu&rsquo;ils parlent.<\/li>\r\n<li>Surmonter les barri\u00e8res culturelles : Chaque culture a ses nuances et subtilit\u00e9s uniques. La r\u00e9daction de contenu multilingue en tient compte, assurant que votre contenu r\u00e9sonne avec le public \u00e0 un niveau plus profond.<\/li>\r\n<li>Am\u00e9liorer la port\u00e9e de votre public : En proposant du contenu en plusieurs langues, vous pouvez atteindre un public plus large et interagir avec lui \u00e0 un niveau plus personnel.<\/li>\r\n<li>Am\u00e9liorer votre visibilit\u00e9 : Saviez-vous que les moteurs de recherche aiment les sites web avec du contenu multilingue ? En proposant du contenu en plusieurs langues, vous pouvez am\u00e9liorer votre SEO, augmenter votre visibilit\u00e9 et attirer plus de trafic vers votre site.<\/li>\r\n<\/ol>\r\n<h2><strong>Pourquoi choisir BBM pour la r\u00e9daction de contenu multilingue ?<\/strong><\/h2>\r\n<p>Quand il s&rsquo;agit de r\u00e9daction de contenu multilingue, BBM est votre meilleur choix. Voici pourquoi :<\/p>\r\n<ol>\r\n<li>Pr\u00e9cision, qualit\u00e9 et engagement : BBM s&rsquo;engage \u00e0 fournir un contenu pr\u00e9cis et de haute qualit\u00e9. Ils comprennent l&rsquo;importance de transmettre votre message de mani\u00e8re pr\u00e9cise et efficace.<\/li>\r\n<li>Capacit\u00e9 de service multilingue : BBM est fier de sa capacit\u00e9 \u00e0 offrir des services en plusieurs langues, assurant que votre message atteint un public aussi large que possible.<\/li>\r\n<li>Compr\u00e9hension des connotations linguistiques et culturelles : L&rsquo;\u00e9quipe de r\u00e9dacteurs de contenu qualifi\u00e9s de BBM a une profonde compr\u00e9hension des diff\u00e9rentes langues et cultures. Ils savent comment adapter votre message pour r\u00e9sonner avec diff\u00e9rents publics, en tenant compte des connotations et nuances culturelles.<\/li>\r\n<li>\u00c9quipe solide : Chez BBM, ils croient en la puissance du travail d&rsquo;\u00e9quipe. Leur \u00e9quipe solide de professionnels d\u00e9vou\u00e9s travaille ensemble pour offrir les meilleurs r\u00e9sultats \u00e0 leurs clients.<\/li>\r\n<\/ol>\r\n<p>Donc, si vous cherchez \u00e0 engager un public mondial, la r\u00e9daction de contenu multilingue est votre arme secr\u00e8te. Et avec BBM, vous \u00eates entre de bonnes mains.<\/p>\r\n<p><img loading=\"lazy\" decoding=\"async\" class=\"alignnone size-full wp-image-1615\" src=\"https:\/\/www.bbm.co.nz\/wp-content\/uploads\/content-writing-jpg.webp\" alt=\"content writing\" width=\"1024\" height=\"1024\" \/><\/p>\r\n","protected":false},"excerpt":{"rendered":"<p>Pourquoi la r\u00e9daction de contenu ? Contrairement \u00e0 la r\u00e9daction publicitaire, ax\u00e9e sur la vente et la persuasion, la r\u00e9daction de contenu vise \u00e0 informer, \u00e0 engager et \u00e0 \u00e9tablir des relations avec votre public. Il s&rsquo;agit de fournir de la valeur, que ce soit par des articles informatifs, des blogs engageants ou des histoires [&hellip;]<\/p>\n","protected":false},"author":3,"featured_media":0,"parent":5,"menu_order":0,"comment_status":"closed","ping_status":"closed","template":"","meta":{"_seopress_robots_primary_cat":"","_seopress_titles_title":"","_seopress_titles_desc":"","_seopress_robots_index":"","footnotes":""},"class_list":["post-184","page","type-page","status-publish","hentry"],"_links":{"self":[{"href":"https:\/\/www.bbm.co.nz\/fr\/wp-json\/wp\/v2\/pages\/184"}],"collection":[{"href":"https:\/\/www.bbm.co.nz\/fr\/wp-json\/wp\/v2\/pages"}],"about":[{"href":"https:\/\/www.bbm.co.nz\/fr\/wp-json\/wp\/v2\/types\/page"}],"author":[{"embeddable":true,"href":"https:\/\/www.bbm.co.nz\/fr\/wp-json\/wp\/v2\/users\/3"}],"replies":[{"embeddable":true,"href":"https:\/\/www.bbm.co.nz\/fr\/wp-json\/wp\/v2\/comments?post=184"}],"version-history":[{"count":3,"href":"https:\/\/www.bbm.co.nz\/fr\/wp-json\/wp\/v2\/pages\/184\/revisions"}],"predecessor-version":[{"id":219,"href":"https:\/\/www.bbm.co.nz\/fr\/wp-json\/wp\/v2\/pages\/184\/revisions\/219"}],"up":[{"embeddable":true,"href":"https:\/\/www.bbm.co.nz\/fr\/wp-json\/wp\/v2\/pages\/5"}],"wp:attachment":[{"href":"https:\/\/www.bbm.co.nz\/fr\/wp-json\/wp\/v2\/media?parent=184"}],"curies":[{"name":"wp","href":"https:\/\/api.w.org\/{rel}","templated":true}]}}