{"id":17,"date":"2013-09-11T09:13:05","date_gmt":"2013-09-10T21:13:05","guid":{"rendered":"https:\/\/www.bbm.co.nz\/fr\/our-values\/premium-qa-system\/"},"modified":"2024-05-18T13:40:52","modified_gmt":"2024-05-18T01:40:52","slug":"premium-qa-system","status":"publish","type":"page","link":"https:\/\/www.bbm.co.nz\/fr\/our-values\/premium-qa-system\/","title":{"rendered":"Syst\u00e8me de Contr\u00f4le Qualit\u00e9 Premium"},"content":{"rendered":"<div class=\"content\" tabindex=\"0\" aria-description=\"\">\n<div class=\"ac-container ac-adaptiveCard\">\n<div class=\"ac-textBlock\">\n<p>Chez BBM, notre Syst\u00e8me de Contr\u00f4le Qualit\u00e9 (QA System) repr\u00e9sente un pilier de nos valeurs fondamentales, refl\u00e9tant notre engagement en tant que fournisseur de solutions linguistiques \u00e0 surmonter les barri\u00e8res linguistiques pour les individus.<\/p>\n<p>Nous reconnaissons fermement que la qualit\u00e9 est indispensable pour le succ\u00e8s durable de toute entreprise, en particulier dans le paysage tr\u00e8s concurrentiel du march\u00e9 des services de traduction et linguistiques. Affiner continuellement notre Syst\u00e8me de Contr\u00f4le Qualit\u00e9 repr\u00e9sente \u00e0 la fois une opportunit\u00e9 et un d\u00e9fi que nous embrassons pleinement.<\/p>\n<p>Notre syst\u00e8me QA chez BBM couvre l\u2019ensemble du flux de travail, int\u00e9grant m\u00e9ticuleusement les principes de coh\u00e9rence et de fiabilit\u00e9 \u00e0 chaque \u00e9tape, de la demande initiale d\u2019emploi et de l\u2019analyse \u00e0 l\u2019int\u00e9gration des donn\u00e9es et \u00e0 la livraison.<\/p>\n<p>Par exemple, lors de la phase d\u2019analyse de l\u2019emploi, nous extrayons m\u00e9ticuleusement des glossaires adapt\u00e9s \u00e0 des disciplines sp\u00e9cifiques, en collaborant \u00e9troitement avec les clients pour garantir l\u2019exactitude. Notre phase de traduction implique l\u2019assemblage d\u2019\u00e9quipes sp\u00e9cialis\u00e9es supervis\u00e9es par des chefs de projet d\u00e9di\u00e9s, qui suivent m\u00e9ticuleusement les progr\u00e8s. Les phases d\u2019audit subs\u00e9quentes impliquent une relecture rigoureuse et une v\u00e9rification technique par des auditeurs exp\u00e9riment\u00e9s, garantissant \u00e0 la fois l\u2019exactitude linguistique et technique.<\/p>\n<p>Ces processus sont g\u00e9r\u00e9s de mani\u00e8re transparente gr\u00e2ce \u00e0 notre solide syst\u00e8me MIS, fournissant une surveillance et une documentation compl\u00e8tes. Ce n\u2019est qu\u2019apr\u00e8s une v\u00e9rification m\u00e9ticuleuse de chaque \u00e9l\u00e9ment de notre liste de contr\u00f4le qu\u2019un travail est livr\u00e9 \u00e0 nos clients.<\/p>\n<p>Les commentaires des clients constituent une boucle vitale dans notre syst\u00e8me QA, guidant nos efforts continus d\u2019am\u00e9lioration des processus. Nous sollicitons activement et incorporons les retours des clients pour affiner nos flux de travail et am\u00e9liorer la qualit\u00e9 de service globale.<\/p>\n<p>De plus, nous priorisons les exigences locales lors de la centralisation de notre base de donn\u00e9es et de notre biblioth\u00e8que de connaissances, garantissant une prestation de service coh\u00e9rente. Ce r\u00e9f\u00e9rentiel centralis\u00e9 sert \u00e9galement de base pour nos programmes de formation interne, permettant \u00e0 chaque membre de l\u2019\u00e9quipe de fournir constamment l\u2019excellence.<\/p>\n<p><img loading=\"lazy\" decoding=\"async\" class=\"alignnone size-full wp-image-1628\" src=\"https:\/\/www.bbm.co.nz\/wp-content\/uploads\/pm-jpg.webp\" alt=\"QA\" width=\"1792\" height=\"1024\" \/><\/p>\n<\/div>\n<\/div>\n<\/div>\n","protected":false},"excerpt":{"rendered":"<p>Chez BBM, notre Syst\u00e8me de Contr\u00f4le Qualit\u00e9 (QA System) repr\u00e9sente un pilier de nos valeurs fondamentales, refl\u00e9tant notre engagement en tant que fournisseur de solutions linguistiques \u00e0 surmonter les barri\u00e8res linguistiques pour les individus. Nous reconnaissons fermement que la qualit\u00e9 est indispensable pour le succ\u00e8s durable de toute entreprise, en particulier dans le paysage tr\u00e8s [&hellip;]<\/p>\n","protected":false},"author":3,"featured_media":0,"parent":14,"menu_order":0,"comment_status":"closed","ping_status":"closed","template":"","meta":{"_seopress_robots_primary_cat":"","_seopress_titles_title":"","_seopress_titles_desc":"","_seopress_robots_index":"","footnotes":""},"class_list":["post-17","page","type-page","status-publish","hentry"],"_links":{"self":[{"href":"https:\/\/www.bbm.co.nz\/fr\/wp-json\/wp\/v2\/pages\/17"}],"collection":[{"href":"https:\/\/www.bbm.co.nz\/fr\/wp-json\/wp\/v2\/pages"}],"about":[{"href":"https:\/\/www.bbm.co.nz\/fr\/wp-json\/wp\/v2\/types\/page"}],"author":[{"embeddable":true,"href":"https:\/\/www.bbm.co.nz\/fr\/wp-json\/wp\/v2\/users\/3"}],"replies":[{"embeddable":true,"href":"https:\/\/www.bbm.co.nz\/fr\/wp-json\/wp\/v2\/comments?post=17"}],"version-history":[{"count":2,"href":"https:\/\/www.bbm.co.nz\/fr\/wp-json\/wp\/v2\/pages\/17\/revisions"}],"predecessor-version":[{"id":229,"href":"https:\/\/www.bbm.co.nz\/fr\/wp-json\/wp\/v2\/pages\/17\/revisions\/229"}],"up":[{"embeddable":true,"href":"https:\/\/www.bbm.co.nz\/fr\/wp-json\/wp\/v2\/pages\/14"}],"wp:attachment":[{"href":"https:\/\/www.bbm.co.nz\/fr\/wp-json\/wp\/v2\/media?parent=17"}],"curies":[{"name":"wp","href":"https:\/\/api.w.org\/{rel}","templated":true}]}}