{"id":158,"date":"2024-02-19T16:39:25","date_gmt":"2024-02-19T03:39:25","guid":{"rendered":"https:\/\/www.bbm.co.nz\/fr\/our-clients\/client-testimonials\/"},"modified":"2024-05-18T11:55:15","modified_gmt":"2024-05-17T23:55:15","slug":"client-testimonials","status":"publish","type":"page","link":"https:\/\/www.bbm.co.nz\/fr\/our-clients\/client-testimonials\/","title":{"rendered":"T\u00e9moignages de nos clients"},"content":{"rendered":"\r\n\r\n\r\n<h2>Le feedback des clients<\/h2>\r\n<div class=\"content\" tabindex=\"0\" aria-description=\"\">\r\n<div class=\"ac-container ac-adaptiveCard\">\r\n<p><em><a href=\"https:\/\/www.bbm.co.nz\/wp-content\/uploads\/Hands.png\"><img loading=\"lazy\" decoding=\"async\" class=\"alignnone  wp-image-1570\" src=\"https:\/\/www.bbm.co.nz\/wp-content\/uploads\/hands-jpg.webp\" alt=\"hands\" width=\"52\" height=\"34\" \/>\u00a0 \u00a0\u00ab Nous appr\u00e9cions \u00e9norm\u00e9ment la qualit\u00e9 excellente de la traduction. \u00bb<br \/><\/a><\/em>\u00a0 \u00a0 \u00a0 \u00a0 \u00a0 \u00a0 \u00a0 \u00a0 \u00a0 \u00a0 \u00a0 \u00a0 \u00a0 \u00a0 \u00a0 \u00a0 \u00a0 \u00a0 \u00a0 \u00a0 \u00a0 \u00a0 \u00a0 \u00a0 \u00a0 \u00a0 \u00a0 \u00a0 \u00a0 \u00a0 \u00a0 \u00a0 \u00a0 \u2013 Un client de GE HealthCare, octobre 2023<\/p>\r\n<\/div>\r\n<div>\u00a0<\/div>\r\n<p><em><a href=\"https:\/\/www.bbm.co.nz\/wp-content\/uploads\/Hands.png\"><img loading=\"lazy\" decoding=\"async\" class=\"alignnone  wp-image-1570\" src=\"https:\/\/www.bbm.co.nz\/wp-content\/uploads\/hands-jpg.webp\" alt=\"hands\" width=\"52\" height=\"34\" \/>\u00a0 \u00a0\u00ab Notre premi\u00e8re collaboration sur les services de d\u00e9pistage et de rapport de litt\u00e9rature a \u00e9t\u00e9 un succ\u00e8s. Nous sommes impatients de collaborer davantage \u00e0 l&rsquo;avenir. \u00bb<\/a><\/em><br \/>\u00a0 \u00a0 \u00a0 \u00a0 \u00a0 \u00a0 \u00a0 \u00a0 \u00a0 \u00a0 \u00a0 \u00a0 \u00a0 \u00a0 \u00a0 \u00a0 \u00a0 \u00a0 \u00a0 \u00a0 \u00a0 \u00a0 \u00a0 \u00a0 \u00a0 \u00a0 \u00a0 \u00a0 \u00a0 \u00a0 \u00a0 \u00a0 \u00a0 \u2013 Un client du groupe Huide, novembre 2023<\/p>\r\n<\/div>\r\n<div class=\"ac-textBlock\">\u00a0<\/div>\r\n<p><em><a href=\"https:\/\/www.bbm.co.nz\/wp-content\/uploads\/Hands.png\"><img loading=\"lazy\" decoding=\"async\" class=\"alignnone  wp-image-1570\" src=\"https:\/\/www.bbm.co.nz\/wp-content\/uploads\/hands-jpg.webp\" alt=\"hands\" width=\"52\" height=\"34\" \/>\u00a0 \u00a0\u00ab Vous nous avez tellement aid\u00e9s, ainsi que nos clients. Merci pour votre professionnalisme et votre expertise. \u00bb<\/a><\/em><br \/>\u00a0 \u00a0 \u00a0 \u00a0 \u00a0 \u00a0 \u00a0 \u00a0 \u00a0 \u00a0 \u00a0 \u00a0 \u00a0 \u00a0 \u00a0 \u00a0 \u00a0 \u00a0 \u00a0 \u00a0 \u00a0 \u00a0 \u00a0 \u00a0 \u00a0 \u00a0 \u00a0 \u00a0 \u00a0 \u00a0 \u00a0 \u00a0 \u00a0 \u2013 Un client d&rsquo;AbacusBio, d\u00e9cembre 2023<\/p>\r\n<div>\u00a0<\/div>\r\n<hr \/>\r\n<p>&nbsp;<\/p>\r\n<h2>Cr\u00e9dits externes<\/h2>\r\n<p><em><a href=\"https:\/\/www.bbm.co.nz\/wp-content\/uploads\/Hands.png\"><img loading=\"lazy\" decoding=\"async\" class=\"alignnone  wp-image-1570\" src=\"https:\/\/www.bbm.co.nz\/wp-content\/uploads\/hands-jpg.webp\" alt=\"hands\" width=\"52\" height=\"34\" \/>\u00a0 \u00a0<\/a><\/em>List\u00e9 par GoodFirms comme l&rsquo;une des meilleures entreprises de traduction \u00e0 Auckland.<br \/>\u00a0 \u00a0 \u00a0 \u00a0 \u00a0 \u00a0 \u00a0Pour plus de d\u00e9tails, cliquez ici : <a href=\"https:\/\/www.goodfirms.co\/company\/bbm-translation\">https:\/\/www.goodfirms.co\/company\/bbm-translation<\/a>.<\/p>\r\n<p>&nbsp;<\/p>\r\n<p><em><a href=\"https:\/\/www.bbm.co.nz\/wp-content\/uploads\/Hands.png\"><img loading=\"lazy\" decoding=\"async\" class=\"alignnone  wp-image-1570\" src=\"https:\/\/www.bbm.co.nz\/wp-content\/uploads\/hands-jpg.webp\" alt=\"hands\" width=\"52\" height=\"34\" \/>\u00a0 \u00a0<\/a><\/em>List\u00e9 sur KiwiBiz.<br \/>\u00a0 \u00a0 \u00a0 \u00a0 \u00a0 \u00a0 \u00a0Pour plus de d\u00e9tails, cliquez ici : <a href=\"https:\/\/www.kiwibizinfo.com\/auckland-bbm-translation-service-09-537-4366\">https:\/\/www.kiwibizinfo.com\/auckland-bbm-translation-service-09-537-4366<\/a>.<\/p>\r\n<p>&nbsp;<\/p>\r\n<p><em><a href=\"https:\/\/www.bbm.co.nz\/wp-content\/uploads\/Hands.png\"><img loading=\"lazy\" decoding=\"async\" class=\"alignnone  wp-image-1570\" src=\"https:\/\/www.bbm.co.nz\/wp-content\/uploads\/hands-jpg.webp\" alt=\"hands\" width=\"52\" height=\"34\" \/>\u00a0 \u00a0<\/a><\/em>List\u00e9 et recommand\u00e9 par Lisnic.<br \/>\u00a0 \u00a0 \u00a0 \u00a0 \u00a0 \u00a0 \u00a0Pour plus de d\u00e9tails, cliquez ici : <a href=\"https:\/\/www.lisnic.com\/business-profile\/bbm-translation\">https:\/\/www.lisnic.com\/business-profile\/bbm-translation<\/a>.<\/p>\r\n<p>&nbsp;<\/p>\r\n<p><em><a href=\"https:\/\/www.bbm.co.nz\/wp-content\/uploads\/Hands.png\"><img loading=\"lazy\" decoding=\"async\" class=\"alignnone  wp-image-1570\" src=\"https:\/\/www.bbm.co.nz\/wp-content\/uploads\/hands-jpg.webp\" alt=\"hands\" width=\"52\" height=\"34\" \/>\u00a0 \u00a0<\/a><\/em>List\u00e9 sur Skykiwi.com.<br \/>\u00a0 \u00a0 \u00a0 \u00a0 \u00a0 \u00a0 \u00a0Pour plus de d\u00e9tails, cliquez ici : <a href=\"http:\/\/wap.skykiwi.com\/detail\/177200.shtml\">http:\/\/wap.skykiwi.com\/detail\/177200.shtml<\/a>.<\/p>\r\n<p>&nbsp;<\/p>\r\n<p><em><a href=\"https:\/\/www.bbm.co.nz\/wp-content\/uploads\/Hands.png\"><img loading=\"lazy\" decoding=\"async\" class=\"alignnone  wp-image-1570\" src=\"https:\/\/www.bbm.co.nz\/wp-content\/uploads\/hands-jpg.webp\" alt=\"hands\" width=\"52\" height=\"34\" \/>\u00a0 \u00a0<\/a><\/em>List\u00e9 sur Skykiwi Mobile.<br \/>\u00a0 \u00a0 \u00a0 \u00a0 \u00a0 \u00a0 \u00a0Pour plus de d\u00e9tails, cliquez ici : <a href=\"http:\/\/mobile.skykiwi.com\/search\/getshopDetail?id=6722&amp;rootId=13\">http:\/\/mobile.skykiwi.com\/search\/getshopDetail?id=6722&amp;rootId=13<\/a>.<\/p>\r\n<p>&nbsp;<\/p>\r\n<p><em><a href=\"https:\/\/www.bbm.co.nz\/wp-content\/uploads\/Hands.png\"><img loading=\"lazy\" decoding=\"async\" class=\"alignnone  wp-image-1570\" src=\"https:\/\/www.bbm.co.nz\/wp-content\/uploads\/hands-jpg.webp\" alt=\"hands\" width=\"52\" height=\"34\" \/>\u00a0 \u00a0<\/a><\/em>List\u00e9 sur Cloodo.com.<br \/>\u00a0 \u00a0 \u00a0 \u00a0 \u00a0 \u00a0 \u00a0Pour plus de d\u00e9tails, cliquez ici : <a href=\"https:\/\/cloodo.com\/agency\/bbm-translation\">https:\/\/cloodo.com\/agency\/bbm-translation<\/a>.<\/p>\r\n<p><\/p>","protected":false},"excerpt":{"rendered":"","protected":false},"author":3,"featured_media":0,"parent":4,"menu_order":0,"comment_status":"closed","ping_status":"closed","template":"","meta":{"_seopress_robots_primary_cat":"","_seopress_titles_title":"","_seopress_titles_desc":"","_seopress_robots_index":"","footnotes":""},"class_list":["post-158","page","type-page","status-publish","hentry"],"_links":{"self":[{"href":"https:\/\/www.bbm.co.nz\/fr\/wp-json\/wp\/v2\/pages\/158"}],"collection":[{"href":"https:\/\/www.bbm.co.nz\/fr\/wp-json\/wp\/v2\/pages"}],"about":[{"href":"https:\/\/www.bbm.co.nz\/fr\/wp-json\/wp\/v2\/types\/page"}],"author":[{"embeddable":true,"href":"https:\/\/www.bbm.co.nz\/fr\/wp-json\/wp\/v2\/users\/3"}],"replies":[{"embeddable":true,"href":"https:\/\/www.bbm.co.nz\/fr\/wp-json\/wp\/v2\/comments?post=158"}],"version-history":[{"count":8,"href":"https:\/\/www.bbm.co.nz\/fr\/wp-json\/wp\/v2\/pages\/158\/revisions"}],"predecessor-version":[{"id":213,"href":"https:\/\/www.bbm.co.nz\/fr\/wp-json\/wp\/v2\/pages\/158\/revisions\/213"}],"up":[{"embeddable":true,"href":"https:\/\/www.bbm.co.nz\/fr\/wp-json\/wp\/v2\/pages\/4"}],"wp:attachment":[{"href":"https:\/\/www.bbm.co.nz\/fr\/wp-json\/wp\/v2\/media?parent=158"}],"curies":[{"name":"wp","href":"https:\/\/api.w.org\/{rel}","templated":true}]}}