{"id":15,"date":"2013-09-11T09:13:40","date_gmt":"2013-09-10T21:13:40","guid":{"rendered":"https:\/\/www.bbm.co.nz\/fr\/our-values\/pm-system\/"},"modified":"2024-05-18T13:37:15","modified_gmt":"2024-05-18T01:37:15","slug":"pm-system","status":"publish","type":"page","link":"https:\/\/www.bbm.co.nz\/fr\/our-values\/pm-system\/","title":{"rendered":"Syst\u00e8me de Gestion de Projets (PM System)"},"content":{"rendered":"<p>Chez BBM, notre Syst\u00e8me de Gestion de Projets (PM System) et notre Syst\u00e8me de Contr\u00f4le Qualit\u00e9 (QA System) sont essentiels \u00e0 notre avantage concurrentiel et \u00e0 nos valeurs fondamentales. En tant que fournisseur de solutions linguistiques, nous reconnaissons que nos clients attendent une interaction fluide avec des professionnels d\u00e9vou\u00e9s, de l\u2019initiation de la demande \u00e0 la livraison du travail. Pour r\u00e9pondre \u00e0 cette attente, notre Syst\u00e8me de Gestion de Projets (PM System) est int\u00e9gr\u00e9 de mani\u00e8re transparente \u00e0 chaque \u00e9tape de notre processus, am\u00e9liorant consid\u00e9rablement l\u2019exp\u00e9rience client.<\/p>\n<p>Le leadership des chefs de projet est primordial dans presque toutes nos principales entreprises. Les chefs de projet sont charg\u00e9s de comprendre les besoins des clients, de la gestion des donn\u00e9es, de la coordination des \u00e9quipes, de l\u2019ex\u00e9cution des projets et des retours apr\u00e8s livraison pour l\u2019am\u00e9lioration continue. Par cons\u00e9quent, le choix de la bonne personne pour le r\u00f4le est essentiel \u00e0 la r\u00e9ussite du projet. Nous \u00e9valuons m\u00e9ticuleusement les candidats pour leur comp\u00e9tence linguistique, leurs comp\u00e9tences essentielles, leur alignement avec les valeurs de BBM et leur ad\u00e9quation culturelle, suivis d\u2019une formation rigoureuse jusqu\u2019\u00e0 ce que les candidats les plus adapt\u00e9s \u00e9mergent.<\/p>\n<p>Un exemple \u00e9clatant de notre engagement envers \u201cla Pr\u00e9cision, la Qualit\u00e9 et l\u2019Engagement\u201d est Daniel Wong, l\u2019un de nos chefs de projet exceptionnels. Daniel incarne ces valeurs par sa diligence, son efficacit\u00e9 et son d\u00e9sir d\u2019apprendre. Depuis qu\u2019il a rejoint BBM en 2012, il a continuellement perfectionn\u00e9 ses comp\u00e9tences en traduction et s\u2019est plong\u00e9 dans les connaissances et les pratiques de gestion de notre entreprise. Son d\u00e9vouement lui a permis de d\u00e9velopper une perspective unique sur l\u2019optimisation des processus et l\u2019efficacit\u00e9 de la gestion, ce qui en fait un contributeur remarquable. Les efforts exemplaires de Daniel refl\u00e8tent non seulement notre culture d\u2019entreprise d\u2019\u00e9nergie et de promesse, mais illustrent \u00e9galement l\u2019essence de notre engagement envers l\u2019excellence.<\/p>\n<p><img loading=\"lazy\" decoding=\"async\" class=\"alignnone size-full wp-image-1627\" src=\"https:\/\/www.bbm.co.nz\/wp-content\/uploads\/qa-jpg.webp\" alt=\"PM\" width=\"1792\" height=\"1024\" \/><\/p>\n","protected":false},"excerpt":{"rendered":"<p>Chez BBM, notre Syst\u00e8me de Gestion de Projets (PM System) et notre Syst\u00e8me de Contr\u00f4le Qualit\u00e9 (QA System) sont essentiels \u00e0 notre avantage concurrentiel et \u00e0 nos valeurs fondamentales. En tant que fournisseur de solutions linguistiques, nous reconnaissons que nos clients attendent une interaction fluide avec des professionnels d\u00e9vou\u00e9s, de l\u2019initiation de la demande \u00e0 [&hellip;]<\/p>\n","protected":false},"author":3,"featured_media":0,"parent":14,"menu_order":0,"comment_status":"closed","ping_status":"closed","template":"","meta":{"_seopress_robots_primary_cat":"","_seopress_titles_title":"","_seopress_titles_desc":"","_seopress_robots_index":"","footnotes":""},"class_list":["post-15","page","type-page","status-publish","hentry"],"_links":{"self":[{"href":"https:\/\/www.bbm.co.nz\/fr\/wp-json\/wp\/v2\/pages\/15"}],"collection":[{"href":"https:\/\/www.bbm.co.nz\/fr\/wp-json\/wp\/v2\/pages"}],"about":[{"href":"https:\/\/www.bbm.co.nz\/fr\/wp-json\/wp\/v2\/types\/page"}],"author":[{"embeddable":true,"href":"https:\/\/www.bbm.co.nz\/fr\/wp-json\/wp\/v2\/users\/3"}],"replies":[{"embeddable":true,"href":"https:\/\/www.bbm.co.nz\/fr\/wp-json\/wp\/v2\/comments?post=15"}],"version-history":[{"count":2,"href":"https:\/\/www.bbm.co.nz\/fr\/wp-json\/wp\/v2\/pages\/15\/revisions"}],"predecessor-version":[{"id":228,"href":"https:\/\/www.bbm.co.nz\/fr\/wp-json\/wp\/v2\/pages\/15\/revisions\/228"}],"up":[{"embeddable":true,"href":"https:\/\/www.bbm.co.nz\/fr\/wp-json\/wp\/v2\/pages\/14"}],"wp:attachment":[{"href":"https:\/\/www.bbm.co.nz\/fr\/wp-json\/wp\/v2\/media?parent=15"}],"curies":[{"name":"wp","href":"https:\/\/api.w.org\/{rel}","templated":true}]}}