{"id":14,"date":"2013-09-11T09:04:22","date_gmt":"2013-09-10T21:04:22","guid":{"rendered":"https:\/\/www.bbm.co.nz\/fr\/our-values\/"},"modified":"2024-05-18T13:29:48","modified_gmt":"2024-05-18T01:29:48","slug":"our-values","status":"publish","type":"page","link":"https:\/\/www.bbm.co.nz\/fr\/our-values\/","title":{"rendered":"Nos Valeurs"},"content":{"rendered":"<h2><strong>Tout est Fond\u00e9 sur Nos Valeurs Fondamentales<\/strong><\/h2>\n<p>Chez BBM, nous croyons au pouvoir de nos valeurs fondamentales. Elles guident nos actions et fa\u00e7onnent notre culture. Voici quelques-unes des valeurs qui nous sont ch\u00e8res :<\/p>\n<ul>\n<li><a title=\"Premium QA System\" href=\"\/fr\/our-values\/premium-qa-system\/\"><strong>Notre Syst\u00e8me de Contr\u00f4le Qualit\u00e9 Premium<\/strong><\/a>: Notre Syst\u00e8me de Contr\u00f4le Qualit\u00e9 Premium est un t\u00e9moignage de notre engagement envers la qualit\u00e9. Nous avons mis en place un processus rigoureux pour garantir que nos produits r\u00e9pondent aux normes les plus \u00e9lev\u00e9es de qualit\u00e9 et de fiabilit\u00e9.<\/li>\n<li><a title=\"PM System\" href=\"\/fr\/our-values\/pm-system\/\"><strong>Notre Syst\u00e8me de Gestion de Projets<\/strong><\/a>: Notre Syst\u00e8me de Gestion de Projets est con\u00e7u pour assurer l\u2019ex\u00e9cution efficace et efficiente des projets. Nous croyons en la transparence et la responsabilit\u00e9, et notre Syst\u00e8me de Gestion de Projets refl\u00e8te ces valeurs.<\/li>\n<\/ul>\n<p>Nous vous invitons \u00e0 en savoir plus sur nos valeurs fondamentales et sur la mani\u00e8re dont elles guident notre travail.<\/p>\n<p><img loading=\"lazy\" decoding=\"async\" class=\"alignnone size-full wp-image-1563\" src=\"https:\/\/www.bbm.co.nz\/wp-content\/uploads\/translation-training-jpg.webp\" alt=\"BBM Values\" width=\"1792\" height=\"1024\" \/><\/p>\n","protected":false},"excerpt":{"rendered":"<p>Tout est Fond\u00e9 sur Nos Valeurs Fondamentales Chez BBM, nous croyons au pouvoir de nos valeurs fondamentales. Elles guident nos actions et fa\u00e7onnent notre culture. Voici quelques-unes des valeurs qui nous sont ch\u00e8res : Notre Syst\u00e8me de Contr\u00f4le Qualit\u00e9 Premium: Notre Syst\u00e8me de Contr\u00f4le Qualit\u00e9 Premium est un t\u00e9moignage de notre engagement envers la qualit\u00e9. [&hellip;]<\/p>\n","protected":false},"author":3,"featured_media":0,"parent":0,"menu_order":0,"comment_status":"closed","ping_status":"closed","template":"","meta":{"_seopress_robots_primary_cat":"","_seopress_titles_title":"","_seopress_titles_desc":"","_seopress_robots_index":"","footnotes":""},"class_list":["post-14","page","type-page","status-publish","hentry"],"_links":{"self":[{"href":"https:\/\/www.bbm.co.nz\/fr\/wp-json\/wp\/v2\/pages\/14"}],"collection":[{"href":"https:\/\/www.bbm.co.nz\/fr\/wp-json\/wp\/v2\/pages"}],"about":[{"href":"https:\/\/www.bbm.co.nz\/fr\/wp-json\/wp\/v2\/types\/page"}],"author":[{"embeddable":true,"href":"https:\/\/www.bbm.co.nz\/fr\/wp-json\/wp\/v2\/users\/3"}],"replies":[{"embeddable":true,"href":"https:\/\/www.bbm.co.nz\/fr\/wp-json\/wp\/v2\/comments?post=14"}],"version-history":[{"count":2,"href":"https:\/\/www.bbm.co.nz\/fr\/wp-json\/wp\/v2\/pages\/14\/revisions"}],"predecessor-version":[{"id":227,"href":"https:\/\/www.bbm.co.nz\/fr\/wp-json\/wp\/v2\/pages\/14\/revisions\/227"}],"wp:attachment":[{"href":"https:\/\/www.bbm.co.nz\/fr\/wp-json\/wp\/v2\/media?parent=14"}],"curies":[{"name":"wp","href":"https:\/\/api.w.org\/{rel}","templated":true}]}}