{"id":13,"date":"2013-09-11T09:14:08","date_gmt":"2013-09-10T21:14:08","guid":{"rendered":"https:\/\/www.bbm.co.nz\/fr\/our-team\/"},"modified":"2024-05-18T13:20:27","modified_gmt":"2024-05-18T01:20:27","slug":"our-team","status":"publish","type":"page","link":"https:\/\/www.bbm.co.nz\/fr\/our-team\/","title":{"rendered":"Notre \u00c9quipe"},"content":{"rendered":"<p>Nous nous consacrons \u00e0 \u00eatre un prestataire de premier plan de solutions linguistiques, guid\u00e9s par nos valeurs fondamentales de \u201cPr\u00e9cision, Qualit\u00e9 et Engagement\u201d dans tous les aspects de la gestion de notre \u00e9quipe, du recrutement \u00e0 l\u2019organisation, jusqu\u2019\u00e0 l\u2019ex\u00e9cution des projets. Nos chefs de projet supervisent les exigences des clients, l\u2019optimisation des donn\u00e9es, la coordination des \u00e9quipes, la mise en \u0153uvre des projets et les am\u00e9liorations post-livraison, garantissant des op\u00e9rations de projet sans faille.<\/p>\n<p>Nous maintenons des crit\u00e8res stricts pour le recrutement et l\u2019\u00e9valuation des candidats chefs de projet, en mettant l\u2019accent sur la ma\u00eetrise des langues \u00e9trang\u00e8res, les comp\u00e9tences essentielles, l\u2019alignement avec les valeurs de BBM, l\u2019engagement et une volont\u00e9 de croissance de l\u2019entreprise. Les candidats sont soumis \u00e0 une analyse et une formation rigoureuses jusqu\u2019\u00e0 ce qu\u2019ils soient pleinement qualifi\u00e9s. Notre syst\u00e8me MIS de pointe, comprenant notre syst\u00e8me QA, fournit une base solide pour les contributions durables des chefs de projet, am\u00e9liorant la gestion des donn\u00e9es, la surveillance en temps r\u00e9el et la coordination des projets depuis sa cr\u00e9ation en ao\u00fbt 2007.<\/p>\n<p>Contrairement \u00e0 de nombreuses agences de traduction qui d\u00e9pendent fortement de traducteurs externes \u00e0 temps partiel, ce qui entra\u00eene des d\u00e9fis tels que la d\u00e9centralisation des donn\u00e9es et des fluctuations de contr\u00f4le de qualit\u00e9, nous utilisons des traducteurs \u00e0 temps partiel et des freelances comme ressources suppl\u00e9mentaires. Cependant, pour garantir le respect de nos normes de pr\u00e9cision et de qualit\u00e9, nous attribuons au moins 80% de notre charge de travail \u00e0 nos traducteurs et auditeurs internes.<\/p>\n<p>Nos traducteurs internes poss\u00e8dent une exp\u00e9rience \u00e9tendue et une responsabilit\u00e9, tandis que les auditeurs assurent la qualit\u00e9 en examinant et en supervisant leur travail. Les deux rendent compte aux chefs de projet, qui supervisent \u00e9galement les sp\u00e9cialistes DTP et RH. Cette approche collaborative favorise le partage des connaissances et nous conduit vers notre objectif collectif.<\/p>\n<p>De plus, nos chefs de projet sont comp\u00e9tents en anglais et en chinois, agissant en tant que communicateurs efficaces pour faciliter les interactions sans heurts avec nos clients.<\/p>\n<p><img loading=\"lazy\" decoding=\"async\" class=\"alignnone size-full wp-image-1585\" src=\"https:\/\/www.bbm.co.nz\/wp-content\/uploads\/group_discussion2-jpg.webp\" alt=\"BBM Team\" width=\"1024\" height=\"1024\" \/><\/p>\n","protected":false},"excerpt":{"rendered":"<p>Nous nous consacrons \u00e0 \u00eatre un prestataire de premier plan de solutions linguistiques, guid\u00e9s par nos valeurs fondamentales de \u201cPr\u00e9cision, Qualit\u00e9 et Engagement\u201d dans tous les aspects de la gestion de notre \u00e9quipe, du recrutement \u00e0 l\u2019organisation, jusqu\u2019\u00e0 l\u2019ex\u00e9cution des projets. Nos chefs de projet supervisent les exigences des clients, l\u2019optimisation des donn\u00e9es, la coordination [&hellip;]<\/p>\n","protected":false},"author":3,"featured_media":0,"parent":0,"menu_order":0,"comment_status":"closed","ping_status":"closed","template":"","meta":{"_seopress_robots_primary_cat":"","_seopress_titles_title":"","_seopress_titles_desc":"","_seopress_robots_index":"","footnotes":""},"class_list":["post-13","page","type-page","status-publish","hentry"],"_links":{"self":[{"href":"https:\/\/www.bbm.co.nz\/fr\/wp-json\/wp\/v2\/pages\/13"}],"collection":[{"href":"https:\/\/www.bbm.co.nz\/fr\/wp-json\/wp\/v2\/pages"}],"about":[{"href":"https:\/\/www.bbm.co.nz\/fr\/wp-json\/wp\/v2\/types\/page"}],"author":[{"embeddable":true,"href":"https:\/\/www.bbm.co.nz\/fr\/wp-json\/wp\/v2\/users\/3"}],"replies":[{"embeddable":true,"href":"https:\/\/www.bbm.co.nz\/fr\/wp-json\/wp\/v2\/comments?post=13"}],"version-history":[{"count":2,"href":"https:\/\/www.bbm.co.nz\/fr\/wp-json\/wp\/v2\/pages\/13\/revisions"}],"predecessor-version":[{"id":226,"href":"https:\/\/www.bbm.co.nz\/fr\/wp-json\/wp\/v2\/pages\/13\/revisions\/226"}],"wp:attachment":[{"href":"https:\/\/www.bbm.co.nz\/fr\/wp-json\/wp\/v2\/media?parent=13"}],"curies":[{"name":"wp","href":"https:\/\/api.w.org\/{rel}","templated":true}]}}