{"id":11,"date":"2013-09-12T13:41:35","date_gmt":"2013-09-12T01:41:35","guid":{"rendered":"https:\/\/www.bbm.co.nz\/fr\/our-services\/dtp-desktop-publishing\/"},"modified":"2024-05-18T12:29:22","modified_gmt":"2024-05-18T00:29:22","slug":"dtp-desktop-publishing","status":"publish","type":"page","link":"https:\/\/www.bbm.co.nz\/fr\/our-services\/dtp-desktop-publishing\/","title":{"rendered":"PAO (Publication Assist\u00e9e par Ordinateur)"},"content":{"rendered":"\r\n<div class=\"message\">\r\n<div class=\"content\" tabindex=\"0\" aria-description=\"\">\r\n<h2><strong>PAO (Publication Assist\u00e9e par Ordinateur) &#8211; Vous Lib\u00e9rant de Toutes les T\u00e2ches Fastidieuses<\/strong><\/h2>\r\n<p>Chez BBM, la Publication Assist\u00e9e par Ordinateur (PAO) n\u2019est pas seulement une partie int\u00e9grante de la traduction sur papier, mais \u00e9galement une activit\u00e9 ind\u00e9pendante que nous proposons \u00e0 des clients externes.<\/p>\r\n<p>Notre activit\u00e9 de PAO couvre divers domaines :<\/p>\r\n<ul>\r\n<li>Publication de Documents<\/li>\r\n<li>Publication de Manuels Techniques<\/li>\r\n<li>Conception de Catalogues<\/li>\r\n<li>Activit\u00e9 d\u2019Impression<\/li>\r\n<\/ul>\r\n<p>Nous utilisons une vari\u00e9t\u00e9 de plateformes pour nos services, notamment MS Office (Word, PowerPoint et Excel), Adobe Acrobat (pour la g\u00e9n\u00e9ration de PDF), Adobe FrameMaker (pour la publication de manuels), Adobe InDesign (pour la publication de catalogues) et WordPress (pour la construction de sites web).<\/p>\r\n<p>Dans le pass\u00e9, nous avons fourni des services au groupe TravelPort, au groupe Taikoo, \u00e0 GE HealthCare, \u00e0 Pall Corporation et \u00e0 d\u2019autres clients dans la publication de manuels, la construction de sites web, la conception de catalogues et d\u2019autres travaux de PAO. Nous avons donc accumul\u00e9 une riche exp\u00e9rience et ma\u00eetrisons les derni\u00e8res technologies.<\/p>\r\n<p>Pour plus d\u2019informations sur nos services, n\u2019h\u00e9sitez pas \u00e0 <a title=\"Contact Us\" href=\"\/fr\/contact-us\/\">nous contacter<\/a>.<\/p>\r\n<\/div>\r\n<\/div>\r\n<p><img loading=\"lazy\" decoding=\"async\" class=\"alignnone size-full wp-image-1580\" src=\"https:\/\/www.bbm.co.nz\/wp-content\/uploads\/dtp-1-jpg.webp\" alt=\"Desktop Publishing Service\" width=\"1024\" height=\"1024\" \/><\/p>\r\n","protected":false},"excerpt":{"rendered":"<p>PAO (Publication Assist\u00e9e par Ordinateur) &#8211; Vous Lib\u00e9rant de Toutes les T\u00e2ches Fastidieuses Chez BBM, la Publication Assist\u00e9e par Ordinateur (PAO) n\u2019est pas seulement une partie int\u00e9grante de la traduction sur papier, mais \u00e9galement une activit\u00e9 ind\u00e9pendante que nous proposons \u00e0 des clients externes. Notre activit\u00e9 de PAO couvre divers domaines : Publication de Documents [&hellip;]<\/p>\n","protected":false},"author":3,"featured_media":0,"parent":5,"menu_order":0,"comment_status":"closed","ping_status":"closed","template":"","meta":{"_seopress_robots_primary_cat":"","_seopress_titles_title":"","_seopress_titles_desc":"","_seopress_robots_index":"","footnotes":""},"class_list":["post-11","page","type-page","status-publish","hentry"],"_links":{"self":[{"href":"https:\/\/www.bbm.co.nz\/fr\/wp-json\/wp\/v2\/pages\/11"}],"collection":[{"href":"https:\/\/www.bbm.co.nz\/fr\/wp-json\/wp\/v2\/pages"}],"about":[{"href":"https:\/\/www.bbm.co.nz\/fr\/wp-json\/wp\/v2\/types\/page"}],"author":[{"embeddable":true,"href":"https:\/\/www.bbm.co.nz\/fr\/wp-json\/wp\/v2\/users\/3"}],"replies":[{"embeddable":true,"href":"https:\/\/www.bbm.co.nz\/fr\/wp-json\/wp\/v2\/comments?post=11"}],"version-history":[{"count":4,"href":"https:\/\/www.bbm.co.nz\/fr\/wp-json\/wp\/v2\/pages\/11\/revisions"}],"predecessor-version":[{"id":216,"href":"https:\/\/www.bbm.co.nz\/fr\/wp-json\/wp\/v2\/pages\/11\/revisions\/216"}],"up":[{"embeddable":true,"href":"https:\/\/www.bbm.co.nz\/fr\/wp-json\/wp\/v2\/pages\/5"}],"wp:attachment":[{"href":"https:\/\/www.bbm.co.nz\/fr\/wp-json\/wp\/v2\/media?parent=11"}],"curies":[{"name":"wp","href":"https:\/\/api.w.org\/{rel}","templated":true}]}}