{"id":10,"date":"2013-09-12T13:43:50","date_gmt":"2013-09-12T01:43:50","guid":{"rendered":"https:\/\/www.bbm.co.nz\/fr\/brand-promotion\/"},"modified":"2024-05-18T13:17:25","modified_gmt":"2024-05-18T01:17:25","slug":"brand-promotion","status":"publish","type":"page","link":"https:\/\/www.bbm.co.nz\/fr\/brand-promotion\/","title":{"rendered":"Promotion de Marque"},"content":{"rendered":"\r\n<h2 class=\"wp-block-heading\"><strong>Votre Partenaire en Promotion de Marque<\/strong><\/h2>\r\n<p>Chez BBM Translation Service, nous allons au-del\u00e0 de la fourniture de solutions linguistiques compl\u00e8tes. Nous avons identifi\u00e9 et \u00e9tabli notre valeur unique &#8211; la promotion de marque. Contrairement aux strat\u00e9gies traditionnelles de promotion de marque, nous exploitons notre expertise linguistique pour am\u00e9liorer l\u2019image de votre marque.<\/p>\r\n<h2><strong>Notre Approche<\/strong><\/h2>\r\n<p>Notre service se concentre sur l\u2019histoire de la marque, la connotation de la marque et la valeur de la marque. Nous d\u00e9crivons professionnellement chaque histoire de marque dans un langage vivant, suivant la logique du d\u00e9veloppement de la marque. Nous croyons au pouvoir du langage pour promouvoir efficacement une marque.<\/p>\r\n<h2><strong>Pourquoi Nous Choisir ?<\/strong><\/h2>\r\n<p>Gr\u00e2ce \u00e0 notre approche unique, nous pouvons aider votre marque \u00e0 se d\u00e9marquer sur le march\u00e9. Nous ne racontons pas seulement l\u2019histoire de votre marque, mais mettons \u00e9galement en valeur la beaut\u00e9 du langage, rendant votre marque plus attrayante pour le public.<\/p>\r\n<h2><strong>Contactez-nous<\/strong><\/h2>\r\n<p>Pr\u00eat \u00e0 faire passer votre marque au niveau sup\u00e9rieur ? Contactez-nous d\u00e8s aujourd\u2019hui pour en savoir plus sur nos services.<\/p>\r\n<p><img loading=\"lazy\" decoding=\"async\" class=\"alignnone size-full wp-image-1609\" src=\"https:\/\/www.bbm.co.nz\/wp-content\/uploads\/brand-promotion-jpg.webp\" alt=\"brand promotion\" width=\"1792\" height=\"1024\" \/><\/p>\r\n","protected":false},"excerpt":{"rendered":"<p>Votre Partenaire en Promotion de Marque Chez BBM Translation Service, nous allons au-del\u00e0 de la fourniture de solutions linguistiques compl\u00e8tes. Nous avons identifi\u00e9 et \u00e9tabli notre valeur unique &#8211; la promotion de marque. Contrairement aux strat\u00e9gies traditionnelles de promotion de marque, nous exploitons notre expertise linguistique pour am\u00e9liorer l\u2019image de votre marque. Notre Approche Notre [&hellip;]<\/p>\n","protected":false},"author":3,"featured_media":0,"parent":0,"menu_order":0,"comment_status":"closed","ping_status":"closed","template":"","meta":{"_seopress_robots_primary_cat":"","_seopress_titles_title":"","_seopress_titles_desc":"","_seopress_robots_index":"","footnotes":""},"class_list":["post-10","page","type-page","status-publish","hentry"],"_links":{"self":[{"href":"https:\/\/www.bbm.co.nz\/fr\/wp-json\/wp\/v2\/pages\/10"}],"collection":[{"href":"https:\/\/www.bbm.co.nz\/fr\/wp-json\/wp\/v2\/pages"}],"about":[{"href":"https:\/\/www.bbm.co.nz\/fr\/wp-json\/wp\/v2\/types\/page"}],"author":[{"embeddable":true,"href":"https:\/\/www.bbm.co.nz\/fr\/wp-json\/wp\/v2\/users\/3"}],"replies":[{"embeddable":true,"href":"https:\/\/www.bbm.co.nz\/fr\/wp-json\/wp\/v2\/comments?post=10"}],"version-history":[{"count":2,"href":"https:\/\/www.bbm.co.nz\/fr\/wp-json\/wp\/v2\/pages\/10\/revisions"}],"predecessor-version":[{"id":225,"href":"https:\/\/www.bbm.co.nz\/fr\/wp-json\/wp\/v2\/pages\/10\/revisions\/225"}],"wp:attachment":[{"href":"https:\/\/www.bbm.co.nz\/fr\/wp-json\/wp\/v2\/media?parent=10"}],"curies":[{"name":"wp","href":"https:\/\/api.w.org\/{rel}","templated":true}]}}