{"id":34,"date":"2013-09-11T09:03:17","date_gmt":"2013-09-10T21:03:17","guid":{"rendered":"https:\/\/www.bbm.co.nz\/de\/our-services\/document-translation\/"},"modified":"2024-05-18T10:47:40","modified_gmt":"2024-05-17T22:47:40","slug":"document-translation","status":"publish","type":"page","link":"https:\/\/www.bbm.co.nz\/de\/our-services\/document-translation\/","title":{"rendered":"Dokumenten\u00fcbersetzung"},"content":{"rendered":"\r\n<h2><strong>Dokumenten\u00fcbersetzung \u2013 Pr\u00e4zise und Professionell<\/strong><\/h2>\r\n<p>Die \u00dcbersetzung von Dokumenten ist ein Eckpfeiler unseres Gesch\u00e4fts. Wir sind spezialisiert auf die \u00dcbersetzung von Dokumenten aus verschiedenen Bereichen, darunter Medizin, Medizintechnik, IT, Filtrationstechnologien, Automobilindustrie sowie Energie- und Energiesektoren. Unsere Auswahl an Fachdisziplinen entspricht perfekt der Expertise unseres Teams.<\/p>\r\n<h2><strong>Unterst\u00fctzte Sprachen<\/strong><\/h2>\r\n<p>Derzeit bieten wir Dienstleistungen in folgenden Sprachen an: Englisch, Chinesisch, Japanisch, Franz\u00f6sisch, Deutsch, Spanisch, Portugiesisch, Italienisch, Russisch und andere. F\u00fcr andere Sprachpaare arbeiten unsere gesch\u00e4tzten Gesch\u00e4ftspartner in Europa und Neuseeland mit uns zusammen, um die Bed\u00fcrfnisse unserer Kunden zu erf\u00fcllen.<\/p>\r\n<h2><strong>Unser Team<\/strong><\/h2>\r\n<p>Unser Team besteht aus voll lizenzierten \u00dcbersetzern, die das R\u00fcckgrat unseres Unternehmens bilden. Um &#8222;Genauigkeit und Qualit\u00e4t&#8220; zu gew\u00e4hrleisten, garantieren wir, dass alle \u00dcbersetzungen von englischen Dokumenten von unseren internen \u00dcbersetzern durchgef\u00fchrt und von unseren internen Pr\u00fcfern \u00fcberpr\u00fcft werden. Dar\u00fcber hinaus stellen wir sicher, dass 70% der \u00dcbersetzungen von Dokumenten in Japanisch, Franz\u00f6sisch und Deutsch von unseren internen \u00dcbersetzern durchgef\u00fchrt und von unseren internen Pr\u00fcfern \u00fcberpr\u00fcft werden. Alle unsere internen \u00dcbersetzer sind erfahren und verantwortungsbewusst, w\u00e4hrend unsere Pr\u00fcfer \u00fcber hohe F\u00e4higkeiten im Bereich der Qualit\u00e4tssicherung von \u00dcbersetzungen verf\u00fcgen. Bei Aufgaben, die von unseren qualifizierten Gesch\u00e4ftspartnern \u00fcbernommen werden, setzen wir konsequent Qualit\u00e4tskontroll- und -sicherungsma\u00dfnahmen ein, um die Lieferung erstklassiger Dienstleistungen sicherzustellen.<\/p>\r\n<h2><strong>Datenmanagement in der Dokumenten\u00fcbersetzung<\/strong><\/h2>\r\n<p>Alle Daten im Zusammenhang mit der Dokumenten\u00fcbersetzung werden in unserem MIS-System konsolidiert, um Pr\u00e4zision und Effizienz im Datenmanagement und -abruf zu gew\u00e4hrleisten. Durch die Nutzung unseres MIS-Systems k\u00f6nnen wir schnelle und zuverl\u00e4ssige Dienstleistungen anbieten und somit die Kosten f\u00fcr die Datenwartung f\u00fcr unsere Kunden senken.<\/p>\r\n<p><img loading=\"lazy\" decoding=\"async\" class=\"alignnone size-full wp-image-1556\" src=\"https:\/\/www.bbm.co.nz\/wp-content\/uploads\/book2-jpg.webp\" alt=\"document translation\" width=\"1024\" height=\"1024\" \/><\/p>\r\n","protected":false},"excerpt":{"rendered":"<p>Dokumenten\u00fcbersetzung \u2013 Pr\u00e4zise und Professionell Die \u00dcbersetzung von Dokumenten ist ein Eckpfeiler unseres Gesch\u00e4fts. Wir sind spezialisiert auf die \u00dcbersetzung von Dokumenten aus verschiedenen Bereichen, darunter Medizin, Medizintechnik, IT, Filtrationstechnologien, Automobilindustrie sowie Energie- und Energiesektoren. Unsere Auswahl an Fachdisziplinen entspricht perfekt der Expertise unseres Teams. Unterst\u00fctzte Sprachen Derzeit bieten wir Dienstleistungen in folgenden Sprachen an: [&hellip;]<\/p>\n","protected":false},"author":3,"featured_media":0,"parent":16,"menu_order":0,"comment_status":"closed","ping_status":"closed","template":"","meta":{"_seopress_robots_primary_cat":"","_seopress_titles_title":"","_seopress_titles_desc":"","_seopress_robots_index":"","footnotes":""},"class_list":["post-34","page","type-page","status-publish","hentry"],"_links":{"self":[{"href":"https:\/\/www.bbm.co.nz\/de\/wp-json\/wp\/v2\/pages\/34"}],"collection":[{"href":"https:\/\/www.bbm.co.nz\/de\/wp-json\/wp\/v2\/pages"}],"about":[{"href":"https:\/\/www.bbm.co.nz\/de\/wp-json\/wp\/v2\/types\/page"}],"author":[{"embeddable":true,"href":"https:\/\/www.bbm.co.nz\/de\/wp-json\/wp\/v2\/users\/3"}],"replies":[{"embeddable":true,"href":"https:\/\/www.bbm.co.nz\/de\/wp-json\/wp\/v2\/comments?post=34"}],"version-history":[{"count":3,"href":"https:\/\/www.bbm.co.nz\/de\/wp-json\/wp\/v2\/pages\/34\/revisions"}],"predecessor-version":[{"id":192,"href":"https:\/\/www.bbm.co.nz\/de\/wp-json\/wp\/v2\/pages\/34\/revisions\/192"}],"up":[{"embeddable":true,"href":"https:\/\/www.bbm.co.nz\/de\/wp-json\/wp\/v2\/pages\/16"}],"wp:attachment":[{"href":"https:\/\/www.bbm.co.nz\/de\/wp-json\/wp\/v2\/media?parent=34"}],"curies":[{"name":"wp","href":"https:\/\/api.w.org\/{rel}","templated":true}]}}