{"id":33,"date":"2013-09-11T09:03:28","date_gmt":"2013-09-10T21:03:28","guid":{"rendered":"https:\/\/www.bbm.co.nz\/de\/our-services\/interpretation\/"},"modified":"2024-05-18T12:34:47","modified_gmt":"2024-05-18T00:34:47","slug":"interpretation","status":"publish","type":"page","link":"https:\/\/www.bbm.co.nz\/de\/our-services\/interpretation\/","title":{"rendered":"Dolmetschen"},"content":{"rendered":"<div class=\"content\" tabindex=\"0\" aria-description=\"\">\n<div class=\"ac-container ac-adaptiveCard\">\n<div class=\"ac-textBlock\">\n<h2><strong>Dolmetschdienste \u2013 Agil und Professionell<\/strong><\/h2>\n<p>Bei BBM sind wir besonders stolz auf unser Kerngesch\u00e4ft des Dolmetschens. Wir bieten unsere Dienstleistungen in vielf\u00e4ltigen Bereichen wie Wirtschaft, IT, Medizin, Medizintechnik, Filtrationstechnologien, Automobilindustrie und Energie an. Die Expertise unseres Teams passt nahtlos zu diesen professionellen Dom\u00e4nen und spiegelt die progressive Entwicklung von BBM wider.<\/p>\n<h2><strong>Unterst\u00fctzte Sprachen<\/strong><\/h2>\n<p>Unsere Dolmetschdienste decken eine breite Palette von Szenarien ab, darunter allgemeine gesch\u00e4ftliche Anl\u00e4sse, Meetings, Konferenzen, Seminare, Vorlesungen und Simultandolmetschen. Wir bieten diese Dienstleistungen in mehreren Sprachen an, darunter Englisch, Japanisch, Franz\u00f6sisch, Deutsch, Spanisch, Portugiesisch, Italienisch und Russisch.<\/p>\n<h2><strong>Professionelles Team<\/strong><\/h2>\n<p>Unser Team zeichnet sich durch seine robuste Arbeitsmoral, seinen professionellen Hintergrund, Intelligenz und Erfahrung aus. Wir hatten das Privileg, unsere Dienstleistungen der China Trade Promotion Association bei ihrem &#8222;Internationalen Handelsentwicklungsforum&#8220; anzubieten, sowie bei den akademischen Austauschworkshops von AbacusBio und anderen Konferenzen und Austauschanl\u00e4ssen.<\/p>\n<p>Wir sind bestrebt, Ihnen Simultandolmetschdienste von h\u00f6chster Qualit\u00e4t anzubieten, die von unseren hochqualifizierten und erfahrenen Fachleuten erbracht werden. Unser Ziel ist es, eine Kommunikationsbr\u00fccke zwischen Ihnen und dem Rest der Welt zu schaffen und so jeglichen Stress oder \u00c4ngste, die durch kulturelle Unterschiede und Unbekanntes entstehen k\u00f6nnen, zu lindern.<\/p>\n<p><img loading=\"lazy\" decoding=\"async\" class=\"alignnone size-full wp-image-1557\" src=\"https:\/\/www.bbm.co.nz\/wp-content\/uploads\/interpreter2-jpg.webp\" alt=\"interpretation\" width=\"1024\" height=\"1024\" \/><\/p>\n<\/div>\n<\/div>\n<\/div>\n","protected":false},"excerpt":{"rendered":"<p>Dolmetschdienste \u2013 Agil und Professionell Bei BBM sind wir besonders stolz auf unser Kerngesch\u00e4ft des Dolmetschens. Wir bieten unsere Dienstleistungen in vielf\u00e4ltigen Bereichen wie Wirtschaft, IT, Medizin, Medizintechnik, Filtrationstechnologien, Automobilindustrie und Energie an. Die Expertise unseres Teams passt nahtlos zu diesen professionellen Dom\u00e4nen und spiegelt die progressive Entwicklung von BBM wider. Unterst\u00fctzte Sprachen Unsere Dolmetschdienste [&hellip;]<\/p>\n","protected":false},"author":3,"featured_media":0,"parent":16,"menu_order":0,"comment_status":"closed","ping_status":"closed","template":"","meta":{"_seopress_robots_primary_cat":"","_seopress_titles_title":"","_seopress_titles_desc":"","_seopress_robots_index":"","footnotes":""},"class_list":["post-33","page","type-page","status-publish","hentry"],"_links":{"self":[{"href":"https:\/\/www.bbm.co.nz\/de\/wp-json\/wp\/v2\/pages\/33"}],"collection":[{"href":"https:\/\/www.bbm.co.nz\/de\/wp-json\/wp\/v2\/pages"}],"about":[{"href":"https:\/\/www.bbm.co.nz\/de\/wp-json\/wp\/v2\/types\/page"}],"author":[{"embeddable":true,"href":"https:\/\/www.bbm.co.nz\/de\/wp-json\/wp\/v2\/users\/3"}],"replies":[{"embeddable":true,"href":"https:\/\/www.bbm.co.nz\/de\/wp-json\/wp\/v2\/comments?post=33"}],"version-history":[{"count":3,"href":"https:\/\/www.bbm.co.nz\/de\/wp-json\/wp\/v2\/pages\/33\/revisions"}],"predecessor-version":[{"id":200,"href":"https:\/\/www.bbm.co.nz\/de\/wp-json\/wp\/v2\/pages\/33\/revisions\/200"}],"up":[{"embeddable":true,"href":"https:\/\/www.bbm.co.nz\/de\/wp-json\/wp\/v2\/pages\/16"}],"wp:attachment":[{"href":"https:\/\/www.bbm.co.nz\/de\/wp-json\/wp\/v2\/media?parent=33"}],"curies":[{"name":"wp","href":"https:\/\/api.w.org\/{rel}","templated":true}]}}