{"id":30,"date":"2013-09-11T09:03:58","date_gmt":"2013-09-10T21:03:58","guid":{"rendered":"https:\/\/www.bbm.co.nz\/de\/our-services\/translation-training\/"},"modified":"2024-05-18T12:58:14","modified_gmt":"2024-05-18T00:58:14","slug":"translation-training","status":"publish","type":"page","link":"https:\/\/www.bbm.co.nz\/de\/our-services\/translation-training\/","title":{"rendered":"\u00dcbersetzungstraining"},"content":{"rendered":"<h2><strong>\u00dcbersetzungstraining zur Steigerung Ihrer Professionalit\u00e4t<\/strong><\/h2>\r\n<p>Bei BBM sind wir auf die Schulung unserer \u00dcbersetzerkandidaten spezialisiert. Wir setzen uns daf\u00fcr ein, unsere Kompetenzen in Sprache und Wissen auf verwandte Bereiche auszudehnen. Im Zuge dieser Expansion haben wir allm\u00e4hlich unseren einzigartigen Wert geschaffen &#8211; umfassende Sprachl\u00f6sungen f\u00fcr unsere Kunden anzubieten.<\/p>\r\n<p>Unser Schulungsservice ist ein Teil dieser L\u00f6sung und stellt nicht nur eine Erweiterung unserer sprachlichen Kompetenzen dar, sondern auch einen einzigartigen Service, der auf dem aktuellen Markt verf\u00fcgbar ist. Unser Schulungsservice unterscheidet sich deutlich von dem der Wettbewerber auf dem Markt. Unser Fokus liegt n\u00e4mlich auf dem Training von \u00dcbersetzungsf\u00e4higkeiten, insbesondere von Schreib- und Papier\u00fcbersetzungsf\u00e4higkeiten.<\/p>\r\n<p>Genauer gesagt, umfasst unser Service grundlegendes Englischschreibtraining, professionelles Englischschreibtraining, grundlegendes \u00dcbersetzungstraining, professionelles \u00dcbersetzungstraining und technisches \u00dcbersetzungstraining (im Bereich Medizin, IT, Energie und Automobil), sowie fortgeschrittenes \u00dcbersetzungstraining, das von erfahrenen \u00dcbersetzern geleitet wird.<\/p>\r\n<p>In der aktuellen Marktsituation legen die meisten Trainingsorganisationen den Schwerpunkt auf die Verbesserung der m\u00fcndlichen F\u00e4higkeiten und vernachl\u00e4ssigen das Schreiben und die praktische \u00dcbersetzung. Im Gegensatz dazu bietet BBM praktisches und professionelles Schreibtraining an, basierend auf langj\u00e4hriger Erfahrung und einem talentierten Mitarbeiterpool. Beispielsweise werden alle Schulungen von erfahrenen Dozenten geleitet, die fr\u00fcher als interne \u00dcbersetzer oder Pr\u00fcfer bei BBM t\u00e4tig waren. Aufgrund ihrer Spezialisierung in den Bereichen Wirtschaft, Medizin, IT, Energie, Automobil oder anderen Bereichen und unter Verwendung unserer datenbankgest\u00fctzten Erfahrungswerte, k\u00f6nnen sie sicherstellen, dass die Teilnehmer in k\u00fcrzerer Zeit mehr lernen und herausragende F\u00e4higkeiten erwerben.<\/p>\r\n<p>Im Vergleich zu den anderen Schulungsorganisationen auf dem Markt haben wir einen weiteren unschlagbaren Vorteil &#8211; direkte Interaktion mit der praktischen \u00dcbersetzung und ein tiefes Verst\u00e4ndnis der Erwartungen der Kunden an die \u00dcbersetzung. Auf diese Weise erh\u00e4lt ein Teilnehmer ein greifbares Verst\u00e4ndnis seiner Lernziele und kann bessere Lernergebnisse erwarten.<\/p>\r\n<p><img loading=\"lazy\" decoding=\"async\" class=\"alignnone size-full wp-image-1581\" src=\"https:\/\/www.bbm.co.nz\/wp-content\/uploads\/team-1-jpg.webp\" alt=\"translation training\" width=\"1024\" height=\"1024\" \/><\/p>\r\n","protected":false},"excerpt":{"rendered":"<p>\u00dcbersetzungstraining zur Steigerung Ihrer Professionalit\u00e4t Bei BBM sind wir auf die Schulung unserer \u00dcbersetzerkandidaten spezialisiert. Wir setzen uns daf\u00fcr ein, unsere Kompetenzen in Sprache und Wissen auf verwandte Bereiche auszudehnen. Im Zuge dieser Expansion haben wir allm\u00e4hlich unseren einzigartigen Wert geschaffen &#8211; umfassende Sprachl\u00f6sungen f\u00fcr unsere Kunden anzubieten. Unser Schulungsservice ist ein Teil dieser L\u00f6sung [&hellip;]<\/p>\n","protected":false},"author":3,"featured_media":0,"parent":16,"menu_order":0,"comment_status":"closed","ping_status":"closed","template":"","meta":{"_seopress_robots_primary_cat":"","_seopress_titles_title":"","_seopress_titles_desc":"","_seopress_robots_index":"","footnotes":""},"class_list":["post-30","page","type-page","status-publish","hentry"],"_links":{"self":[{"href":"https:\/\/www.bbm.co.nz\/de\/wp-json\/wp\/v2\/pages\/30"}],"collection":[{"href":"https:\/\/www.bbm.co.nz\/de\/wp-json\/wp\/v2\/pages"}],"about":[{"href":"https:\/\/www.bbm.co.nz\/de\/wp-json\/wp\/v2\/types\/page"}],"author":[{"embeddable":true,"href":"https:\/\/www.bbm.co.nz\/de\/wp-json\/wp\/v2\/users\/3"}],"replies":[{"embeddable":true,"href":"https:\/\/www.bbm.co.nz\/de\/wp-json\/wp\/v2\/comments?post=30"}],"version-history":[{"count":3,"href":"https:\/\/www.bbm.co.nz\/de\/wp-json\/wp\/v2\/pages\/30\/revisions"}],"predecessor-version":[{"id":206,"href":"https:\/\/www.bbm.co.nz\/de\/wp-json\/wp\/v2\/pages\/30\/revisions\/206"}],"up":[{"embeddable":true,"href":"https:\/\/www.bbm.co.nz\/de\/wp-json\/wp\/v2\/pages\/16"}],"wp:attachment":[{"href":"https:\/\/www.bbm.co.nz\/de\/wp-json\/wp\/v2\/media?parent=30"}],"curies":[{"name":"wp","href":"https:\/\/api.w.org\/{rel}","templated":true}]}}