{"id":29,"date":"2013-09-11T09:13:05","date_gmt":"2013-09-10T21:13:05","guid":{"rendered":"https:\/\/www.bbm.co.nz\/de\/our-values\/premium-qa-system\/"},"modified":"2024-05-18T13:41:31","modified_gmt":"2024-05-18T01:41:31","slug":"premium-qa-system","status":"publish","type":"page","link":"https:\/\/www.bbm.co.nz\/de\/our-values\/premium-qa-system\/","title":{"rendered":"Premium-QS-System"},"content":{"rendered":"<div class=\"content\" tabindex=\"0\" aria-description=\"\">\n<div class=\"ac-container ac-adaptiveCard\">\n<div class=\"ac-textBlock\">\n<p>Bei BBM bildet unser Qualit\u00e4tssicherungssystem (QS-System) ein Fundament unserer Kernwerte und spiegelt unser Engagement als Anbieter von sprachlichen L\u00f6sungen wider, um Sprachbarrieren f\u00fcr Einzelpersonen zu \u00fcberwinden.<\/p>\n<p>Wir erkennen fest an, dass Qualit\u00e4t f\u00fcr den anhaltenden Erfolg eines Unternehmens unverzichtbar ist, insbesondere in der hart umk\u00e4mpften Landschaft des \u00dcbersetzungs- und Sprachdienstleistungsmarktes. Die kontinuierliche Weiterentwicklung unseres Qualit\u00e4tssicherungssystems stellt sowohl eine Chance als auch eine Herausforderung dar, die wir mit vollem Herzen annehmen.<\/p>\n<p>Unser QS-System bei BBM umfasst den gesamten Arbeitsablauf und integriert akribisch Prinzipien der Konsistenz und Zuverl\u00e4ssigkeit in jeder Phase, von der ersten Auftragsanfrage und Analyse bis zur Datenintegration und -lieferung.<\/p>\n<p>W\u00e4hrend beispielsweise der Jobanalysephase extrahieren wir akribisch Glossare, die auf spezifische Disziplinen zugeschnitten sind, und arbeiten eng mit Kunden zusammen, um Genauigkeit sicherzustellen. Unsere \u00dcbersetzungsphase umfasst die Zusammenstellung spezialisierter Teams unter der Leitung engagierter Projektmanager, die den Fortschritt akribisch verfolgen. Nachfolgende Pr\u00fcfphasen beinhalten eine rigorose Korrekturlesung und technische \u00dcberpr\u00fcfung durch erfahrene Pr\u00fcfer, um sowohl sprachliche als auch technische Genauigkeit sicherzustellen.<\/p>\n<p>Diese Prozesse werden nahtlos durch unser robustes MIS-System verwaltet, das eine umfassende \u00dcberwachung und Dokumentation erm\u00f6glicht. Erst nach sorgf\u00e4ltiger \u00dcberpr\u00fcfung jedes Punktes auf unserer Checkliste wird ein Auftrag an unsere Kunden geliefert.<\/p>\n<p>Kundenfeedback bildet eine wichtige Schleife in unserem QS-System und leitet unsere kontinuierlichen Prozessverbesserungsbem\u00fchungen. Wir bitten aktiv um und integrieren Kundenfeedback, um unsere Arbeitsabl\u00e4ufe zu verfeinern und die Gesamtqualit\u00e4t unserer Dienstleistungen zu verbessern.<\/p>\n<p>Dar\u00fcber hinaus priorisieren wir lokale Anforderungen bei der Zentralisierung unserer Datenbank und Wissensbibliothek, um eine konsistente Servicebereitstellung sicherzustellen. Dieses zentralisierte Repository dient auch als Grundlage f\u00fcr unsere internen Schulungsprogramme und erm\u00f6glicht es jedem Teammitglied, kontinuierlich Exzellenz zu liefern.<\/p>\n<p><img loading=\"lazy\" decoding=\"async\" class=\"alignnone size-full wp-image-1628\" src=\"https:\/\/www.bbm.co.nz\/wp-content\/uploads\/pm-jpg.webp\" alt=\"QA\" width=\"1792\" height=\"1024\" \/><\/p>\n<\/div>\n<\/div>\n<\/div>\n","protected":false},"excerpt":{"rendered":"<p>Bei BBM bildet unser Qualit\u00e4tssicherungssystem (QS-System) ein Fundament unserer Kernwerte und spiegelt unser Engagement als Anbieter von sprachlichen L\u00f6sungen wider, um Sprachbarrieren f\u00fcr Einzelpersonen zu \u00fcberwinden. Wir erkennen fest an, dass Qualit\u00e4t f\u00fcr den anhaltenden Erfolg eines Unternehmens unverzichtbar ist, insbesondere in der hart umk\u00e4mpften Landschaft des \u00dcbersetzungs- und Sprachdienstleistungsmarktes. Die kontinuierliche Weiterentwicklung unseres Qualit\u00e4tssicherungssystems [&hellip;]<\/p>\n","protected":false},"author":3,"featured_media":0,"parent":26,"menu_order":0,"comment_status":"closed","ping_status":"closed","template":"","meta":{"_seopress_robots_primary_cat":"","_seopress_titles_title":"","_seopress_titles_desc":"","_seopress_robots_index":"","footnotes":""},"class_list":["post-29","page","type-page","status-publish","hentry"],"_links":{"self":[{"href":"https:\/\/www.bbm.co.nz\/de\/wp-json\/wp\/v2\/pages\/29"}],"collection":[{"href":"https:\/\/www.bbm.co.nz\/de\/wp-json\/wp\/v2\/pages"}],"about":[{"href":"https:\/\/www.bbm.co.nz\/de\/wp-json\/wp\/v2\/types\/page"}],"author":[{"embeddable":true,"href":"https:\/\/www.bbm.co.nz\/de\/wp-json\/wp\/v2\/users\/3"}],"replies":[{"embeddable":true,"href":"https:\/\/www.bbm.co.nz\/de\/wp-json\/wp\/v2\/comments?post=29"}],"version-history":[{"count":3,"href":"https:\/\/www.bbm.co.nz\/de\/wp-json\/wp\/v2\/pages\/29\/revisions"}],"predecessor-version":[{"id":212,"href":"https:\/\/www.bbm.co.nz\/de\/wp-json\/wp\/v2\/pages\/29\/revisions\/212"}],"up":[{"embeddable":true,"href":"https:\/\/www.bbm.co.nz\/de\/wp-json\/wp\/v2\/pages\/26"}],"wp:attachment":[{"href":"https:\/\/www.bbm.co.nz\/de\/wp-json\/wp\/v2\/media?parent=29"}],"curies":[{"name":"wp","href":"https:\/\/api.w.org\/{rel}","templated":true}]}}