{"id":27,"date":"2013-09-11T09:13:40","date_gmt":"2013-09-10T21:13:40","guid":{"rendered":"https:\/\/www.bbm.co.nz\/de\/our-values\/pm-system\/"},"modified":"2024-05-18T13:37:29","modified_gmt":"2024-05-18T01:37:29","slug":"pm-system","status":"publish","type":"page","link":"https:\/\/www.bbm.co.nz\/de\/our-values\/pm-system\/","title":{"rendered":"PM-System"},"content":{"rendered":"<p>Bei BBM bilden unser PM-System und unser QS-System einen integralen Bestandteil unseres Wettbewerbsvorteils und unserer Kernwerte. Als Anbieter von sprachlichen L\u00f6sungen sind wir uns bewusst, dass unsere Kunden eine nahtlose Interaktion mit engagierten Fachleuten von der Anfrage bis zur Lieferung erwarten. Unser Projektmanagement-System ist nahtlos in jeden Schritt unseres Prozesses integriert, um diese Erwartung zu erf\u00fcllen und die Kundenerfahrung zu verbessern.<\/p>\n<p>Die Rolle der Projektmanager ist in nahezu allen unseren wichtigen Gesch\u00e4ftsbereichen von entscheidender Bedeutung. Sie sind damit betraut, Kundenbed\u00fcrfnisse zu verstehen, Datenmanagement, Teamkoordination, Projektdurchf\u00fchrung und Feedback nach der Lieferung f\u00fcr die kontinuierliche Verbesserung zu koordinieren. Die Auswahl der richtigen Person f\u00fcr diese Rolle ist daher entscheidend f\u00fcr den Erfolg eines Projekts. Wir pr\u00fcfen Kandidaten akribisch auf Sprachkenntnisse, wesentliche F\u00e4higkeiten, \u00dcbereinstimmung mit den Werten von BBM und kulturelle Passung und bieten anschlie\u00dfend ein intensives Training an, bis die am besten geeigneten Kandidaten ausgew\u00e4hlt werden.<\/p>\n<p>Ein strahlendes Beispiel f\u00fcr unser Engagement f\u00fcr &#8222;Genauigkeit, Qualit\u00e4t und Engagement&#8220; ist Daniel Wong, einer unserer herausragenden Projektmanager. Daniel verk\u00f6rpert diese Werte durch seine Sorgfalt, Effizienz und Bereitschaft zu lernen. Seit seinem Eintritt bei BBM im Jahr 2012 hat er kontinuierlich seine \u00dcbersetzungsf\u00e4higkeiten verfeinert und sich das Wissen und die Managementpraktiken unseres Unternehmens angeeignet. Sein Engagement hat zu einer einzigartigen Perspektive auf Prozessoptimierung und Managementeffizienz gef\u00fchrt, wodurch er einen herausragenden Beitrag leistet. Daniels beispielhafte Anstrengungen spiegeln nicht nur unsere Unternehmenskultur von Dynamik und Engagement wider, sondern verk\u00f6rpern auch die Essenz unseres Engagements f\u00fcr Exzellenz.<\/p>\n<p><img loading=\"lazy\" decoding=\"async\" class=\"alignnone size-full wp-image-1627\" src=\"https:\/\/www.bbm.co.nz\/wp-content\/uploads\/qa-jpg.webp\" alt=\"PM\" width=\"1792\" height=\"1024\" \/><\/p>\n","protected":false},"excerpt":{"rendered":"<p>Bei BBM bilden unser PM-System und unser QS-System einen integralen Bestandteil unseres Wettbewerbsvorteils und unserer Kernwerte. Als Anbieter von sprachlichen L\u00f6sungen sind wir uns bewusst, dass unsere Kunden eine nahtlose Interaktion mit engagierten Fachleuten von der Anfrage bis zur Lieferung erwarten. Unser Projektmanagement-System ist nahtlos in jeden Schritt unseres Prozesses integriert, um diese Erwartung zu [&hellip;]<\/p>\n","protected":false},"author":3,"featured_media":0,"parent":26,"menu_order":0,"comment_status":"closed","ping_status":"closed","template":"","meta":{"_seopress_robots_primary_cat":"","_seopress_titles_title":"","_seopress_titles_desc":"","_seopress_robots_index":"","footnotes":""},"class_list":["post-27","page","type-page","status-publish","hentry"],"_links":{"self":[{"href":"https:\/\/www.bbm.co.nz\/de\/wp-json\/wp\/v2\/pages\/27"}],"collection":[{"href":"https:\/\/www.bbm.co.nz\/de\/wp-json\/wp\/v2\/pages"}],"about":[{"href":"https:\/\/www.bbm.co.nz\/de\/wp-json\/wp\/v2\/types\/page"}],"author":[{"embeddable":true,"href":"https:\/\/www.bbm.co.nz\/de\/wp-json\/wp\/v2\/users\/3"}],"replies":[{"embeddable":true,"href":"https:\/\/www.bbm.co.nz\/de\/wp-json\/wp\/v2\/comments?post=27"}],"version-history":[{"count":3,"href":"https:\/\/www.bbm.co.nz\/de\/wp-json\/wp\/v2\/pages\/27\/revisions"}],"predecessor-version":[{"id":211,"href":"https:\/\/www.bbm.co.nz\/de\/wp-json\/wp\/v2\/pages\/27\/revisions\/211"}],"up":[{"embeddable":true,"href":"https:\/\/www.bbm.co.nz\/de\/wp-json\/wp\/v2\/pages\/26"}],"wp:attachment":[{"href":"https:\/\/www.bbm.co.nz\/de\/wp-json\/wp\/v2\/media?parent=27"}],"curies":[{"name":"wp","href":"https:\/\/api.w.org\/{rel}","templated":true}]}}