{"id":26,"date":"2013-09-11T09:04:22","date_gmt":"2013-09-10T21:04:22","guid":{"rendered":"https:\/\/www.bbm.co.nz\/de\/our-values\/"},"modified":"2024-05-18T13:30:38","modified_gmt":"2024-05-18T01:30:38","slug":"our-values","status":"publish","type":"page","link":"https:\/\/www.bbm.co.nz\/de\/our-values\/","title":{"rendered":"Unsere Werte"},"content":{"rendered":"<h2><strong>Alles gr\u00fcndet auf unseren Kernwerten<\/strong><\/h2>\n<p>Bei BBM glauben wir an die Kraft unserer Kernwerte. Sie leiten unsere Handlungen und pr\u00e4gen unsere Kultur. Hier sind einige der Werte, die uns besonders am Herzen liegen:<\/p>\n<ul>\n<li><a href=\"https:\/\/www.bbm.co.nz\/our-values\/premium-qa-system\/\"><strong>Unser Premium-QS-System<\/strong><\/a><strong>:<\/strong> Unser Premium-Qualit\u00e4tssicherungssystem ist ein Zeugnis unseres Engagements f\u00fcr Qualit\u00e4t. Wir haben einen strengen Prozess etabliert, um sicherzustellen, dass unsere Produkte h\u00f6chsten Qualit\u00e4ts- und Zuverl\u00e4ssigkeitsstandards entsprechen.<\/li>\n<li><strong><a href=\"https:\/\/www.bbm.co.nz\/our-values\/pm-system\/\">Unser PM-Syste<\/a>m:<\/strong> Unser Projektmanagement-System ist darauf ausgelegt, eine effiziente und effektive Durchf\u00fchrung von Projekten sicherzustellen. Wir glauben an Transparenz und Rechenschaftspflicht, und unser PM-System spiegelt diese Werte wider.<\/li>\n<\/ul>\n<p>Wir laden Sie ein, mehr \u00fcber unsere Kernwerte und wie sie unsere Arbeit beeinflussen, zu erfahren.<\/p>\n<p><img loading=\"lazy\" decoding=\"async\" class=\"alignnone size-full wp-image-1563\" src=\"https:\/\/www.bbm.co.nz\/wp-content\/uploads\/translation-training-jpg.webp\" alt=\"BBM Values\" width=\"1792\" height=\"1024\" \/><\/p>\n","protected":false},"excerpt":{"rendered":"<p>Alles gr\u00fcndet auf unseren Kernwerten Bei BBM glauben wir an die Kraft unserer Kernwerte. Sie leiten unsere Handlungen und pr\u00e4gen unsere Kultur. Hier sind einige der Werte, die uns besonders am Herzen liegen: Unser Premium-QS-System: Unser Premium-Qualit\u00e4tssicherungssystem ist ein Zeugnis unseres Engagements f\u00fcr Qualit\u00e4t. Wir haben einen strengen Prozess etabliert, um sicherzustellen, dass unsere Produkte [&hellip;]<\/p>\n","protected":false},"author":3,"featured_media":0,"parent":0,"menu_order":0,"comment_status":"closed","ping_status":"closed","template":"","meta":{"_seopress_robots_primary_cat":"","_seopress_titles_title":"","_seopress_titles_desc":"","_seopress_robots_index":"","footnotes":""},"class_list":["post-26","page","type-page","status-publish","hentry"],"_links":{"self":[{"href":"https:\/\/www.bbm.co.nz\/de\/wp-json\/wp\/v2\/pages\/26"}],"collection":[{"href":"https:\/\/www.bbm.co.nz\/de\/wp-json\/wp\/v2\/pages"}],"about":[{"href":"https:\/\/www.bbm.co.nz\/de\/wp-json\/wp\/v2\/types\/page"}],"author":[{"embeddable":true,"href":"https:\/\/www.bbm.co.nz\/de\/wp-json\/wp\/v2\/users\/3"}],"replies":[{"embeddable":true,"href":"https:\/\/www.bbm.co.nz\/de\/wp-json\/wp\/v2\/comments?post=26"}],"version-history":[{"count":4,"href":"https:\/\/www.bbm.co.nz\/de\/wp-json\/wp\/v2\/pages\/26\/revisions"}],"predecessor-version":[{"id":210,"href":"https:\/\/www.bbm.co.nz\/de\/wp-json\/wp\/v2\/pages\/26\/revisions\/210"}],"wp:attachment":[{"href":"https:\/\/www.bbm.co.nz\/de\/wp-json\/wp\/v2\/media?parent=26"}],"curies":[{"name":"wp","href":"https:\/\/api.w.org\/{rel}","templated":true}]}}