{"id":23,"date":"2013-09-12T13:41:35","date_gmt":"2013-09-12T01:41:35","guid":{"rendered":"https:\/\/www.bbm.co.nz\/de\/our-services\/dtp-desktop-publishing\/"},"modified":"2024-05-18T12:30:20","modified_gmt":"2024-05-18T00:30:20","slug":"dtp-desktop-publishing","status":"publish","type":"page","link":"https:\/\/www.bbm.co.nz\/de\/our-services\/dtp-desktop-publishing\/","title":{"rendered":"DTP (Desktop-Publishing)"},"content":{"rendered":"\r\n<div class=\"message\">\r\n<div class=\"content\" tabindex=\"0\" aria-description=\"\">\r\n<div class=\"ac-container ac-adaptiveCard\">\r\n<div class=\"ac-textBlock\">\r\n<h2><strong>Desktop-Publishing (DTP) \u2013 Befreit Sie von allen m\u00fchsamen Aufgaben<\/strong><\/h2>\r\n<p>Bei BBM ist Desktop-Publishing (DTP) nicht nur ein integraler Bestandteil der Papier\u00fcbersetzung, sondern auch ein eigenst\u00e4ndiges Gesch\u00e4ftsfeld, das wir auch f\u00fcr externe Kunden anbieten.<\/p>\r\n<p>Unser DTP-Gesch\u00e4ft umfasst eine Vielzahl von Bereichen:<\/p>\r\n<ul>\r\n<li>Dokumentenpublikation<\/li>\r\n<li>Ver\u00f6ffentlichung technischer Handb\u00fccher<\/li>\r\n<li>Katalogdesign<\/li>\r\n<li>Druckgesch\u00e4ft<\/li>\r\n<\/ul>\r\n<p>Wir verwenden verschiedene Plattformen f\u00fcr unsere Dienstleistungen, darunter MS Office (Word, PowerPoint und Excel), Adobe Acrobat (PDF-Erzeugung), Adobe FrameMaker (Manuelle Ver\u00f6ffentlichung), Adobe InDesign (Katalogver\u00f6ffentlichung) und WordPress (Website-Erstellung).<\/p>\r\n<p>In der Vergangenheit haben wir Dienstleistungen f\u00fcr Unternehmen wie die TravelPort Group, die Taikoo Group, GE HealthCare, Pall Corporation und andere Kunden in den Bereichen manuelle Ver\u00f6ffentlichung, Website-Erstellung, Katalogdesign und andere DTP-Bereiche bereitgestellt. Dadurch haben wir umfangreiche Erfahrungen und neueste Technologien gesammelt.<\/p>\r\n<p>F\u00fcr weitere Informationen \u00fcber unsere Dienstleistungen <a href=\"https:\/\/www.bbm.co.nz\/de\/contact-us\/\">kontaktieren Sie uns bitte<\/a>.<\/p>\r\n<\/div>\r\n<\/div>\r\n<\/div>\r\n<\/div>\r\n<p><img loading=\"lazy\" decoding=\"async\" class=\"alignnone size-full wp-image-1580\" src=\"https:\/\/www.bbm.co.nz\/wp-content\/uploads\/dtp-1-jpg.webp\" alt=\"Desktop Publishing Service\" width=\"1024\" height=\"1024\" \/><\/p>\r\n","protected":false},"excerpt":{"rendered":"<p>Desktop-Publishing (DTP) \u2013 Befreit Sie von allen m\u00fchsamen Aufgaben Bei BBM ist Desktop-Publishing (DTP) nicht nur ein integraler Bestandteil der Papier\u00fcbersetzung, sondern auch ein eigenst\u00e4ndiges Gesch\u00e4ftsfeld, das wir auch f\u00fcr externe Kunden anbieten. Unser DTP-Gesch\u00e4ft umfasst eine Vielzahl von Bereichen: Dokumentenpublikation Ver\u00f6ffentlichung technischer Handb\u00fccher Katalogdesign Druckgesch\u00e4ft Wir verwenden verschiedene Plattformen f\u00fcr unsere Dienstleistungen, darunter MS [&hellip;]<\/p>\n","protected":false},"author":3,"featured_media":0,"parent":16,"menu_order":0,"comment_status":"closed","ping_status":"closed","template":"","meta":{"_seopress_robots_primary_cat":"","_seopress_titles_title":"","_seopress_titles_desc":"","_seopress_robots_index":"","footnotes":""},"class_list":["post-23","page","type-page","status-publish","hentry"],"_links":{"self":[{"href":"https:\/\/www.bbm.co.nz\/de\/wp-json\/wp\/v2\/pages\/23"}],"collection":[{"href":"https:\/\/www.bbm.co.nz\/de\/wp-json\/wp\/v2\/pages"}],"about":[{"href":"https:\/\/www.bbm.co.nz\/de\/wp-json\/wp\/v2\/types\/page"}],"author":[{"embeddable":true,"href":"https:\/\/www.bbm.co.nz\/de\/wp-json\/wp\/v2\/users\/3"}],"replies":[{"embeddable":true,"href":"https:\/\/www.bbm.co.nz\/de\/wp-json\/wp\/v2\/comments?post=23"}],"version-history":[{"count":4,"href":"https:\/\/www.bbm.co.nz\/de\/wp-json\/wp\/v2\/pages\/23\/revisions"}],"predecessor-version":[{"id":199,"href":"https:\/\/www.bbm.co.nz\/de\/wp-json\/wp\/v2\/pages\/23\/revisions\/199"}],"up":[{"embeddable":true,"href":"https:\/\/www.bbm.co.nz\/de\/wp-json\/wp\/v2\/pages\/16"}],"wp:attachment":[{"href":"https:\/\/www.bbm.co.nz\/de\/wp-json\/wp\/v2\/media?parent=23"}],"curies":[{"name":"wp","href":"https:\/\/api.w.org\/{rel}","templated":true}]}}