{"id":22,"date":"2013-09-12T13:43:50","date_gmt":"2013-09-12T01:43:50","guid":{"rendered":"https:\/\/www.bbm.co.nz\/de\/brand-promotion\/"},"modified":"2024-05-18T13:18:47","modified_gmt":"2024-05-18T01:18:47","slug":"brand-promotion","status":"publish","type":"page","link":"https:\/\/www.bbm.co.nz\/de\/our-services\/brand-promotion\/","title":{"rendered":"Markenf\u00f6rderung"},"content":{"rendered":"\r\n<h2 class=\"wp-block-heading\"><strong>Ihr Partner f\u00fcr Markenf\u00f6rderung<\/strong><\/h2>\r\n<p>Bei BBM Translation Service gehen wir \u00fcber die Bereitstellung umfassender Sprachl\u00f6sungen hinaus. Wir haben unseren einzigartigen Wert identifiziert und etabliert &#8211; die Markenf\u00f6rderung. Im Gegensatz zu traditionellen Markenf\u00f6rderungsstrategien nutzen wir unser sprachliches Fachwissen, um das Image Ihrer Marke zu verbessern.<\/p>\r\n<h2><strong>Unser Ansatz<\/strong><\/h2>\r\n<p>Unser Service konzentriert sich auf die Markengeschichte, den Markenkern und den Markenwert. Wir stellen jede Markengeschichte professionell in anschaulicher Sprache dar und folgen der Logik der Marktentwicklung. Wir glauben an die Kraft der Sprache, eine Marke effektiv zu f\u00f6rdern.<\/p>\r\n<h2><strong>Warum uns w\u00e4hlen?<\/strong><\/h2>\r\n<p>Mit unserem einzigartigen Ansatz k\u00f6nnen wir Ihrer Marke helfen, sich auf dem Markt hervorzuheben. Wir erz\u00e4hlen nicht nur Ihre Markengeschichte, sondern heben auch die Sch\u00f6nheit der Sprache hervor, um Ihre Marke f\u00fcr die \u00d6ffentlichkeit attraktiver zu machen.<\/p>\r\n<h2><strong>Kontaktieren Sie uns<\/strong><\/h2>\r\n<p>Sind Sie bereit, Ihre Marke auf die n\u00e4chste Stufe zu bringen? Kontaktieren Sie uns noch heute, um mehr \u00fcber unsere Dienstleistungen zu erfahren.<\/p>\r\n<p><img loading=\"lazy\" decoding=\"async\" class=\"alignnone size-full wp-image-1609\" src=\"https:\/\/www.bbm.co.nz\/wp-content\/uploads\/brand-promotion-jpg.webp\" alt=\"brand promotion\" width=\"1792\" height=\"1024\" \/><\/p>\r\n","protected":false},"excerpt":{"rendered":"<p>Ihr Partner f\u00fcr Markenf\u00f6rderung Bei BBM Translation Service gehen wir \u00fcber die Bereitstellung umfassender Sprachl\u00f6sungen hinaus. Wir haben unseren einzigartigen Wert identifiziert und etabliert &#8211; die Markenf\u00f6rderung. Im Gegensatz zu traditionellen Markenf\u00f6rderungsstrategien nutzen wir unser sprachliches Fachwissen, um das Image Ihrer Marke zu verbessern. Unser Ansatz Unser Service konzentriert sich auf die Markengeschichte, den Markenkern [&hellip;]<\/p>\n","protected":false},"author":3,"featured_media":0,"parent":16,"menu_order":0,"comment_status":"closed","ping_status":"closed","template":"","meta":{"_seopress_robots_primary_cat":"","_seopress_titles_title":"","_seopress_titles_desc":"","_seopress_robots_index":"","footnotes":""},"class_list":["post-22","page","type-page","status-publish","hentry"],"_links":{"self":[{"href":"https:\/\/www.bbm.co.nz\/de\/wp-json\/wp\/v2\/pages\/22"}],"collection":[{"href":"https:\/\/www.bbm.co.nz\/de\/wp-json\/wp\/v2\/pages"}],"about":[{"href":"https:\/\/www.bbm.co.nz\/de\/wp-json\/wp\/v2\/types\/page"}],"author":[{"embeddable":true,"href":"https:\/\/www.bbm.co.nz\/de\/wp-json\/wp\/v2\/users\/3"}],"replies":[{"embeddable":true,"href":"https:\/\/www.bbm.co.nz\/de\/wp-json\/wp\/v2\/comments?post=22"}],"version-history":[{"count":3,"href":"https:\/\/www.bbm.co.nz\/de\/wp-json\/wp\/v2\/pages\/22\/revisions"}],"predecessor-version":[{"id":209,"href":"https:\/\/www.bbm.co.nz\/de\/wp-json\/wp\/v2\/pages\/22\/revisions\/209"}],"up":[{"embeddable":true,"href":"https:\/\/www.bbm.co.nz\/de\/wp-json\/wp\/v2\/pages\/16"}],"wp:attachment":[{"href":"https:\/\/www.bbm.co.nz\/de\/wp-json\/wp\/v2\/media?parent=22"}],"curies":[{"name":"wp","href":"https:\/\/api.w.org\/{rel}","templated":true}]}}