{"id":21,"date":"2018-06-28T10:22:51","date_gmt":"2018-06-27T22:22:51","guid":{"rendered":"https:\/\/www.bbm.co.nz\/de\/welcome-to-bbm-translation-service\/"},"modified":"2024-05-18T14:25:06","modified_gmt":"2024-05-18T02:25:06","slug":"welcome-to-bbm-translation-service","status":"publish","type":"page","link":"https:\/\/www.bbm.co.nz\/de\/","title":{"rendered":"Willkommen bei BBM Translation Service &#8211; Auckland &#038; Beijing"},"content":{"rendered":"<section>\n<h2>Hallo! \u60a8\u597d! Kia Ora!<\/h2>\n<p>Wir sind eine professionelle \u00dcbersetzungsagentur mit Standorten in Auckland, Neuseeland, und Peking, China. Unsere Mission besteht darin, umfassende sprachliche L\u00f6sungen, insbesondere zwischen Chinesisch und anderen Sprachen, f\u00fcr unsere globale Kundschaft bereitzustellen.<\/p>\n<\/section>\n<section>\n<h2>Unsere Geschichte<\/h2>\n<p>Seit unserer Gr\u00fcndung in Peking im Jahr 1999 und der anschlie\u00dfenden Expansion nach Auckland im Jahr 2012, ist der BBM \u00dcbersetzungsdienst stetig gewachsen. Unser unersch\u00fctterliches Engagement f\u00fcr unsere Kunden, Mitarbeiter und Stakeholder bildet das Fundament unseres Wachstums. Durch die Nutzung der neuseel\u00e4ndischen Zeitzone UTC+12:00 sind wir in der Lage, schnell auf die Bed\u00fcrfnisse unserer Kunden zu reagieren.<\/p>\n<\/section>\n<section>\n<h2>Unsere Dienstleistungen<\/h2>\n<p>Wir bieten ein breites Spektrum an Sprachdienstleistungen an, darunter: <strong><a href=\"https:\/\/www.bbm.co.nz\/de\/our-services\/document-translation\/\">Dokumenten\u00fcbersetzung<\/a><\/strong>, <strong><a href=\"https:\/\/www.bbm.co.nz\/de\/our-services\/interpretation\/\">Dolmetschen<\/a><\/strong>, <strong><a href=\"https:\/\/www.bbm.co.nz\/de\/our-services\/multilingual-copywriting-your-secret-weapon-in-the-global-market\/\">mehrsprachiges Copywriting<\/a><\/strong>,<strong> <a href=\"https:\/\/www.bbm.co.nz\/de\/our-services\/multilingual-content-writing-your-key-to-global-engagement\/\">mehrsprachiges Content Writing<\/a><\/strong>, <strong><a href=\"https:\/\/www.bbm.co.nz\/de\/our-services\/video-transcript\/\">Video-Transkription<\/a><\/strong>, <strong><a href=\"https:\/\/www.bbm.co.nz\/de\/our-services\/software-localization\/\">Softwarelokalisierung<\/a><\/strong>, <strong><a href=\"https:\/\/www.bbm.co.nz\/de\/our-services\/dtp-desktop-publishing\/\">Desktop-Publishing (DTP)<\/a><\/strong>, <strong><a href=\"https:\/\/www.bbm.co.nz\/de\/our-services\/scholarly-paper-polishing\/\">Wissenschaftliche Papier\u00fcberarbeitung<\/a><\/strong>, <strong><a href=\"https:\/\/www.bbm.co.nz\/de\/our-services\/literature-screening\/\">Literaturscreening und Berichterstellung<\/a><\/strong>, <strong><a href=\"https:\/\/www.bbm.co.nz\/de\/our-services\/translation-training\/\">\u00dcbersetzungstraining<\/a><\/strong>, <strong><a href=\"https:\/\/www.bbm.co.nz\/de\/our-services\/brand-promotion\/\">Markenf\u00f6rderung<\/a><\/strong>, und vieles mehr.<\/p>\n<p>Unsere Expertise liegt insbesondere in Sprachkombinationen wie Chinesisch-Englisch, Chinesisch-Franz\u00f6sisch, Chinesisch-Deutsch, Chinesisch-Japanisch, Chinesisch-Koreanisch, unter anderem.<\/p>\n<\/section>\n<section>\n<h2>Unser Engagement<\/h2>\n<p>Beim BBM \u00dcbersetzungsdienst verstehen wir die Feinheiten der Linguistik und sind bereit, mit Ihnen zusammenzuarbeiten, um zufriedenstellende Ergebnisse zu erzielen. Unsere Arbeitskultur ist gepr\u00e4gt von &#8222;Genauigkeit, Qualit\u00e4t und Engagement&#8220;.<\/p>\n<p>Weitere Informationen zu unseren Dienstleistungen finden Sie auf unserer <strong><a href=\"https:\/\/www.bbm.co.nz\/de\/contact-us\/\" target=\"_blank\" rel=\"noopener\">Kontaktseite<\/a><\/strong>.<\/p>\n<figure><img loading=\"lazy\" decoding=\"async\" src=\"https:\/\/www.bbm.co.nz\/wp-content\/uploads\/modern_linguistic_partner-jpg.webp\" alt=\"Modern Linguistic Partner\" width=\"1024\" height=\"1024\" \/><\/figure>\n<\/section>\n","protected":false},"excerpt":{"rendered":"<p>Hallo! \u60a8\u597d! Kia Ora! Wir sind eine professionelle \u00dcbersetzungsagentur mit Standorten in Auckland, Neuseeland, und Peking, China. Unsere Mission besteht darin, umfassende sprachliche L\u00f6sungen, insbesondere zwischen Chinesisch und anderen Sprachen, f\u00fcr unsere globale Kundschaft bereitzustellen. Unsere Geschichte Seit unserer Gr\u00fcndung in Peking im Jahr 1999 und der anschlie\u00dfenden Expansion nach Auckland im Jahr 2012, ist [&hellip;]<\/p>\n","protected":false},"author":3,"featured_media":0,"parent":0,"menu_order":0,"comment_status":"closed","ping_status":"closed","template":"","meta":{"_seopress_robots_primary_cat":"","_seopress_titles_title":"","_seopress_titles_desc":"","_seopress_robots_index":"","footnotes":""},"class_list":["post-21","page","type-page","status-publish","hentry"],"_links":{"self":[{"href":"https:\/\/www.bbm.co.nz\/de\/wp-json\/wp\/v2\/pages\/21"}],"collection":[{"href":"https:\/\/www.bbm.co.nz\/de\/wp-json\/wp\/v2\/pages"}],"about":[{"href":"https:\/\/www.bbm.co.nz\/de\/wp-json\/wp\/v2\/types\/page"}],"author":[{"embeddable":true,"href":"https:\/\/www.bbm.co.nz\/de\/wp-json\/wp\/v2\/users\/3"}],"replies":[{"embeddable":true,"href":"https:\/\/www.bbm.co.nz\/de\/wp-json\/wp\/v2\/comments?post=21"}],"version-history":[{"count":17,"href":"https:\/\/www.bbm.co.nz\/de\/wp-json\/wp\/v2\/pages\/21\/revisions"}],"predecessor-version":[{"id":217,"href":"https:\/\/www.bbm.co.nz\/de\/wp-json\/wp\/v2\/pages\/21\/revisions\/217"}],"wp:attachment":[{"href":"https:\/\/www.bbm.co.nz\/de\/wp-json\/wp\/v2\/media?parent=21"}],"curies":[{"name":"wp","href":"https:\/\/api.w.org\/{rel}","templated":true}]}}