{"id":19,"date":"2022-06-29T12:59:06","date_gmt":"2022-06-29T00:59:06","guid":{"rendered":"https:\/\/www.bbm.co.nz\/de\/our-services\/scholarly-paper-polishing\/"},"modified":"2024-05-18T12:50:54","modified_gmt":"2024-05-18T00:50:54","slug":"scholarly-paper-polishing","status":"publish","type":"page","link":"https:\/\/www.bbm.co.nz\/de\/our-services\/scholarly-paper-polishing\/","title":{"rendered":"Wissenschaftliche Papier\u00fcberarbeitung"},"content":{"rendered":"<div class=\"message\">\n<div class=\"content\" tabindex=\"0\" aria-description=\"\">\n<div class=\"ac-container ac-adaptiveCard\">\n<div class=\"ac-textBlock\">\n<h2><strong>Wissenschaftliche Papier\u00fcberarbeitung: Eine Herausforderung, die mit Erfolg gemeistert wird<\/strong><\/h2>\n<p>BBM ist f\u00fchrend in der Bereitstellung eines umfassenden Dienstleistungspakets, einschlie\u00dflich der \u00dcberarbeitung, Bearbeitung und Vorver\u00f6ffentlichungspr\u00fcfung wissenschaftlicher Papiere. Unsere Klientel ist vielf\u00e4ltig und umfasst Einzelpersonen, die sich mit wissenschaftlicher Forschung, akademischen T\u00e4tigkeiten und verschiedenen beruflichen Aktivit\u00e4ten befassen. Diese Personen streben danach, ihre bahnbrechende Forschung in renommierten internationalen Fachzeitschriften und Plattformen zu ver\u00f6ffentlichen, und wir sind hier, um diese Ambition zu unterst\u00fctzen.<\/p>\n<p>Unsere Bearbeitungsdienste sind umfangreich und decken eine Vielzahl von Disziplinen ab. Dazu geh\u00f6ren unter anderem medizinische Wissenschaften mit ihren verschiedenen Teilbereichen wie Pharmazie, Medizintechnik und medizinische Bildgebungstechniken. Wir k\u00fcmmern uns auch um die Bereiche Psychologie, Betriebswirtschaft und Informatik, wobei ein besonderer Schwerpunkt auf dem aufstrebenden Gebiet der k\u00fcnstlichen Intelligenz liegt.<\/p>\n<p>Bei BBM verf\u00fcgen wir \u00fcber ein engagiertes Team von Experten, das sich mit der Bearbeitung wissenschaftlicher Arbeiten befasst. Unsere Teammitglieder kommen aus robusten Hintergr\u00fcnden in der wissenschaftlichen Forschung und bringen ein reiches Wissen und Erfahrung mit. Sie sind mit den Feinheiten des wissenschaftlichen Schreibens vertraut und haben umfangreiche Erfahrung in der Vorbereitung von Manuskripten und im Einreichungsprozess.<\/p>\n<p>Unser Team ist sich vollst\u00e4ndig der verschiedenen Ver\u00f6ffentlichungsrichtlinien bewusst und beherrscht die Strukturierung von Papieren, die Formulierung logischer Argumente und die Beachtung aller Details, die eine hochwertige Ver\u00f6ffentlichung gew\u00e4hrleisten. Sie sind akribisch, detailorientiert und verpflichten sich zur Exzellenz, Eigenschaften, die sich in der von ihnen produzierten Arbeit widerspiegeln.<\/p>\n<p>Dar\u00fcber hinaus bleibt unser Team w\u00e4hrend des gesamten Prozesses der Erstellung und Fertigstellung wissenschaftlicher Arbeiten verf\u00fcgbar. Dies umfasst das Erstellen von Entw\u00fcrfen, die Bearbeitung, die Beantwortung von Gutachteranfragen und die abschlie\u00dfende Einreichung. Ihr kontinuierliches Engagement gew\u00e4hrleistet einen reibungslosen Ablauf und ein poliertes Endprodukt, das den h\u00f6chsten Standards wissenschaftlicher Genauigkeit entspricht.<\/p>\n<p>Bei BBM verstehen wir die Bedeutung wissenschaftlicher Kommunikation und die Rolle, die sie bei der F\u00f6rderung von Wissen und intellektuellem Wachstum spielt. Wir sind bestrebt, unseren Kunden zu helfen, ihre Ideen effektiv und pr\u00e4zise zu kommunizieren, und sicherzustellen, dass ihre Forschung die Anerkennung erh\u00e4lt, die sie verdient.<\/p>\n<\/div>\n<\/div>\n<\/div>\n<\/div>\n<p><img loading=\"lazy\" decoding=\"async\" class=\"alignnone size-full wp-image-1584\" src=\"https:\/\/www.bbm.co.nz\/wp-content\/uploads\/ancient_book-jpg.webp\" alt=\"paper polishing\" width=\"1023\" height=\"1024\" \/><\/p>\n","protected":false},"excerpt":{"rendered":"<p>Wissenschaftliche Papier\u00fcberarbeitung: Eine Herausforderung, die mit Erfolg gemeistert wird BBM ist f\u00fchrend in der Bereitstellung eines umfassenden Dienstleistungspakets, einschlie\u00dflich der \u00dcberarbeitung, Bearbeitung und Vorver\u00f6ffentlichungspr\u00fcfung wissenschaftlicher Papiere. Unsere Klientel ist vielf\u00e4ltig und umfasst Einzelpersonen, die sich mit wissenschaftlicher Forschung, akademischen T\u00e4tigkeiten und verschiedenen beruflichen Aktivit\u00e4ten befassen. Diese Personen streben danach, ihre bahnbrechende Forschung in renommierten internationalen [&hellip;]<\/p>\n","protected":false},"author":3,"featured_media":0,"parent":16,"menu_order":0,"comment_status":"closed","ping_status":"closed","template":"","meta":{"_seopress_robots_primary_cat":"","_seopress_titles_title":"","_seopress_titles_desc":"","_seopress_robots_index":"","footnotes":""},"class_list":["post-19","page","type-page","status-publish","hentry"],"_links":{"self":[{"href":"https:\/\/www.bbm.co.nz\/de\/wp-json\/wp\/v2\/pages\/19"}],"collection":[{"href":"https:\/\/www.bbm.co.nz\/de\/wp-json\/wp\/v2\/pages"}],"about":[{"href":"https:\/\/www.bbm.co.nz\/de\/wp-json\/wp\/v2\/types\/page"}],"author":[{"embeddable":true,"href":"https:\/\/www.bbm.co.nz\/de\/wp-json\/wp\/v2\/users\/3"}],"replies":[{"embeddable":true,"href":"https:\/\/www.bbm.co.nz\/de\/wp-json\/wp\/v2\/comments?post=19"}],"version-history":[{"count":3,"href":"https:\/\/www.bbm.co.nz\/de\/wp-json\/wp\/v2\/pages\/19\/revisions"}],"predecessor-version":[{"id":204,"href":"https:\/\/www.bbm.co.nz\/de\/wp-json\/wp\/v2\/pages\/19\/revisions\/204"}],"up":[{"embeddable":true,"href":"https:\/\/www.bbm.co.nz\/de\/wp-json\/wp\/v2\/pages\/16"}],"wp:attachment":[{"href":"https:\/\/www.bbm.co.nz\/de\/wp-json\/wp\/v2\/media?parent=19"}],"curies":[{"name":"wp","href":"https:\/\/api.w.org\/{rel}","templated":true}]}}