{"id":170,"date":"2024-02-20T18:09:05","date_gmt":"2024-02-20T05:09:05","guid":{"rendered":"https:\/\/www.bbm.co.nz\/de\/our-services\/multilingual-copywriting-your-secret-weapon-in-the-global-market\/"},"modified":"2024-05-18T12:46:51","modified_gmt":"2024-05-18T00:46:51","slug":"multilingual-copywriting-your-secret-weapon-in-the-global-market","status":"publish","type":"page","link":"https:\/\/www.bbm.co.nz\/de\/our-services\/multilingual-copywriting-your-secret-weapon-in-the-global-market\/","title":{"rendered":"Mehrsprachiges Copywriting: Ihre Geheimwaffe auf dem globalen Markt"},"content":{"rendered":"\r\n<h2><strong>Warum Copywriting?<\/strong><\/h2>\r\n<p>In der heutigen digitalen \u00c4ra ist das Copywriting zu einem entscheidenden Bestandteil effektiven Marketings geworden. Es dient als die Stimme Ihrer Marke und kommuniziert Ihre Botschaft auf \u00fcberzeugende und ansprechende Weise an Ihr Publikum. Gutes Copywriting kann potenzielle Kunden \u00fcberzeugen, ihre Wahrnehmungen beeinflussen und sie letztendlich dazu bringen, Ma\u00dfnahmen zu ergreifen. In dem heutigen hektischen Markt, in dem Verbraucher von allen Seiten mit Informationen bombardiert werden, kann effektives Copywriting dazu beitragen, dass Ihre Marke auff\u00e4llt und einen bleibenden Eindruck hinterl\u00e4sst.<\/p>\r\n<h2><strong>Warum mehrsprachiges Copywriting?<\/strong><\/h2>\r\n<p>Mit der globalen Expansion von Unternehmen wird der Bedarf an mehrsprachigem Copywriting immer offensichtlicher. Hier sind die Gr\u00fcnde:<\/p>\r\n<ol>\r\n<li>Anpassung f\u00fcr Einheimische: Mehrsprachiges Copywriting erm\u00f6glicht es Ihnen, Ihren Inhalt auf lokale Zielgruppen zuzuschneiden. Dies bedeutet nicht nur die \u00dcbersetzung der Sprache, sondern auch die Anpassung des Inhalts an die lokale Kultur, Br\u00e4uche und das Verbraucherverhalten.<\/li>\r\n<li>\u00dcberwindung von Sprachbarrieren: Sprache kann eine erhebliche Barriere in der Kommunikation sein. Durch das Anbieten von Inhalten in mehreren Sprachen k\u00f6nnen Sie ein breiteres Publikum erreichen und sicherstellen, dass Ihre Botschaft wie beabsichtigt verstanden wird.<\/li>\r\n<li>\u00dcberwindung kultureller Barrieren: Jede Kultur hat ihre einzigartigen Nuancen und Feinheiten. Mehrsprachiges Copywriting ber\u00fccksichtigt diese, um sicherzustellen, dass Ihr Inhalt auf einer tieferen Ebene mit dem Publikum resoniert.<\/li>\r\n<li>Verbesserung Ihrer Sichtbarkeit: Suchmaschinen bevorzugen Websites mit mehrsprachigen Inhalten. Durch das Anbieten von Inhalten in mehreren Sprachen k\u00f6nnen Sie Ihr SEO verbessern, Ihre Sichtbarkeit erh\u00f6hen und mehr Traffic auf Ihre Website ziehen.<\/li>\r\n<\/ol>\r\n<h2><strong>Warum sollten Sie BBM f\u00fcr mehrsprachiges Copywriting w\u00e4hlen?<\/strong><\/h2>\r\n<p>Wenn es um mehrsprachiges Copywriting geht, zeichnet sich BBM durch sein Engagement f\u00fcr Genauigkeit, Qualit\u00e4t und Engagement aus. Hier sind die Gr\u00fcnde, warum Sie BBM w\u00e4hlen sollten:<\/p>\r\n<ol>\r\n<li>Mehrsprachige Servicef\u00e4higkeit: BBM ist stolz darauf, Dienstleistungen in mehreren Sprachen anbieten zu k\u00f6nnen, um sicherzustellen, dass Ihre Botschaft ein m\u00f6glichst breites Publikum erreicht.<\/li>\r\n<li>Einblick in sprachliche und kulturelle Konnotationen: Das Team von qualifizierten Textern bei BBM hat ein tiefes Verst\u00e4ndnis f\u00fcr verschiedene Sprachen und Kulturen. Sie wissen, wie sie Ihre Botschaft anpassen k\u00f6nnen, um mit verschiedenen Zielgruppen zu resonieren, unter Ber\u00fccksichtigung kultureller Konnotationen und Nuancen.<\/li>\r\n<li>Starkes Team: Bei BBM glauben wir an die Kraft der Teamarbeit. Unser starkes Team von engagierten Fachleuten arbeitet zusammen, um die besten Ergebnisse f\u00fcr unsere Kunden zu erzielen.<\/li>\r\n<\/ol>\r\n<p>Mehrsprachiges Copywriting ist ein unverzichtbares Werkzeug f\u00fcr jedes Unternehmen, das auf dem globalen Markt einen Eindruck hinterlassen m\u00f6chte. Und mit BBM k\u00f6nnen Sie sicher sein, dass Sie das Beste in der Branche bekommen.<\/p>\r\n<p><img loading=\"lazy\" decoding=\"async\" class=\"alignnone size-full wp-image-1617\" src=\"https:\/\/www.bbm.co.nz\/wp-content\/uploads\/copywriting-jpg.webp\" alt=\"copywriting\" width=\"1024\" height=\"1024\" \/>\u00a0<\/p>\r\n","protected":false},"excerpt":{"rendered":"<p>Warum Copywriting? In der heutigen digitalen \u00c4ra ist das Copywriting zu einem entscheidenden Bestandteil effektiven Marketings geworden. Es dient als die Stimme Ihrer Marke und kommuniziert Ihre Botschaft auf \u00fcberzeugende und ansprechende Weise an Ihr Publikum. Gutes Copywriting kann potenzielle Kunden \u00fcberzeugen, ihre Wahrnehmungen beeinflussen und sie letztendlich dazu bringen, Ma\u00dfnahmen zu ergreifen. In dem [&hellip;]<\/p>\n","protected":false},"author":3,"featured_media":0,"parent":16,"menu_order":0,"comment_status":"closed","ping_status":"closed","template":"","meta":{"_seopress_robots_primary_cat":"","_seopress_titles_title":"","_seopress_titles_desc":"","_seopress_robots_index":"","footnotes":""},"class_list":["post-170","page","type-page","status-publish","hentry"],"_links":{"self":[{"href":"https:\/\/www.bbm.co.nz\/de\/wp-json\/wp\/v2\/pages\/170"}],"collection":[{"href":"https:\/\/www.bbm.co.nz\/de\/wp-json\/wp\/v2\/pages"}],"about":[{"href":"https:\/\/www.bbm.co.nz\/de\/wp-json\/wp\/v2\/types\/page"}],"author":[{"embeddable":true,"href":"https:\/\/www.bbm.co.nz\/de\/wp-json\/wp\/v2\/users\/3"}],"replies":[{"embeddable":true,"href":"https:\/\/www.bbm.co.nz\/de\/wp-json\/wp\/v2\/comments?post=170"}],"version-history":[{"count":3,"href":"https:\/\/www.bbm.co.nz\/de\/wp-json\/wp\/v2\/pages\/170\/revisions"}],"predecessor-version":[{"id":203,"href":"https:\/\/www.bbm.co.nz\/de\/wp-json\/wp\/v2\/pages\/170\/revisions\/203"}],"up":[{"embeddable":true,"href":"https:\/\/www.bbm.co.nz\/de\/wp-json\/wp\/v2\/pages\/16"}],"wp:attachment":[{"href":"https:\/\/www.bbm.co.nz\/de\/wp-json\/wp\/v2\/media?parent=170"}],"curies":[{"name":"wp","href":"https:\/\/api.w.org\/{rel}","templated":true}]}}