{"id":17,"date":"2022-06-29T12:59:06","date_gmt":"2022-06-29T00:59:06","guid":{"rendered":"https:\/\/www.bbm.co.nz\/de\/our-services\/literature-screening\/"},"modified":"2024-05-18T12:37:40","modified_gmt":"2024-05-18T00:37:40","slug":"literature-screening","status":"publish","type":"page","link":"https:\/\/www.bbm.co.nz\/de\/our-services\/literature-screening\/","title":{"rendered":"Literaturscreening"},"content":{"rendered":"<h2><strong>Literaturscreening \u2013 F\u00fcr Forschung und Compliance<\/strong><\/h2>\n<p>Bei BBM Translation bieten wir einen umfassenden Literaturscreening- und Berichtsservice an, der darauf ausgelegt ist, den vielf\u00e4ltigen Bed\u00fcrfnissen unserer Kunden gerecht zu werden. Dieser Service ist ein integraler Bestandteil unseres Engagements, hochwertige, ma\u00dfgeschneiderte L\u00f6sungen bereitzustellen, die die Forschungs- und Informationsbed\u00fcrfnisse unserer Kunden unterst\u00fctzen.<\/p>\n<p>Unser Literaturscreening-Prozess ist akribisch und gr\u00fcndlich. Wir verwenden fortschrittliche Suchstrategien und nutzen eine Vielzahl von Ressourcen, um sicherzustellen, dass wir alle relevanten Literaturquellen f\u00fcr unsere Kunden erfassen. Unser Expertenteam ist geschult darin, Literatur basierend auf vordefinierten Einschluss- und Ausschlusskriterien zu identifizieren und zu bewerten, um sicherzustellen, dass nur die relevanteste und qualitativ hochwertigste Literatur in unseren Berichten enthalten ist.<\/p>\n<p>Nachdem die Literatur gescreent wurde, gehen wir zur Berichterstellung \u00fcber. Unsere Berichte sind nicht nur eine Zusammenstellung von Literatur; sie sind sorgf\u00e4ltig ausgearbeitete Dokumente, die einen umfassenden \u00dcberblick \u00fcber die gescreente Literatur bieten. Wir pr\u00e4sentieren die Informationen klar und pr\u00e4gnant, sodass es unseren Kunden leicht f\u00e4llt, die Informationen zu verstehen und zu nutzen.<\/p>\n<p>Unser Literaturscreening- und Berichtsservice ist nicht auf ein bestimmtes Fachgebiet oder eine bestimmte Disziplin beschr\u00e4nkt. Ob Sie im medizinischen, betriebswirtschaftlichen, IT- oder einem anderen Bereich t\u00e4tig sind, wir k\u00f6nnen Ihnen einen Literaturscreening- und Berichtsservice anbieten, der Ihren spezifischen Anforderungen entspricht.<\/p>\n<p>Bei BBM Translation verstehen wir die Bedeutung des Zugangs zu genauen und aktuellen Informationen. Deshalb sind wir bestrebt, unseren Kunden einen Literaturscreening- und Berichtsservice anzubieten, der genau das liefert. Mit unserem Service k\u00f6nnen Sie sicher sein, dass Sie alle Informationen haben, die Sie ben\u00f6tigen, um fundierte Entscheidungen zu treffen.<\/p>\n<p><img loading=\"lazy\" decoding=\"async\" class=\"alignnone size-full wp-image-1583\" src=\"https:\/\/www.bbm.co.nz\/wp-content\/uploads\/university_library-1-jpg.webp\" alt=\"literature screening\" width=\"1024\" height=\"1024\" \/><\/p>\n","protected":false},"excerpt":{"rendered":"<p>Literaturscreening \u2013 F\u00fcr Forschung und Compliance Bei BBM Translation bieten wir einen umfassenden Literaturscreening- und Berichtsservice an, der darauf ausgelegt ist, den vielf\u00e4ltigen Bed\u00fcrfnissen unserer Kunden gerecht zu werden. Dieser Service ist ein integraler Bestandteil unseres Engagements, hochwertige, ma\u00dfgeschneiderte L\u00f6sungen bereitzustellen, die die Forschungs- und Informationsbed\u00fcrfnisse unserer Kunden unterst\u00fctzen. Unser Literaturscreening-Prozess ist akribisch und gr\u00fcndlich. [&hellip;]<\/p>\n","protected":false},"author":3,"featured_media":0,"parent":16,"menu_order":0,"comment_status":"closed","ping_status":"closed","template":"","meta":{"_seopress_robots_primary_cat":"","_seopress_titles_title":"","_seopress_titles_desc":"","_seopress_robots_index":"","footnotes":""},"class_list":["post-17","page","type-page","status-publish","hentry"],"_links":{"self":[{"href":"https:\/\/www.bbm.co.nz\/de\/wp-json\/wp\/v2\/pages\/17"}],"collection":[{"href":"https:\/\/www.bbm.co.nz\/de\/wp-json\/wp\/v2\/pages"}],"about":[{"href":"https:\/\/www.bbm.co.nz\/de\/wp-json\/wp\/v2\/types\/page"}],"author":[{"embeddable":true,"href":"https:\/\/www.bbm.co.nz\/de\/wp-json\/wp\/v2\/users\/3"}],"replies":[{"embeddable":true,"href":"https:\/\/www.bbm.co.nz\/de\/wp-json\/wp\/v2\/comments?post=17"}],"version-history":[{"count":3,"href":"https:\/\/www.bbm.co.nz\/de\/wp-json\/wp\/v2\/pages\/17\/revisions"}],"predecessor-version":[{"id":201,"href":"https:\/\/www.bbm.co.nz\/de\/wp-json\/wp\/v2\/pages\/17\/revisions\/201"}],"up":[{"embeddable":true,"href":"https:\/\/www.bbm.co.nz\/de\/wp-json\/wp\/v2\/pages\/16"}],"wp:attachment":[{"href":"https:\/\/www.bbm.co.nz\/de\/wp-json\/wp\/v2\/media?parent=17"}],"curies":[{"name":"wp","href":"https:\/\/api.w.org\/{rel}","templated":true}]}}