{"id":169,"date":"2024-02-20T18:16:24","date_gmt":"2024-02-20T05:16:24","guid":{"rendered":"https:\/\/www.bbm.co.nz\/de\/our-services\/multilingual-content-writing-your-key-to-global-engagement\/"},"modified":"2024-05-18T12:42:35","modified_gmt":"2024-05-18T00:42:35","slug":"multilingual-content-writing-your-key-to-global-engagement","status":"publish","type":"page","link":"https:\/\/www.bbm.co.nz\/de\/our-services\/multilingual-content-writing-your-key-to-global-engagement\/","title":{"rendered":"Mehrsprachiges Content Writing: Ihr Schl\u00fcssel zur globalen Interaktion"},"content":{"rendered":"\r\n<h2><strong>Warum Content Writing?<\/strong><\/h2>\r\n<p>Im Gegensatz zum Copywriting, das sich ganz auf den Verkauf und die \u00dcberzeugung konzentriert, geht es beim Content Writing darum, Ihr Publikum zu informieren, zu engagieren und Beziehungen zu ihm aufzubauen. Es geht darum, Wert zu bieten, sei es durch informative Artikel, ansprechende Blogbeitr\u00e4ge oder unterhaltsame Geschichten. Im heutigen digitalen Marktplatz ist Content Writing wichtiger denn je. Es hilft Ihnen, Vertrauen bei Ihrem Publikum aufzubauen, Ihre Marke als Autorit\u00e4t zu etablieren und die Leute dazu zu bringen, immer wieder zur\u00fcckzukommen.<\/p>\r\n<h2><strong>Warum mehrsprachiges Content Writing?<\/strong><\/h2>\r\n<p>Mehrsprachiges Content Writing ist ein Game-Changer:<\/p>\r\n<ol>\r\n<li>Sprachbarrieren \u00fcberwinden: Sprache kann eine gro\u00dfe Barriere sein, wenn Sie versuchen, ein globales Publikum zu erreichen. Mit mehrsprachigem Content k\u00f6nnen Sie sicherstellen, dass Ihre Botschaft von jedem verstanden wird, egal welche Sprache er spricht.<\/li>\r\n<li>Kulturelle Barrieren \u00fcberwinden: Jede Kultur hat ihre einzigartigen Nuancen und Feinheiten. Mehrsprachiges Content Writing ber\u00fccksichtigt diese, um sicherzustellen, dass Ihr Content auf einer tieferen Ebene mit dem Publikum resoniert.<\/li>\r\n<li>Erweitern Sie Ihre Reichweite zu Ihrem Publikum: Indem Sie Content in mehreren Sprachen anbieten, k\u00f6nnen Sie ein breiteres Publikum erreichen und auf einer pers\u00f6nlicheren Ebene mit ihm interagieren.<\/li>\r\n<li>Verbessern Sie Ihre Sichtbarkeit: Wussten Sie, dass Suchmaschinen Websites mit mehrsprachigem Content lieben? Indem Sie Content in mehreren Sprachen anbieten, k\u00f6nnen Sie Ihr SEO verbessern, Ihre Sichtbarkeit erh\u00f6hen und mehr Traffic auf Ihre Website ziehen.<\/li>\r\n<\/ol>\r\n<h2><strong>Warum sollten Sie BBM f\u00fcr mehrsprachiges Content Writing w\u00e4hlen?<\/strong><\/h2>\r\n<p>Wenn es um mehrsprachiges Content Writing geht, ist BBM Ihre beste Wahl. Hier sind die Gr\u00fcnde:<\/p>\r\n<ol>\r\n<li>Genauigkeit, Qualit\u00e4t und Engagement: BBM hat sich verpflichtet, genaue und hochwertige Inhalte zu liefern. Sie verstehen die Wichtigkeit, Ihre Botschaft genau und effektiv zu vermitteln.<\/li>\r\n<li>Mehrsprachige Servicef\u00e4higkeit: BBM ist stolz darauf, Dienstleistungen in mehreren Sprachen anbieten zu k\u00f6nnen, um sicherzustellen, dass Ihre Botschaft ein m\u00f6glichst breites Publikum erreicht.<\/li>\r\n<li>Einblick in sprachliche und kulturelle Konnotationen: Das Team von qualifizierten Content-Autoren bei BBM hat ein tiefes Verst\u00e4ndnis f\u00fcr verschiedene Sprachen und Kulturen. Sie wissen, wie sie Ihre Botschaft anpassen k\u00f6nnen, um mit verschiedenen Zielgruppen zu resonieren, unter Ber\u00fccksichtigung kultureller Konnotationen und Nuancen.<\/li>\r\n<li>Starkes Team: Bei BBM glauben sie an die Kraft der Teamarbeit. Ihr starkes Team von engagierten Profis arbeitet zusammen, um die besten Ergebnisse f\u00fcr ihre Kunden zu liefern.<\/li>\r\n<\/ol>\r\n<p>Wenn Sie also mit einem globalen Publikum interagieren m\u00f6chten, ist mehrsprachiges Content Writing Ihre Geheimwaffe. Und mit BBM sind Sie in guten H\u00e4nden.<\/p>\r\n<p><img loading=\"lazy\" decoding=\"async\" class=\"alignnone size-full wp-image-1615\" src=\"https:\/\/www.bbm.co.nz\/wp-content\/uploads\/content-writing-jpg.webp\" alt=\"content writing\" width=\"1024\" height=\"1024\" \/><\/p>\r\n","protected":false},"excerpt":{"rendered":"<p>Warum Content Writing? Im Gegensatz zum Copywriting, das sich ganz auf den Verkauf und die \u00dcberzeugung konzentriert, geht es beim Content Writing darum, Ihr Publikum zu informieren, zu engagieren und Beziehungen zu ihm aufzubauen. Es geht darum, Wert zu bieten, sei es durch informative Artikel, ansprechende Blogbeitr\u00e4ge oder unterhaltsame Geschichten. Im heutigen digitalen Marktplatz ist [&hellip;]<\/p>\n","protected":false},"author":3,"featured_media":0,"parent":16,"menu_order":0,"comment_status":"closed","ping_status":"closed","template":"","meta":{"_seopress_robots_primary_cat":"","_seopress_titles_title":"","_seopress_titles_desc":"","_seopress_robots_index":"","footnotes":""},"class_list":["post-169","page","type-page","status-publish","hentry"],"_links":{"self":[{"href":"https:\/\/www.bbm.co.nz\/de\/wp-json\/wp\/v2\/pages\/169"}],"collection":[{"href":"https:\/\/www.bbm.co.nz\/de\/wp-json\/wp\/v2\/pages"}],"about":[{"href":"https:\/\/www.bbm.co.nz\/de\/wp-json\/wp\/v2\/types\/page"}],"author":[{"embeddable":true,"href":"https:\/\/www.bbm.co.nz\/de\/wp-json\/wp\/v2\/users\/3"}],"replies":[{"embeddable":true,"href":"https:\/\/www.bbm.co.nz\/de\/wp-json\/wp\/v2\/comments?post=169"}],"version-history":[{"count":3,"href":"https:\/\/www.bbm.co.nz\/de\/wp-json\/wp\/v2\/pages\/169\/revisions"}],"predecessor-version":[{"id":202,"href":"https:\/\/www.bbm.co.nz\/de\/wp-json\/wp\/v2\/pages\/169\/revisions\/202"}],"up":[{"embeddable":true,"href":"https:\/\/www.bbm.co.nz\/de\/wp-json\/wp\/v2\/pages\/16"}],"wp:attachment":[{"href":"https:\/\/www.bbm.co.nz\/de\/wp-json\/wp\/v2\/media?parent=169"}],"curies":[{"name":"wp","href":"https:\/\/api.w.org\/{rel}","templated":true}]}}