{"id":16,"date":"2013-09-11T09:03:16","date_gmt":"2013-09-10T21:03:16","guid":{"rendered":"https:\/\/www.bbm.co.nz\/de\/our-services\/"},"modified":"2024-05-18T12:15:11","modified_gmt":"2024-05-18T00:15:11","slug":"our-services","status":"publish","type":"page","link":"https:\/\/www.bbm.co.nz\/de\/our-services\/","title":{"rendered":"Unsere Dienstleistungen"},"content":{"rendered":"\r\n<p>Beim BBM \u00dcbersetzungsdienst bieten wir eine breite Palette von Dienstleistungen an, um Ihren sprachlichen Anforderungen gerecht zu werden. Klicken Sie auf jede Dienstleistung, um mehr zu erfahren:<\/p>\r\n<ul>\r\n<li><a href=\"https:\/\/www.bbm.co.nz\/de\/our-services\/document-translation\/\"><strong>Dokumenten\u00fcbersetzung<\/strong>:<\/a> Wir bieten pr\u00e4zise und professionelle \u00dcbersetzungen f\u00fcr verschiedene Arten von Dokumenten an.<\/li>\r\n<li><a href=\"https:\/\/www.bbm.co.nz\/de\/our-services\/interpretation\/\"><strong>Dolmetschen<\/strong>:<\/a> Unsere erfahrenen Dolmetscher k\u00f6nnen die Kommunikation in verschiedenen Situationen erleichtern.<\/li>\r\n<li><a href=\"https:\/\/www.bbm.co.nz\/de\/our-services\/multilingual-copywriting-your-secret-weapon-in-the-global-market\/\"><strong>Mehrsprachiges Copywriting<\/strong><\/a>: Unsere talentierten Texter k\u00f6nnen \u00fcberzeugende und \u00fcberredende Inhalte in mehreren Sprachen erstellen, die auf Ihr Zielpublikum und Ihren Markt zugeschnitten sind.<\/li>\r\n<li><a href=\"https:\/\/www.bbm.co.nz\/de\/our-services\/multilingual-content-writing-your-key-to-global-engagement\/\"><strong>Mehrsprachiges Content Writing<\/strong><\/a>: Wir bieten Content Writing Dienstleistungen in verschiedenen Sprachen an und stellen sicher, dass Ihre Botschaft effektiv an verschiedene Zielgruppen kommuniziert wird.<\/li>\r\n<li><a href=\"https:\/\/www.bbm.co.nz\/de\/our-services\/video-transcript\/\"><strong>Video-Transkription<\/strong><\/a>: Wir k\u00f6nnen Ihre Videos transkribieren und \u00fcbersetzen, um ein breiteres Publikum zu erreichen.<\/li>\r\n<li><a href=\"https:\/\/www.bbm.co.nz\/de\/our-services\/software-localization\/\"><strong>Softwarelokalisierung<\/strong><\/a>: Wir k\u00f6nnen Ihnen helfen, Ihre Software f\u00fcr verschiedene Sprachen und Kulturen anzupassen.<\/li>\r\n<li><a href=\"https:\/\/www.bbm.co.nz\/de\/our-services\/dtp-desktop-publishing\/\"><strong>DTP (Desktop-Publishing)<\/strong><\/a>: Unsere DTP-Dienstleistungen k\u00f6nnen Ihnen helfen, professionelle und visuell ansprechende Dokumente in verschiedenen Sprachen zu erstellen.<\/li>\r\n<li><a href=\"https:\/\/www.bbm.co.nz\/de\/our-services\/scholarly-paper-polishing\/\"><strong>Wissenschaftliche Papier\u00fcberarbeitung<\/strong><\/a>: Wir k\u00f6nnen Ihnen helfen, Ihre Forschungsarbeiten f\u00fcr die Ver\u00f6ffentlichung zu verfeinern und zu polieren.<\/li>\r\n<li><a href=\"https:\/\/www.bbm.co.nz\/de\/our-services\/literature-screening\/\"><strong>Literaturscreening<\/strong><\/a>: Unser Team kann bei der Literaturrecherche und Berichterstellung in verschiedenen Sprachen helfen.<\/li>\r\n<li><a href=\"https:\/\/www.bbm.co.nz\/de\/our-services\/translation-training\/\"><strong>\u00dcbersetzungstraining<\/strong><\/a>: Wir bieten Schulungsprogramme f\u00fcr angehende \u00dcbersetzer und Dolmetscher an.<\/li>\r\n<li><a href=\"https:\/\/www.bbm.co.nz\/de\/our-services\/brand-promotion\/\"><strong>Markenf\u00f6rderung<\/strong><\/a>: Im Gegensatz zu traditionellen Markenf\u00f6rderungsstrategien nutzen wir unser sprachliches Fachwissen, um Ihr Markenimage zu verbessern.<\/li>\r\n<\/ul>\r\n<ul><\/ul>\r\n<p><img loading=\"lazy\" decoding=\"async\" class=\"alignnone size-full wp-image-1585\" src=\"https:\/\/www.bbm.co.nz\/wp-content\/uploads\/group_discussion2-jpg.webp\" alt=\"BBM Services\" width=\"1024\" height=\"1024\" \/><\/p>\r\n<!-- \/wp:list -->","protected":false},"excerpt":{"rendered":"<p>Beim BBM \u00dcbersetzungsdienst bieten wir eine breite Palette von Dienstleistungen an, um Ihren sprachlichen Anforderungen gerecht zu werden. Klicken Sie auf jede Dienstleistung, um mehr zu erfahren: Dokumenten\u00fcbersetzung: Wir bieten pr\u00e4zise und professionelle \u00dcbersetzungen f\u00fcr verschiedene Arten von Dokumenten an. Dolmetschen: Unsere erfahrenen Dolmetscher k\u00f6nnen die Kommunikation in verschiedenen Situationen erleichtern. Mehrsprachiges Copywriting: Unsere talentierten [&hellip;]<\/p>\n","protected":false},"author":3,"featured_media":0,"parent":0,"menu_order":0,"comment_status":"closed","ping_status":"closed","template":"","meta":{"_seopress_robots_primary_cat":"","_seopress_titles_title":"","_seopress_titles_desc":"","_seopress_robots_index":"","footnotes":""},"class_list":["post-16","page","type-page","status-publish","hentry"],"_links":{"self":[{"href":"https:\/\/www.bbm.co.nz\/de\/wp-json\/wp\/v2\/pages\/16"}],"collection":[{"href":"https:\/\/www.bbm.co.nz\/de\/wp-json\/wp\/v2\/pages"}],"about":[{"href":"https:\/\/www.bbm.co.nz\/de\/wp-json\/wp\/v2\/types\/page"}],"author":[{"embeddable":true,"href":"https:\/\/www.bbm.co.nz\/de\/wp-json\/wp\/v2\/users\/3"}],"replies":[{"embeddable":true,"href":"https:\/\/www.bbm.co.nz\/de\/wp-json\/wp\/v2\/comments?post=16"}],"version-history":[{"count":10,"href":"https:\/\/www.bbm.co.nz\/de\/wp-json\/wp\/v2\/pages\/16\/revisions"}],"predecessor-version":[{"id":198,"href":"https:\/\/www.bbm.co.nz\/de\/wp-json\/wp\/v2\/pages\/16\/revisions\/198"}],"wp:attachment":[{"href":"https:\/\/www.bbm.co.nz\/de\/wp-json\/wp\/v2\/media?parent=16"}],"curies":[{"name":"wp","href":"https:\/\/api.w.org\/{rel}","templated":true}]}}