{"id":15,"date":"2022-06-29T15:27:40","date_gmt":"2022-06-29T03:27:40","guid":{"rendered":"https:\/\/www.bbm.co.nz\/de\/our-clients\/"},"modified":"2024-05-18T11:43:29","modified_gmt":"2024-05-17T23:43:29","slug":"our-clients","status":"publish","type":"page","link":"https:\/\/www.bbm.co.nz\/de\/our-clients\/","title":{"rendered":"Unsere Kunden"},"content":{"rendered":"<p>Bei BBM Translation Service stehen unsere Kunden im Mittelpunkt all unserer Bem\u00fchungen. Wir sind uns bewusst, dass unser Gesch\u00e4ft ohne unsere Kunden nicht gedeihen w\u00fcrde. Deshalb legen wir gro\u00dfen Wert auf den Aufbau starker und langfristiger Beziehungen zu jedem einzelnen von ihnen.<\/p>\n<p>Unsere Kunden sind das Herzst\u00fcck unseres Unternehmens. Sie geben uns die M\u00f6glichkeit, unsere Expertise in \u00dcbersetzungsdienstleistungen unter Beweis zu stellen und einen bedeutenden Einfluss auf ihr Leben oder ihre Unternehmen zu nehmen. Ob es sich um die \u00dcbersetzung wichtiger Dokumente, die Lokalisierung von Inhalten f\u00fcr globale Zielgruppen oder die F\u00f6rderung der interkulturellen Kommunikation handelt, unsere Kunden vertrauen darauf, dass wir pr\u00e4zise und zuverl\u00e4ssige L\u00f6sungen liefern, die auf ihre Bed\u00fcrfnisse zugeschnitten sind.<\/p>\n<p>Dar\u00fcber hinaus betrachten wir unsere Kunden nicht nur als Transaktionen; sie sind Partner auf dem Weg zum gemeinsamen Erfolg. Wir sch\u00e4tzen ihr Feedback, ihre Einsichten und ihre einzigartigen Perspektiven, die uns helfen, unsere Dienstleistungen kontinuierlich zu verbessern und zu innovieren. Indem wir auf unsere Kunden h\u00f6ren und ihre Ziele und Herausforderungen verstehen, k\u00f6nnen wir unsere Angebote besser auf ihre Erwartungen ausrichten und \u00fcbertreffen.<\/p>\n<p>Bei BBM Translation Service erkennen wir, dass das Gewinnen und Aufrechterhalten des Vertrauens unserer Kunden von gr\u00f6\u00dfter Bedeutung ist. Deshalb streben wir in allen Bereichen unserer T\u00e4tigkeit nach Exzellenz, von der Qualit\u00e4t unserer \u00dcbersetzer bis hin zur Effizienz unserer Projektmanagementprozesse. Unser Ziel ist es, unseren Kunden ein nahtloses und au\u00dfergew\u00f6hnliches Erlebnis zu bieten, um ihre Zufriedenheit und Loyalit\u00e4t in den kommenden Jahren zu gew\u00e4hrleisten.<\/p>\n<p>Erkunden Sie weitere Informationen \u00fcber unsere <a href=\"https:\/\/www.bbm.co.nz\/de\/our-clients\/some-of-our-esteemed-clients\/\"><strong>Kundenliste<\/strong><\/a> und <a href=\"https:\/\/www.bbm.co.nz\/de\/our-clients\/client-testimonials\/\"><strong>Kundenreferenzen<\/strong><\/a>.<\/p>\n<p><img loading=\"lazy\" decoding=\"async\" class=\"alignnone size-full wp-image-1596\" src=\"https:\/\/www.bbm.co.nz\/wp-content\/uploads\/clients-jpg.webp\" alt=\"BBM Clients\" width=\"1024\" height=\"1024\" \/><\/p>\n","protected":false},"excerpt":{"rendered":"<p>Bei BBM Translation Service stehen unsere Kunden im Mittelpunkt all unserer Bem\u00fchungen. Wir sind uns bewusst, dass unser Gesch\u00e4ft ohne unsere Kunden nicht gedeihen w\u00fcrde. Deshalb legen wir gro\u00dfen Wert auf den Aufbau starker und langfristiger Beziehungen zu jedem einzelnen von ihnen. Unsere Kunden sind das Herzst\u00fcck unseres Unternehmens. Sie geben uns die M\u00f6glichkeit, unsere [&hellip;]<\/p>\n","protected":false},"author":3,"featured_media":0,"parent":0,"menu_order":0,"comment_status":"closed","ping_status":"closed","template":"","meta":{"_seopress_robots_primary_cat":"","_seopress_titles_title":"","_seopress_titles_desc":"","_seopress_robots_index":"","footnotes":""},"class_list":["post-15","page","type-page","status-publish","hentry"],"_links":{"self":[{"href":"https:\/\/www.bbm.co.nz\/de\/wp-json\/wp\/v2\/pages\/15"}],"collection":[{"href":"https:\/\/www.bbm.co.nz\/de\/wp-json\/wp\/v2\/pages"}],"about":[{"href":"https:\/\/www.bbm.co.nz\/de\/wp-json\/wp\/v2\/types\/page"}],"author":[{"embeddable":true,"href":"https:\/\/www.bbm.co.nz\/de\/wp-json\/wp\/v2\/users\/3"}],"replies":[{"embeddable":true,"href":"https:\/\/www.bbm.co.nz\/de\/wp-json\/wp\/v2\/comments?post=15"}],"version-history":[{"count":11,"href":"https:\/\/www.bbm.co.nz\/de\/wp-json\/wp\/v2\/pages\/15\/revisions"}],"predecessor-version":[{"id":194,"href":"https:\/\/www.bbm.co.nz\/de\/wp-json\/wp\/v2\/pages\/15\/revisions\/194"}],"wp:attachment":[{"href":"https:\/\/www.bbm.co.nz\/de\/wp-json\/wp\/v2\/media?parent=15"}],"curies":[{"name":"wp","href":"https:\/\/api.w.org\/{rel}","templated":true}]}}