{"id":141,"date":"2024-02-19T16:37:59","date_gmt":"2024-02-19T03:37:59","guid":{"rendered":"https:\/\/www.bbm.co.nz\/de\/our-clients\/some-of-our-esteemed-clients\/"},"modified":"2024-05-18T12:03:29","modified_gmt":"2024-05-18T00:03:29","slug":"some-of-our-esteemed-clients","status":"publish","type":"page","link":"https:\/\/www.bbm.co.nz\/de\/our-clients\/some-of-our-esteemed-clients\/","title":{"rendered":"Einige unserer gesch\u00e4tzten Kunden"},"content":{"rendered":"<p>Bei BBM sind wir stolz darauf, starke Partnerschaften mit einer vielf\u00e4ltigen Auswahl von gesch\u00e4tzten Kunden aus verschiedenen Branchen aufgebaut zu haben. Einige unserer gesch\u00e4tzten Kunden sind:<\/p>\n<p><img loading=\"lazy\" decoding=\"async\" class=\"alignnone wp-image-1571\" src=\"https:\/\/www.bbm.co.nz\/wp-content\/uploads\/customer_list-1-jpg.webp\" alt=\"Customer List 1\" width=\"575\" height=\"312\" \/><\/p>\n<p><img loading=\"lazy\" decoding=\"async\" class=\"alignnone size-full wp-image-1572\" src=\"https:\/\/www.bbm.co.nz\/wp-content\/uploads\/customer_logos-jpeg.webp\" alt=\"Customer List 2\" width=\"570\" height=\"386\" \/><\/p>\n<p><!-- \/wp:image --><\/p>\n","protected":false},"excerpt":{"rendered":"<p>Bei BBM sind wir stolz darauf, starke Partnerschaften mit einer vielf\u00e4ltigen Auswahl von gesch\u00e4tzten Kunden aus verschiedenen Branchen aufgebaut zu haben. Einige unserer gesch\u00e4tzten Kunden sind:<\/p>\n","protected":false},"author":3,"featured_media":0,"parent":15,"menu_order":0,"comment_status":"closed","ping_status":"closed","template":"","meta":{"_seopress_robots_primary_cat":"","_seopress_titles_title":"","_seopress_titles_desc":"","_seopress_robots_index":"","footnotes":""},"class_list":["post-141","page","type-page","status-publish","hentry"],"_links":{"self":[{"href":"https:\/\/www.bbm.co.nz\/de\/wp-json\/wp\/v2\/pages\/141"}],"collection":[{"href":"https:\/\/www.bbm.co.nz\/de\/wp-json\/wp\/v2\/pages"}],"about":[{"href":"https:\/\/www.bbm.co.nz\/de\/wp-json\/wp\/v2\/types\/page"}],"author":[{"embeddable":true,"href":"https:\/\/www.bbm.co.nz\/de\/wp-json\/wp\/v2\/users\/3"}],"replies":[{"embeddable":true,"href":"https:\/\/www.bbm.co.nz\/de\/wp-json\/wp\/v2\/comments?post=141"}],"version-history":[{"count":2,"href":"https:\/\/www.bbm.co.nz\/de\/wp-json\/wp\/v2\/pages\/141\/revisions"}],"predecessor-version":[{"id":197,"href":"https:\/\/www.bbm.co.nz\/de\/wp-json\/wp\/v2\/pages\/141\/revisions\/197"}],"up":[{"embeddable":true,"href":"https:\/\/www.bbm.co.nz\/de\/wp-json\/wp\/v2\/pages\/15"}],"wp:attachment":[{"href":"https:\/\/www.bbm.co.nz\/de\/wp-json\/wp\/v2\/media?parent=141"}],"curies":[{"name":"wp","href":"https:\/\/api.w.org\/{rel}","templated":true}]}}