{"id":140,"date":"2024-02-19T16:39:25","date_gmt":"2024-02-19T03:39:25","guid":{"rendered":"https:\/\/www.bbm.co.nz\/de\/our-clients\/client-testimonials\/"},"modified":"2024-05-18T11:56:37","modified_gmt":"2024-05-17T23:56:37","slug":"client-testimonials","status":"publish","type":"page","link":"https:\/\/www.bbm.co.nz\/de\/our-clients\/client-testimonials\/","title":{"rendered":"Kundenmeinungen"},"content":{"rendered":"\r\n<h2>Kundenfeedback<\/h2>\r\n<div class=\"content\" tabindex=\"0\" aria-description=\"\">\r\n<div class=\"ac-container ac-adaptiveCard\">\r\n<p><em><a href=\"https:\/\/www.bbm.co.nz\/wp-content\/uploads\/Hands.png\"><img loading=\"lazy\" decoding=\"async\" class=\"alignnone  wp-image-1570\" src=\"https:\/\/www.bbm.co.nz\/wp-content\/uploads\/hands-jpg.webp\" alt=\"hands\" width=\"52\" height=\"34\" \/>\u00a0 \u00a0&#8222;Wir sch\u00e4tzen sehr die ausgezeichnete Qualit\u00e4t der \u00dcbersetzung.&#8220;<br \/><\/a><\/em>\u00a0 \u00a0 \u00a0 \u00a0 \u00a0 \u00a0 \u00a0 \u00a0 \u00a0 \u00a0 \u00a0 \u00a0 \u00a0 \u00a0 \u00a0 \u00a0 \u00a0 \u00a0 \u00a0\u2013 Ein Kunde von GE HealthCare, Oktober 2023<\/p>\r\n<\/div>\r\n<div>\u00a0<\/div>\r\n<p><em><a href=\"https:\/\/www.bbm.co.nz\/wp-content\/uploads\/Hands.png\"><img loading=\"lazy\" decoding=\"async\" class=\"alignnone  wp-image-1570\" src=\"https:\/\/www.bbm.co.nz\/wp-content\/uploads\/hands-jpg.webp\" alt=\"hands\" width=\"52\" height=\"34\" \/>\u00a0 \u00a0&#8222;Unsere erste Zusammenarbeit bei der Literatursichtung und Berichterstattung war ein Erfolg. Wir freuen uns auf weitere Zusammenarbeit in Zukunft.&#8220;<\/a><\/em><br \/>\u00a0 \u00a0 \u00a0 \u00a0 \u00a0 \u00a0 \u00a0 \u00a0 \u00a0 \u00a0 \u00a0 \u00a0 \u00a0 \u00a0 \u00a0 \u00a0 \u00a0 \u00a0 \u00a0 \u2013 Ein Kunde von der Huide Group, November 2023<\/p>\r\n<\/div>\r\n<div class=\"ac-textBlock\">\u00a0<\/div>\r\n<p><em><a href=\"https:\/\/www.bbm.co.nz\/wp-content\/uploads\/Hands.png\"><img loading=\"lazy\" decoding=\"async\" class=\"alignnone  wp-image-1570\" src=\"https:\/\/www.bbm.co.nz\/wp-content\/uploads\/hands-jpg.webp\" alt=\"hands\" width=\"52\" height=\"34\" \/>\u00a0 \u00a0&#8222;Sie haben uns und unseren Kunden so sehr geholfen. Vielen Dank f\u00fcr Ihre Professionalit\u00e4t und Fachkenntnis.&#8220;<\/a><\/em><br \/>\u00a0 \u00a0 \u00a0 \u00a0 \u00a0 \u00a0 \u00a0 \u00a0 \u00a0 \u00a0 \u00a0 \u00a0 \u00a0 \u00a0 \u00a0 \u00a0 \u00a0 \u00a0 \u00a0 \u2013 Ein Kunde von AbacusBio, Dezember 2023<\/p>\r\n<div>\u00a0<\/div>\r\n<hr \/>\r\n<p>&nbsp;<\/p>\r\n<h2>Externe Referenzen<\/h2>\r\n<p><em><a href=\"https:\/\/www.bbm.co.nz\/wp-content\/uploads\/Hands.png\"><img loading=\"lazy\" decoding=\"async\" class=\"alignnone  wp-image-1570\" src=\"https:\/\/www.bbm.co.nz\/wp-content\/uploads\/hands-jpg.webp\" alt=\"hands\" width=\"52\" height=\"34\" \/>\u00a0 \u00a0<\/a><\/em>Von GoodFirms als eine der besten \u00dcbersetzungsunternehmen in Auckland gelistet.<br \/>\u00a0 \u00a0 \u00a0 \u00a0 \u00a0 \u00a0 \u00a0 \u00a0F\u00fcr Details hier klicken: <a href=\"https:\/\/www.goodfirms.co\/company\/bbm-translation\">https:\/\/www.goodfirms.co\/company\/bbm-translation<\/a>.\u00a0<\/p>\r\n<p>&nbsp;<\/p>\r\n<p><em><a href=\"https:\/\/www.bbm.co.nz\/wp-content\/uploads\/Hands.png\"><img loading=\"lazy\" decoding=\"async\" class=\"alignnone  wp-image-1570\" src=\"https:\/\/www.bbm.co.nz\/wp-content\/uploads\/hands-jpg.webp\" alt=\"hands\" width=\"52\" height=\"34\" \/>\u00a0 \u00a0<\/a><\/em>Auf KiwiBiz gelistet.<br \/>\u00a0 \u00a0 \u00a0 \u00a0 \u00a0 \u00a0 \u00a0 \u00a0F\u00fcr Details hier klicken: <a href=\"https:\/\/www.kiwibizinfo.com\/auckland-bbm-translation-service-09-537-4366\">https:\/\/www.kiwibizinfo.com\/auckland-bbm-translation-service-09-537-4366<\/a>.\u00a0<\/p>\r\n<p>&nbsp;<\/p>\r\n<p><em><a href=\"https:\/\/www.bbm.co.nz\/wp-content\/uploads\/Hands.png\"><img loading=\"lazy\" decoding=\"async\" class=\"alignnone  wp-image-1570\" src=\"https:\/\/www.bbm.co.nz\/wp-content\/uploads\/hands-jpg.webp\" alt=\"hands\" width=\"52\" height=\"34\" \/>\u00a0 \u00a0<\/a><\/em>Auf Lisnic gelistet und empfohlen.<br \/>\u00a0 \u00a0 \u00a0 \u00a0 \u00a0 \u00a0 \u00a0 \u00a0F\u00fcr Details hier klicken: <a href=\"https:\/\/www.lisnic.com\/business-profile\/bbm-translation\">https:\/\/www.lisnic.com\/business-profile\/bbm-translation<\/a>.<\/p>\r\n<p>&nbsp;<\/p>\r\n<p><em><a href=\"https:\/\/www.bbm.co.nz\/wp-content\/uploads\/Hands.png\"><img loading=\"lazy\" decoding=\"async\" class=\"alignnone  wp-image-1570\" src=\"https:\/\/www.bbm.co.nz\/wp-content\/uploads\/hands-jpg.webp\" alt=\"hands\" width=\"52\" height=\"34\" \/>\u00a0 \u00a0<\/a><\/em>Auf Skykiwi.com gelistet.<br \/>\u00a0 \u00a0 \u00a0 \u00a0 \u00a0 \u00a0 \u00a0 \u00a0F\u00fcr Details hier klicken: <a href=\"http:\/\/wap.skykiwi.com\/detail\/177200.shtml\">http:\/\/wap.skykiwi.com\/detail\/177200.shtml<\/a>.\u00a0<\/p>\r\n<p>&nbsp;<\/p>\r\n<p><em><a href=\"https:\/\/www.bbm.co.nz\/wp-content\/uploads\/Hands.png\"><img loading=\"lazy\" decoding=\"async\" class=\"alignnone  wp-image-1570\" src=\"https:\/\/www.bbm.co.nz\/wp-content\/uploads\/hands-jpg.webp\" alt=\"hands\" width=\"52\" height=\"34\" \/>\u00a0 \u00a0<\/a><\/em>Auf Skykiwi Mobile gelistet.<br \/>\u00a0 \u00a0 \u00a0 \u00a0 \u00a0 \u00a0 \u00a0 \u00a0F\u00fcr Details hier klicken: <a href=\"http:\/\/mobile.skykiwi.com\/search\/getshopDetail?id=6722&amp;rootId=13.\">http:\/\/mobile.skykiwi.com\/search\/getshopDetail?id=6722&amp;rootId=13.<\/a><\/p>\r\n<p>&nbsp;<\/p>\r\n<p><em><a href=\"https:\/\/www.bbm.co.nz\/wp-content\/uploads\/Hands.png\"><img loading=\"lazy\" decoding=\"async\" class=\"alignnone  wp-image-1570\" src=\"https:\/\/www.bbm.co.nz\/wp-content\/uploads\/hands-jpg.webp\" alt=\"hands\" width=\"52\" height=\"34\" \/>\u00a0 \u00a0<\/a><\/em>Auf Cloodo.com gelistet.<br \/>\u00a0 \u00a0 \u00a0 \u00a0 \u00a0 \u00a0 \u00a0 \u00a0F\u00fcr Details hier klicken: <a href=\"http:\/\/mobile.skykiwi.com\/search\/getshopDetail?id=6722&amp;rootId=13.\">https:\/\/cloodo.com\/agency\/bbm-translation.<\/a><\/p>","protected":false},"excerpt":{"rendered":"","protected":false},"author":3,"featured_media":0,"parent":15,"menu_order":0,"comment_status":"closed","ping_status":"closed","template":"","meta":{"_seopress_robots_primary_cat":"","_seopress_titles_title":"","_seopress_titles_desc":"\u00a0\"Wir sch\u00e4tzen sehr die ausgezeichnete Qualit\u00e4t der \u00dcbersetzung.\"","_seopress_robots_index":"","footnotes":""},"class_list":["post-140","page","type-page","status-publish","hentry"],"_links":{"self":[{"href":"https:\/\/www.bbm.co.nz\/de\/wp-json\/wp\/v2\/pages\/140"}],"collection":[{"href":"https:\/\/www.bbm.co.nz\/de\/wp-json\/wp\/v2\/pages"}],"about":[{"href":"https:\/\/www.bbm.co.nz\/de\/wp-json\/wp\/v2\/types\/page"}],"author":[{"embeddable":true,"href":"https:\/\/www.bbm.co.nz\/de\/wp-json\/wp\/v2\/users\/3"}],"replies":[{"embeddable":true,"href":"https:\/\/www.bbm.co.nz\/de\/wp-json\/wp\/v2\/comments?post=140"}],"version-history":[{"count":9,"href":"https:\/\/www.bbm.co.nz\/de\/wp-json\/wp\/v2\/pages\/140\/revisions"}],"predecessor-version":[{"id":196,"href":"https:\/\/www.bbm.co.nz\/de\/wp-json\/wp\/v2\/pages\/140\/revisions\/196"}],"up":[{"embeddable":true,"href":"https:\/\/www.bbm.co.nz\/de\/wp-json\/wp\/v2\/pages\/15"}],"wp:attachment":[{"href":"https:\/\/www.bbm.co.nz\/de\/wp-json\/wp\/v2\/media?parent=140"}],"curies":[{"name":"wp","href":"https:\/\/api.w.org\/{rel}","templated":true}]}}